{"id":10284,"date":"2016-03-30T17:47:32","date_gmt":"2016-03-30T15:47:32","guid":{"rendered":"http:\/\/www.epicskitour.com\/de\/?page_id=10284"},"modified":"2018-12-21T11:56:38","modified_gmt":"2018-12-21T10:56:38","slug":"reglement","status":"publish","type":"page","link":"https:\/\/www.epicskitour.com\/de\/reglement\/","title":{"rendered":"Reglement"},"content":{"rendered":"<div class=\"wpb-content-wrapper\"><p>[vc_row full_width=&#8220;stretch_row_content_no_spaces&#8220; center_row=&#8220;yes&#8220; el_class=&#8220;custom-sticky-wrap&#8220; css=&#8220;.vc_custom_1461328774326{border-bottom-width: 0px !important;padding-top: 0px !important;padding-right: 0px !important;padding-bottom: 0px !important;padding-left: 0px !important;}&#8220;][vc_column][vc_wp_custommenu nav_menu=&#8220;75&#8243; el_class=&#8220;sticky-menu&#8220;][\/vc_column][\/vc_row][vc_row el_id=&#8220;info&#8220;][vc_column]<div class=\"zozo-parallax-header wpb_animate_when_almost_visible wpb_bottom-to-top\"><div class=\"parallax-header\"><h4 class=\"parallax-title text-left\">ALLGEMEINES zu LA SPORITVA EPIC SKI TOUR<\/h4><div class=\"parallax-desc default-style text-left\"><h5>1 &#8211; Veranstalter<\/h5>\n<p>Curtes Sportevents Marketing Sas<\/p>\n<p><img loading=\"lazy\" decoding=\"async\" class=\"alignnone size-medium wp-image-9984\" src=\"http:\/\/www.epicskitour.com\/wp-content\/uploads\/2015\/10\/sponsor-curtes-1.png\" alt=\"sponsor-curtes\" width=\"166\" height=\"69\" srcset=\"https:\/\/www.epicskitour.com\/wp-content\/uploads\/2015\/10\/sponsor-curtes-1.png 166w, https:\/\/www.epicskitour.com\/wp-content\/uploads\/2015\/10\/sponsor-curtes-1-128x53.png 128w, https:\/\/www.epicskitour.com\/wp-content\/uploads\/2015\/10\/sponsor-curtes-1-32x13.png 32w\" sizes=\"(max-width: 166px) 100vw, 166px\" \/><\/p>\n<h5>2 &#8211; Teilnahmebedingungen<\/h5>\n<p>Teilnahmeberechtigt sind alle Athleten\/Innen, die am Tag des ersten Rennens das 18. Lebensjahr vollendet haben. Die Teilnehmer\/Innen m\u00fcssen die physischen Voraussetzungen zur Teilnahme an Wettk\u00e4mpfen mit Hochleistungsanforderung erf\u00fcllen, die von den jeweiligen Herkunftsl\u00e4ndern festgelegt sind. Alle nicht verbandsm\u00e4\u00dfig erfassten Teilnehmer\/Innen sind verpflichtet, das sport\u00e4rztliche Zeugnis bei Entgegennahme der Startnummer vorzuweisen. Bei Nichterf\u00fcllung der obigen Anforderungen erhalten die Teilnehmer\/Innen keine Starterlaubnis. Es gibt keinen Anspruch auf R\u00fcckerstattung des Startgeldes. Jede\/r Teilnehmer\/in akzeptiert den Haftungsausschluss des Organisationskomitees bedingungslos. Die Teilnahme am Rennen erfolgt auf eigenes Risiko.<\/p>\n<h5>3 &#8211; Austragungsort, Datum, Uhrzeit, Start-Ziel<\/h5>\n<p>Der Start findet in verschiedenen Startgruppen statt:<\/p>\n<ul>\n<li>Freitag, 22. Februar 2019: 17.30 Uhr, Alpe Cermis<\/li>\n<li>Samstag, 23.\u00a0Februar 2019: 09.00 Uhr, Bellamonte<\/li>\n<\/ul>\n<h5>4 &#8211; Zeitlimit<\/h5>\n<p>F\u00fcr jede Etappe ist eine Sollzeit festgelegt.<br \/>\nTeilnehmer die die einzelnen Teilzeiten nicht in der Sollzeit erreichen werden in jedem Fall ausgeschlossen und scheinen nicht in der Endwertung auf.<\/p>\n<h5>5 &#8211; Klasseneinteilung<\/h5>\n<p>Damen: Overall, Master (&gt; 40)<br \/>\nHerren: Overall, Master (&gt; 40), Grand Master (&gt;50)<\/p>\n<h5>6 &#8211; Preisgelder &#8211; Pr\u00e4mierung<\/h5>\n<p>Es werden insgesamt \u20ac 18.000,00 an Preisgelder ausgesch\u00fcttet<br \/>\nSiehe Men\u00fcpunkt Preisgelder:<\/p>\n<h5>7 &#8211; Startnummernausgabe<\/h5>\n<p>Die Startnummernausgabe erfolgt am<br \/>\nFreitag, 22.02.2019 von 09.00 bis 15.00 Uhr (Palafiemme &#8211; Cavalese) \/ von 16.00 bis 17.00 Uhr (<span id=\"noHighlight_0.4254788508261803\">Talstation\/Alpe Cermis<\/span>)<em><br \/>\n<\/em>Samstag, 23.02.2019 von 07.00 Uhr bis 08.30 Uhr (Bellamonte)<br \/>\nBitte bei der Startnummernausgabe das g\u00fcltige sport\u00e4rztliche Attest vorlegen. Startnummern d\u00fcrfen nicht an andere Personen weitergegeben werden.<\/p>\n<h5>8 &#8211; Siegerehrung und Preisverteilung<\/h5>\n<p>Die Siegerehrung findet jeden Abend im Rahmen der Pasta Party statt (20.30 Uhr, Palafiemme).<\/p>\n<h5>9 &#8211; Ver\u00f6ffentlichung der Ergebnisliste<\/h5>\n<p>Die Ergebnislisten werden nach dem Wettkampf im Internet ver\u00f6ffentlicht <a href=\"http:\/\/www.epicskitour.com\">demo.epicskitour.com<\/a><\/p>\n<h5>10 &#8211; Zeitnehmung<\/h5>\n<p>Die Zeitnehmung erfolgt durch das Unternehmen SDAM. Es wird ein Chip System verwendet.<\/p>\n<h5>11 &#8211; Privacy<\/h5>\n<p>Die bei der Anmeldung angegebenen personenbezogenen Daten von Teilnehmern werden gespeichert und nur zum Zweck der Durchf\u00fchrung und Abwicklung der Veranstaltung bearbeitet. Mit der Anmeldung willigt der Teilnehmer in eine Speicherung der Daten ein.<br \/>\nDer Teilnehmer erkl\u00e4rt sich damit einverstanden, dass die erhobenen personenbezogenen Daten an Dritte zum Zweck der Zeitmessung, Erstellung und Aushang der Ergebnislisten sowie die Einstellungen dieser Listen auf die Homepage weitergeben werden. Mit Anmeldung wird der Ver\u00f6ffentlichung dieser Daten durch den Veranstalter in allen relevanten Medien (Homepage, Printmedien und Internet) zugestimmt. Der Veranstalter erkl\u00e4rt sich mit der Anmeldung einverstanden, dass die in der Meldung angegebenen personenbezogenen Daten gespeichert und die im Zusammenhang mit EPIC Ski Tour gemachten Fotos und Filmaufnahmen ohne Verg\u00fctungsanspruch genutzt und ver\u00f6ffentlicht werden d\u00fcrfen.<br \/>\nFolgend finden Sie den Link f\u00fcr die von uns vorgesehene Handhabung des Datenschutzes:\u00a0<a href=\"https:\/\/www.endu.net\/it\/privacy\">https:\/\/www.endu.net\/it\/privacy<\/a><\/p>\n<\/div><\/div><\/div>[vc_separator][\/vc_column][\/vc_row][vc_row el_id=&#8220;subscription&#8220;][vc_column]<div class=\"zozo-parallax-header wpb_animate_when_almost_visible wpb_bottom-to-top\"><div class=\"parallax-header\"><h4 class=\"parallax-title text-left\">ANMELDUNG<\/h4><div class=\"parallax-desc default-style text-left\"><h5>1 &#8211; Anmeldung:<\/h5>\n<p>Die Anmeldung f\u00fcr La Sportiva EPIC Ski Tour muss ONLINE (demo.epicskitour.com) vorgenommen werden. Die Bezahlung erfolgt per Kreditkarte, Bank\u00fcberweisung oder Paypal.<\/p>\n<p>INFO:<br \/>\n<a href=\"mailto:info@epicskitour.com\">info@epicskitour.com<\/a><\/p>\n<p>Die Einschreibung ist erst nach erhalt der Teilnahmegeb\u00fchr g\u00fcltig. Die Anmeldung zu La Sportiva EPIC Ski Tour ist pers\u00f6nlich. Bei Namens\u00e4nderung eines Athleten wird eine Bearbeitungsgeb\u00fchr von 25,00 \u20ac eingehoben.<\/p>\n<h5>2 &#8211; Teilnahmegeb\u00fchr:<\/h5>\n<p>Die Teilnahmegeb\u00fchr ist:<\/p>\n<ul>\n<li>vom <strong>10.12.2018<\/strong> bis <strong>21.02.2019<\/strong>: <strong>79,00 \u20ac<\/strong> + 10,00 \u20ac Kaution f\u00fcr den Chip<\/li>\n<\/ul>\n<p>(die Kaution f\u00fcr den Chip wird bei Abgabe am Ende der Veranstaltung r\u00fcckerstattet).<\/p>\n<h5>3 &#8211; Zahlung:<\/h5>\n<p>Die Zahlung der Teilnahmegeb\u00fchr muss auf unserem Konto vor Start der ersten Etappe eingehen.<\/p>\n<h5>4 &#8211; Stornierung:<\/h5>\n<p>Die einbezahlte Anmeldegeb\u00fchr wird grunds\u00e4tzlich NICHT r\u00fcckerstattet. Ausgenommen sind Athleten\/Innen, welche durch Krankheit oder Verletzung nicht starten k\u00f6nnen und ein \u00e4rztliches Attest vorlegen.<br \/>\nBei einer Verk\u00fcrzung der Strecken oder Absage des Rennens durch h\u00f6here Gewalt wird die Anmeldegeb\u00fchr NICHT r\u00fcckerstattet und auch nicht f\u00fcr das folgende Jahr gutgeschrieben.<\/p>\n<h5>5 &#8211; Anmeldeschluss:<\/h5>\n<p>Anmeldeschluss f\u00fcr La Sportiva EPIC Ski Tour ist am <strong>21.02.2019<\/strong>.<br \/>\nDas Organisationskomitee beh\u00e4lt sich das Recht vor in Ausnahmef\u00e4llen Anmeldungen nach dem oben genannten Datum zu akzeptieren.<\/p>\n<p>F\u00fcr weitere Informationen:<br \/>\n<a href=\"mailto:info@epicskitour.com\">info@epicskitour.com<\/a><\/p>\n<\/div><\/div><\/div>[vc_separator][\/vc_column][\/vc_row][vc_row el_id=&#8220;materials&#8220;][vc_column]<div class=\"zozo-parallax-header wpb_animate_when_almost_visible wpb_bottom-to-top\"><div class=\"parallax-header\"><h4 class=\"parallax-title text-left\">AUSR\u00dcSTUNG<\/h4><div class=\"parallax-desc default-style text-left\"><h5>1- Ski<\/h5>\n<p>Ein paar Skitouren Ski mit Metallkanten (mindestens 90% der L\u00e4nge). Die Mindestbreite betr\u00e4gt 60 mm unter dem Fu\u00df, Skispitze 80 mm, Skiende 70 mm. Die Mindestl\u00e4nge der Ski ist f\u00fcr Herren 160 cm und f\u00fcr Damen 150 cm. Die Ski werden mit der \u201eRolling\u201c Methode vermessen.<\/p>\n<h5>2 &#8211; Skitouren Schuhe<\/h5>\n<ul>\n<li>Die Skitouren Schuhe m\u00fcssen mindestens \u00fcber den Kn\u00f6chel reichen und auf mind. 75% der Sohlenfl\u00e4che eine Mindestprofiltiefe von 4mm aufweisen.<\/li>\n<li>Jeder Schuh muss \u00fcber findestens 2 unabh\u00e4ngige Verschlusssysteme verf\u00fcgen<\/li>\n<li>Der Schuh muss mindestens \u00fcber 8 St\u00f6ckel\/Kerben auf der Ferse und 15 unter dem vorderen. Teil der Sohle mit einer Mindestfl\u00e4che von 1 cm2 verf\u00fcgen<\/li>\n<li>Der Schuh muss mit einem Verriegelungssystem f\u00fcr die Neigung zwischen Schuh und Schaft versehen sein<\/li>\n<li>Die Schuhe m\u00fcssen \u00fcber ein System verf\u00fcgen, welches die Anbringung von Steigeisen erlaubt<\/li>\n<li>Langlaufschuhe oder -bindungen oder \u00e4hnliches sind strengstens verboten<\/li>\n<li>Die Nutzung\/Befestigung von Klebeband auf den Skitouren Schuhen ist verboten<\/li>\n<li>Modifikationen der Schuhe durch einen anderen Hersteller sind nur gestattet wenn es zwischen den beiden Herstellern eine formale Absprache gibt. Es bedarf dazu eine schriftliche. Best\u00e4tigung von Seiten der Partei die den Schuh modifiziert<\/li>\n<li>Die Sohle jedes einzelnen Schuhes m\u00fcssen zu 100% mit einem Profil bedeckt sein<\/li>\n<li>Mindestgewicht der Schuhe:<br \/>\n&#8211; Herren: 500 Gramm (1.000 Gramm das Paar)<br \/>\n&#8211; Damen: 450 Gramm (900 Gramm das Paar)<\/li>\n<\/ul>\n<h5>3 &#8211; Bindung<\/h5>\n<ul>\n<li>Die Bindung muss \u00fcber Fersenfreiheit f\u00fcr den Aufstieg und eine Schlussmechanismus f\u00fcr Abfahrten verf\u00fcgen.<\/li>\n<li>Die Bindung muss \u00fcber eine frontale und seitliche Ausl\u00f6sung verf\u00fcgen<\/li>\n<li>Schuhe und Bindung m\u00fcssen wie vom Hersteller beschrieben montiert und eingestellt werden um eine optimale Funktion sowie den bestm\u00f6glichen Schutz zu bieten.<\/li>\n<li>Mindestgewicht f\u00fcr Ski und Bindung:<br \/>\n&#8211; Herren: 750 Gramm (1.500 Gramm das Paar)<br \/>\n&#8211; Damen: 700 Gramm (1.400 Gramm das Paar)<\/li>\n<li>Gemischte Bindungen (Vorder- und Hinterteil der Bindung von verschiedenen Herstellern) sind verboten<\/li>\n<\/ul>\n<h5>4 &#8211; St\u00f6cke<\/h5>\n<p>Ein paar St\u00f6cke mit einem maximal Durchmesser von 25 mm (Metallteller sind verboten)<\/p>\n<h5>5 &#8211; Rettungsdecke<\/h5>\n<p>Eine Rettungsdecke, mindestens 1,8m\u00b2 gro\u00df<\/p>\n<h5>6 &#8211; VS-Ger\u00e4t<\/h5>\n<p>Ein VS-Ger\u00e4t (457 MHz), konform mit den internationalen Normen (EN 300718). Es muss am K\u00f6rper getragen werden, und w\u00e4hrend den Wettk\u00e4mpfen eingeschaltet sein!<\/p>\n<h5>7 &#8211; Lawinenschaufel<\/h5>\n<p>Lawinenschaufel mit Stiel, mind. 0,04m\u00b2 Blattgr\u00f6\u00dfe, Stiel mit L- oder T-Griff, mind. 50cm L\u00e4nge.<\/p>\n<h5>8 &#8211; Lawinensonde<\/h5>\n<p>Die Lawinensonde muss mindestens 240 mm lang sein und \u00fcber einen Durchmesser von mindestens 10 mm verf\u00fcgen.<\/p>\n<h5>9 &#8211; Rucksack<\/h5>\n<p>Jeder Teilnehmer muss einen Rucksack mit sich tragen, der die M\u00f6glichkeit bietet die Ski mittels zweier B\u00e4nder zu befestigen. Der Rucksack muss so gro\u00df sein, dass die gesamte Ausr\u00fcstung die vom Reglement vorgesehen ist, darin verstaut werden kann. Es ist nicht erlaubt Materialen au\u00dferhalb des Rucksacks zu Transportieren, au\u00dfer Ski, Bindung und Schuhe.<\/p>\n<h5>10 &#8211; Felle<\/h5>\n<p>Aus Gr\u00fcnden des Umweltschutzes ist es strengstens Verboten Klebeband oder \u00e4hnliche Materialien an den Fellen zu bel\u00e4stigen um die Gleitf\u00e4higkeit zu Verbessern. Die Felle m\u00fcssen mindestens 50% der breite sowie 50% der L\u00e4nge der Ski Bedecken. Die Teilnehmer m\u00fcssen zudem ein zweites Paar Felle mit sich tragen (Ersatz).<\/p>\n<h5>11 &#8211; Bekleidung<\/h5>\n<ul>\n<li>Bekleidung Unterk\u00f6rper: Zwei lange Schichten, eine davon als Windstopper (am K\u00f6rper oder im Rucksack)<\/li>\n<li>Bekleidung Oberk\u00f6rper: drei Schichten, eine davon lang\u00e4rmlig (am K\u00f6rper) und eine davon als Windstopper (am K\u00f6rper oder im Rucksack &#8211; Primaloft, Softshell oder Daune)<\/li>\n<\/ul>\n<h5>12 &#8211; Helm<\/h5>\n<p>W\u00e4hrend des gesamten Rennens ist es verpflichtend einen Helm f\u00fcr Alpinismus oder Ski Touren zu tragen. Zugelassen sind Helme der Klasse UIAA 106 e EN 1077 Klasse B Standard oder EN 12492 und EN 1077 Klasse B Standard.<\/p>\n<h5>13 &#8211; Mobiltelefon<\/h5>\n<p>Jeder Teilnehmer muss sein Mobiltelefon mit sich Tragen (eingeschaltet). Die Telefonnummer muss auf dem Anmeldeformular angegeben werden.<\/p>\n<h5>14 &#8211; Verschiedenes<\/h5>\n<ul>\n<li>Handschuhe, die die gesamte Hand bedecken (m\u00fcssen die gesamte Renndauer getragen werden)<\/li>\n<li>Sonnenbrille\/ Skibrille<\/li>\n<li>Stirnband, M\u00fctze oder Rennanzugkapuze<\/li>\n<\/ul>\n<h5>15 &#8211; Weitere Ausr\u00fcstung<\/h5>\n<ul>\n<li>F\u00fcr Ober- und Unterk\u00f6rper jeweils eine weitere Bekleidungsschicht<\/li>\n<li>Stirnlampe<\/li>\n<\/ul>\n<p>Die gesamte Ausr\u00fcstung wird direkt nach dem Zieleinlauf (zumindest stichprobenartig) oder entlang der Strecke (Teilnehmer werden nicht aufgehalten, Jury beobachtet Teilnehmer im vorbeigehen). Die Teilnehmer sind alleine f\u00fcr ihre Ausr\u00fcstung verantwortlich. Wenn ein Teilnehmer Zweifel \u00fcber seine Ausr\u00fcstung hat, kann er sie in der Jury am Ende des Briefings, am Tag vor dem Wettbewerb, \u00fcberpr\u00fcfen lassen.<\/p>\n<p>&nbsp;<\/p>\n<p>&nbsp;<\/p>\n<\/div><\/div><\/div>[vc_separator][\/vc_column][\/vc_row][vc_row el_id=&#8220;race&#8220;][vc_column]<div class=\"zozo-parallax-header wpb_animate_when_almost_visible wpb_bottom-to-top\"><div class=\"parallax-header\"><h4 class=\"parallax-title text-left\">RENNEN<\/h4><div class=\"parallax-desc default-style text-left\"><h5>1 &#8211; Startnummern<\/h5>\n<p>Die Startnummern m\u00fcssen so getragen werden, dass sie deutlich sicht- &amp; lesbar sind.<\/p>\n<h5>2 &#8211; Fellwechsel<\/h5>\n<p>Dieser darf nur in den daf\u00fcr vorgesehenen Wechselzonen und ohne externe Hilfe erfolgen. Hierf\u00fcr gibt es fixe sowie mobile Kontrollstellen.<\/p>\n<h5>3 &#8211; Wegwerfen von Abfall\/Material<\/h5>\n<p>Das wegwerfen von Abfall oder anderen Materialien ist ausserhalb der Wechselzonen strengstens untersagt! Teilnehmer die dagegen versto\u00dfen werden sofort disqualifiziert!<\/p>\n<h5>4 &#8211; Markierung der Strecke<\/h5>\n<p>Sie erfolgt durch F\u00e4hnchen, B\u00e4nder, R\u00fcckstrahlenden Richtungspfeilen und Fackeln.<\/p>\n<h5>5 &#8211; Gegenseitige Hilfeleistung<\/h5>\n<p>Die Teilnehmer sind im Falle von Verletzung oder \u00e4hnlichem verpflichtet Hilfe zu leisten<\/p>\n<h5>6 &#8211; Aufgabe\/Stop<\/h5>\n<p>Die Aufgabe eines Athleten, aus welchem Grund auch immer, muss bei der n\u00e4chstgelegenen Wechselzone bzw. Verantwortlichen gemeldet werden. Teilnehmer welche aufgeben, werden von Seiten der Organisation in das Start\/Zielgel\u00e4nde transportiert.<\/p>\n<\/div><\/div><\/div>[\/vc_column][\/vc_row]<\/p>\n<\/div>","protected":false},"excerpt":{"rendered":"<p>[vc_row full_width=&#8220;stretch_row_content_no_spaces&#8220; center_row=&#8220;yes&#8220; el_class=&#8220;custom-sticky-wrap&#8220; css=&#8220;.vc_custom_1461328774326{border-bottom-width: 0px !important;padding-top: 0px !important;padding-right: 0px !important;padding-bottom: 0px !important;padding-left: 0px !important;}&#8220;][vc_column][vc_wp_custommenu nav_menu=&#8220;75&#8243; el_class=&#8220;sticky-menu&#8220;][\/vc_column][\/vc_row][vc_row el_id=&#8220;info&#8220;][vc_column][vc_separator][\/vc_column][\/vc_row][vc_row el_id=&#8220;subscription&#8220;][vc_column][vc_separator][\/vc_column][\/vc_row][vc_row el_id=&#8220;materials&#8220;][vc_column][vc_separator][\/vc_column][\/vc_row][vc_row el_id=&#8220;race&#8220;][vc_column][\/vc_column][\/vc_row]<\/p>\n","protected":false},"author":1,"featured_media":0,"parent":0,"menu_order":0,"comment_status":"closed","ping_status":"closed","template":"","meta":{"footnotes":""},"class_list":["post-10284","page","type-page","status-publish","hentry"],"aioseo_notices":[],"_links":{"self":[{"href":"https:\/\/www.epicskitour.com\/de\/wp-json\/wp\/v2\/pages\/10284"}],"collection":[{"href":"https:\/\/www.epicskitour.com\/de\/wp-json\/wp\/v2\/pages"}],"about":[{"href":"https:\/\/www.epicskitour.com\/de\/wp-json\/wp\/v2\/types\/page"}],"author":[{"embeddable":true,"href":"https:\/\/www.epicskitour.com\/de\/wp-json\/wp\/v2\/users\/1"}],"replies":[{"embeddable":true,"href":"https:\/\/www.epicskitour.com\/de\/wp-json\/wp\/v2\/comments?post=10284"}],"version-history":[{"count":14,"href":"https:\/\/www.epicskitour.com\/de\/wp-json\/wp\/v2\/pages\/10284\/revisions"}],"predecessor-version":[{"id":13255,"href":"https:\/\/www.epicskitour.com\/de\/wp-json\/wp\/v2\/pages\/10284\/revisions\/13255"}],"wp:attachment":[{"href":"https:\/\/www.epicskitour.com\/de\/wp-json\/wp\/v2\/media?parent=10284"}],"curies":[{"name":"wp","href":"https:\/\/api.w.org\/{rel}","templated":true}]}}