{"id":10787,"date":"2016-04-14T18:08:50","date_gmt":"2016-04-14T16:08:50","guid":{"rendered":"http:\/\/www.epicskitour.com\/de\/?page_id=10787"},"modified":"2020-12-02T12:47:23","modified_gmt":"2020-12-02T11:47:23","slug":"ueber-uns","status":"publish","type":"page","link":"https:\/\/www.epicskitour.com\/de\/ueber-uns\/","title":{"rendered":"\u00dcber uns"},"content":{"rendered":"<div class=\"wpb-content-wrapper\"><p>[vc_row center_row=&#8220;yes&#8220;][vc_column width=&#8220;1\/3&#8243;][vc_single_image image=&#8220;10780&#8243; img_size=&#8220;full&#8220; css_animation=&#8220;bottom-to-top&#8220;]<div class=\"zozo-parallax-header\"><div class=\"parallax-header\"><div class=\"parallax-desc default-style text-center\"><p><em>Die Erfinder von EPIC Ski Tour<br \/>\n<strong>J\u00fcrg Capol &amp; Kurt Anrather<\/strong><\/em><\/p>\n<\/div><\/div><\/div>[\/vc_column][vc_column width=&#8220;2\/3&#8243;]<style type=\"text\/css\" scoped>#feature-box-1 .grid-item .grid-box-inner .grid-icon { color:#0081ab; }\n<\/style><div class=\"zozo-feature-box feature-box-style style-default-box style-sep-yes  wpb_animate_when_almost_visible wpb_bottom-to-top\" id=\"feature-box-1\"><div class=\"grid-item\"><div class=\"grid-box-inner grid-text-left grid-box-normal grid-box-icon-circle grid-icon-shape grid-shape-none\"><div class=\"grid-icon-wrapper no-hover shape-icon-circle\"><i class=\"fa fa-quote-left grid-icon zozo-icon icon-shape icon-circle icon-skin-default icon-bg pattern-1 icon-normal\"><\/i><\/div><div class=\"grid-content-wrapper\"><div class=\"grid-desc\" ><p>Die Idee zu <strong>EPIC Ski Tour<\/strong> kommt vom Erfinder der Tour de Ski, J\u00fcrg Capol, und von Kurt Anrather. Capol, welcher zurzeit die Rolle des Direktors f\u00fcr den Nordischen Bereich bei der FIS Marketing AG \u00fcber hat, erkl\u00e4rt: \u201eDie Idee zum Event ist w\u00e4hrend eines Telefonates mit Kurt Anrather entstanden. Der Skitouren Sport ist ein unglaublich toller Sport und hat gro\u00dfes Potenzial in den n\u00e4chsten Jahren weiter zu wachsen. Deshalb verdient sich der Skitouren Sport eine neue und innovative Veranstaltung, welche den Teilnehmern erm\u00f6glicht mit Menschen aus der ganzen Welt in Kontakt zu treten und diese einzigartige Erfahrung zu teilen.&#8220;<\/p>\n<hr \/>\n<p><a href=\"http:\/\/www.curtes.eu\/\" target=\"_blank\" rel=\"noopener noreferrer\"><img loading=\"lazy\" decoding=\"async\" class=\"size-full wp-image-15664 alignleft\" src=\"https:\/\/www.epicskitour.com\/wp-content\/uploads\/2015\/10\/sponsor-curtes.png\" alt=\"\" width=\"164\" height=\"46\" srcset=\"https:\/\/www.epicskitour.com\/wp-content\/uploads\/2015\/10\/sponsor-curtes.png 164w, https:\/\/www.epicskitour.com\/wp-content\/uploads\/2015\/10\/sponsor-curtes-128x36.png 128w, https:\/\/www.epicskitour.com\/wp-content\/uploads\/2015\/10\/sponsor-curtes-32x9.png 32w\" sizes=\"(max-width: 164px) 100vw, 164px\" \/><\/a>Event organisiert von Curtes sas SportEvent Marketing<\/p>\n<\/div><\/div><\/div><\/div><\/div>[\/vc_column][\/vc_row]<\/p>\n<\/div>","protected":false},"excerpt":{"rendered":"<p>[vc_row center_row=&#8220;yes&#8220;][vc_column width=&#8220;1\/3&#8243;][vc_single_image image=&#8220;10780&#8243; img_size=&#8220;full&#8220; css_animation=&#8220;bottom-to-top&#8220;][\/vc_column][vc_column width=&#8220;2\/3&#8243;][\/vc_column][\/vc_row]<\/p>\n","protected":false},"author":1,"featured_media":0,"parent":0,"menu_order":0,"comment_status":"closed","ping_status":"closed","template":"template-fullwidth.php","meta":{"footnotes":""},"class_list":["post-10787","page","type-page","status-publish","hentry"],"aioseo_notices":[],"_links":{"self":[{"href":"https:\/\/www.epicskitour.com\/de\/wp-json\/wp\/v2\/pages\/10787"}],"collection":[{"href":"https:\/\/www.epicskitour.com\/de\/wp-json\/wp\/v2\/pages"}],"about":[{"href":"https:\/\/www.epicskitour.com\/de\/wp-json\/wp\/v2\/types\/page"}],"author":[{"embeddable":true,"href":"https:\/\/www.epicskitour.com\/de\/wp-json\/wp\/v2\/users\/1"}],"replies":[{"embeddable":true,"href":"https:\/\/www.epicskitour.com\/de\/wp-json\/wp\/v2\/comments?post=10787"}],"version-history":[{"count":8,"href":"https:\/\/www.epicskitour.com\/de\/wp-json\/wp\/v2\/pages\/10787\/revisions"}],"predecessor-version":[{"id":19913,"href":"https:\/\/www.epicskitour.com\/de\/wp-json\/wp\/v2\/pages\/10787\/revisions\/19913"}],"wp:attachment":[{"href":"https:\/\/www.epicskitour.com\/de\/wp-json\/wp\/v2\/media?parent=10787"}],"curies":[{"name":"wp","href":"https:\/\/api.w.org\/{rel}","templated":true}]}}