{"id":12969,"date":"2018-12-03T14:53:13","date_gmt":"2018-12-03T13:53:13","guid":{"rendered":"https:\/\/www.epicskitour.com\/?page_id=12969"},"modified":"2023-02-23T11:12:52","modified_gmt":"2023-02-23T10:12:52","slug":"4all-jeder-kann-teilnehmen","status":"publish","type":"page","link":"https:\/\/www.epicskitour.com\/de\/4all-jeder-kann-teilnehmen\/","title":{"rendered":"4ALL: Skitour mit Bergf\u00fchrer f\u00fcr Jedermann\/Jedefrau &#8211; ohne Zeitnehmung, ohne Stress!"},"content":{"rendered":"<div class=\"wpb-content-wrapper\"><p>[vc_row css=&#8220;.vc_custom_1551173095643{margin-top: 0px !important;padding-top: 0px !important;}&#8220;][vc_column width=&#8220;2\/3&#8243;]<style type=\"text\/css\" scoped>#feature-box-1 .grid-item .grid-box-inner .grid-icon { color:#0081ab; }\n<\/style><div class=\"zozo-feature-box feature-box-style style-title-top-icon style-sep-yes  wpb_animate_when_almost_visible wpb_bottom-to-top\" id=\"feature-box-1\"><div class=\"grid-item\"><div class=\"grid-icon-box\"><div class=\"grid-box-inner grid-icon-box-wrapper grid-box-image  grid-icon-box-left\"><div class=\"clearfix\"><\/div><div class=\"grid-icon-box-content\"><div class=\"grid-desc\" ><p><img loading=\"lazy\" decoding=\"async\" class=\"wp-image-12984 size-full alignnone\" src=\"https:\/\/www.epicskitour.com\/wp-content\/uploads\/2018\/12\/4all-small.png\" alt=\"\" width=\"150\" height=\"60\" \/><\/p>\n<p>Nach dem Motto <strong>\u201e4ALL\u201c<\/strong> gibt es neben dem klassischen Rennformat der EPIC Ski Tour die M\u00f6glichkeit <strong>verschiedene Touren ohne Zeitmessung und mit einem qualifizierten Bergf\u00fchrer zu absolvieren<\/strong>. Selbstverst\u00e4ndlich gibt es mehrere Leistungsgruppen \u2013 Rookie, Beginner, Advanced \u2013 nat\u00fcrlich wird der Rhythmus an die Kondition der Gruppe angepasst!<\/p>\n<\/div><\/div><\/div><\/div><\/div><\/div><style type=\"text\/css\" scoped>#feature-box-2 .grid-item .grid-box-inner .grid-icon { color:#0081ab; }\n<\/style><div class=\"zozo-feature-box feature-box-style style-title-top-icon style-sep-no  wpb_animate_when_almost_visible wpb_bottom-to-top\" id=\"feature-box-2\"><div class=\"grid-item\"><div class=\"grid-icon-box\"><div class=\"grid-box-inner grid-icon-box-wrapper grid-box-large grid-box-icon-circle grid-icon-shape  grid-icon-box-left\"><div class=\"grid-icon-wrapper no-hover shape-icon-circle\"><i class=\"far fa-calendar-alt grid-icon zozo-icon icon-shape icon-circle icon-skin-default icon-bg pattern-1 icon-large\"><\/i><\/div><div class=\"clearfix\"><\/div><div class=\"grid-icon-box-content\"><div class=\"grid-desc\" ><p><span style=\"color: #0081ab;\"><strong><em>Coming Soon!<\/em><\/strong><\/span><\/p>\n<\/div><div class=\"grid-button\"><a href=\"#\" class=\"btn btn-fbox-more\" title=\"\" target=\"_blank\">ANMELDUNG<\/a><\/div><\/div><\/div><\/div><\/div><\/div><div class=\"zozo-parallax-header\"><div class=\"parallax-header\"><h3 class=\"parallax-title text-left\" style=\"font-size:25px;\">Es gibt verschiedene Gruppen<\/h3><\/div><\/div><style type=\"text\/css\" scoped>#feature-box-3 .grid-item .grid-box-inner .grid-icon { color:#0081ab; }\n<\/style><div class=\"zozo-feature-box feature-box-style style-default-box style-sep-no  wpb_animate_when_almost_visible wpb_left-to-right\" id=\"feature-box-3\"><div class=\"grid-item\"><div class=\"grid-box-inner grid-text-left grid-box-large grid-box-icon-none grid-shape-none\"><div class=\"grid-image-wrapper zozo-image-wrapper img-none img-size-small\"><img loading=\"lazy\" decoding=\"async\" width=\"90\" height=\"75\" src=\"https:\/\/www.epicskitour.com\/wp-content\/uploads\/2019\/09\/rookie-icon.png\" class=\"img-none attachment-theme-mid\" alt=\"\" title=\"rookie-icon\" \/><\/div><div class=\"grid-content-wrapper\"><div class=\"grid-desc text-left\" ><p><span style=\"color: #0081ab;\"><strong>ROOKIE<\/strong><\/span><\/p>\n<p>Mach deine ersten Schritte auf Tourenskiern gemeinsam mit uns. Ein qualifizierter Tourenguide erkl\u00e4rt dir alles was du wissen musst und begleitet dich auf deiner ersten Tour. Sei teil der Rookie Gruppe und lass dich von uns in den Bann des Ski Touren Sports ziehen!<\/p>\n<\/div><\/div><\/div><\/div><\/div><style type=\"text\/css\" scoped>#feature-box-4 .grid-item .grid-box-inner .grid-icon { color:#0081ab; }\n<\/style><div class=\"zozo-feature-box feature-box-style style-default-box style-sep-no  wpb_animate_when_almost_visible wpb_left-to-right\" id=\"feature-box-4\"><div class=\"grid-item\"><div class=\"grid-box-inner grid-text-left grid-box-large grid-box-icon-none grid-shape-none\"><div class=\"grid-image-wrapper zozo-image-wrapper img-none img-size-small\"><img loading=\"lazy\" decoding=\"async\" width=\"90\" height=\"75\" src=\"https:\/\/www.epicskitour.com\/wp-content\/uploads\/2019\/09\/beginner-icon.png\" class=\"img-none attachment-theme-mid\" alt=\"\" title=\"beginner-icon\" \/><\/div><div class=\"grid-content-wrapper\"><div class=\"grid-desc text-left\" ><p><span style=\"color: #0081ab;\"><strong>BEGINNER<\/strong><\/span><\/p>\n<p>Schon ein paar Ski Touren gemacht? Vielleicht hast du ja sogar schon die Ausr\u00fcstung Zuhause \u2013 aber dennoch w\u00fcrden dich ein paar Tipps und Tricks vom Profi interessieren? Dann hast du mit der Beginner Tour deine Gruppe gefunden \u2013 melde dich JETZT an und werde Teil des 4ALL Abenteuers in der traumhaften Landschaft!<\/p>\n<\/div><\/div><\/div><\/div><\/div><style type=\"text\/css\" scoped>#feature-box-5 .grid-item .grid-box-inner .grid-icon { color:#0081ab; }\n<\/style><div class=\"zozo-feature-box feature-box-style style-default-box style-sep-no  wpb_animate_when_almost_visible wpb_left-to-right\" id=\"feature-box-5\"><div class=\"grid-item\"><div class=\"grid-box-inner grid-text-left grid-box-large grid-box-icon-none grid-shape-none\"><div class=\"grid-image-wrapper zozo-image-wrapper img-none img-size-small\"><img loading=\"lazy\" decoding=\"async\" width=\"90\" height=\"75\" src=\"https:\/\/www.epicskitour.com\/wp-content\/uploads\/2019\/09\/advanced-icon.png\" class=\"img-none attachment-theme-mid\" alt=\"\" title=\"advanced-icon\" \/><\/div><div class=\"grid-content-wrapper\"><div class=\"grid-desc text-left\" ><p><span style=\"color: #0081ab;\"><strong>ADVANCED<\/strong><\/span><\/p>\n<p>Du bist bereits ein echter Skitourenliebhaber? Kennst dich bereits mit dem Material aus und liebst es am Berg unterwegs zu sein? Doch auch dich w\u00fcrde eine Tour mit einem echten Profi reizen? Du m\u00f6chtest noch h\u00f6here Gipfel erklimmen und eine atemberaubende Aussicht genie\u00dfen? Du m\u00f6chtest deine Tourenskills noch etwas verfeinern und auf unber\u00fchrte Landschaft treffen? Dann melde dich JETZT fu\u0308r die Advanced Gruppe an!<\/p>\n<\/div><\/div><\/div><\/div><\/div>[vc_empty_space][vc_masonry_media_grid element_width=&#8220;6&#8243; grid_id=&#8220;vc_gid:1677147124565-07fcfd9f-82c2-9&#8243; include=&#8220;12976,19904,19905,19903&#8243;][\/vc_column][vc_column width=&#8220;1\/3&#8243;]<div class=\"zozo-feature-box feature-box-style style-info-box style-box-with-bg style-sep-yes vc_custom_1641825572355 wpb_animate_when_almost_visible wpb_right-to-left\" id=\"feature-box-6\"><div class=\"grid-item\"><div class=\"grid-box-inner grid-text-center grid-box-image grid-shape-none\"><h2 class=\"grid-title-top grid-title \" style=\"font-size:20px;\">AUSR\u00dcSTUNG<\/h2><div class=\"grid-image-wrapper zozo-image-wrapper img-none\"><img loading=\"lazy\" decoding=\"async\" width=\"316\" height=\"80\" src=\"https:\/\/www.epicskitour.com\/wp-content\/uploads\/2021\/12\/regolamento-4all.png\" class=\"img-none attachment-theme-mid\" alt=\"\" title=\"regolamento-4all\" srcset=\"https:\/\/www.epicskitour.com\/wp-content\/uploads\/2021\/12\/regolamento-4all.png 316w, https:\/\/www.epicskitour.com\/wp-content\/uploads\/2021\/12\/regolamento-4all-300x76.png 300w\" sizes=\"(max-width: 316px) 100vw, 316px\" \/><\/div><div class=\"grid-desc\" ><p>Um an der Tour mit einem Bergf\u00fchrer teilzunehmen, sind Schaufel, Piepser, Sonde, ein zugelassener Skitouren Helm und Super Green Pass <strong>OBLIGATORISCH<\/strong>.<\/p>\n<\/div><\/div><\/div><\/div><div class=\"zozo-feature-box feature-box-style style-info-box style-box-with-bg style-sep-yes vc_custom_1642083754239 wpb_animate_when_almost_visible wpb_right-to-left\" id=\"feature-box-7\"><div class=\"grid-item\"><div class=\"grid-box-inner grid-text-center grid-box-image grid-shape-none\"><h2 class=\"grid-title-top grid-title \" style=\"font-size:20px;\">SKISCHUH VERLEIH<\/h2><div class=\"grid-image-wrapper zozo-image-wrapper img-none img-size-small\"><img loading=\"lazy\" decoding=\"async\" width=\"97\" height=\"97\" src=\"https:\/\/www.epicskitour.com\/wp-content\/uploads\/2022\/01\/scarpone.png\" class=\"img-none attachment-theme-mid\" alt=\"\" title=\"scarpone\" srcset=\"https:\/\/www.epicskitour.com\/wp-content\/uploads\/2022\/01\/scarpone.png 97w, https:\/\/www.epicskitour.com\/wp-content\/uploads\/2022\/01\/scarpone-85x85.png 85w\" sizes=\"(max-width: 97px) 100vw, 97px\" \/><\/div><div class=\"grid-desc\" ><p>La Sportiva Skischuh Verleih vor Ort NUR MIT vorheriger Reservierung per E-Mail an <a href=\"mailto:info@epicskitour.com\">info@epicskitour.com<\/a> bis zum 18.01.2022.<\/p>\n<\/div><\/div><\/div><\/div><div class=\"woocommerce \"><ul class=\"products products-4\"><li class=\"post-11902 product type-product status-publish has-post-thumbnail product_cat-merchandising first instock sale taxable shipping-taxable purchasable product-type-variable\">\r\n\t\t\r\n\t<div class=\"product-box-wrapper\">\r\n\t\t<div class=\"product-img-box\">\r\n\r\n\t\t\t<a href=\"https:\/\/www.epicskitour.com\/de\/produkt\/helm-fur-alpinismus-und-skibergsteigen-la-sportiva-epic-ski-tour\/\" class=\"product-image\">\r\n\t\t\t\r\n\t\t\t\t\n\t<span class=\"onsale\">Angebot!<\/span>\n\t<img loading=\"lazy\" decoding=\"async\" width=\"300\" height=\"300\" src=\"https:\/\/www.epicskitour.com\/wp-content\/uploads\/2017\/03\/epic-ski-tour-black-friday-300x300.jpg\" class=\"attachment-woocommerce_thumbnail size-woocommerce_thumbnail\" alt=\"\" srcset=\"https:\/\/www.epicskitour.com\/wp-content\/uploads\/2017\/03\/epic-ski-tour-black-friday-300x300.jpg 300w, https:\/\/www.epicskitour.com\/wp-content\/uploads\/2017\/03\/epic-ski-tour-black-friday-768x768.jpg 768w, https:\/\/www.epicskitour.com\/wp-content\/uploads\/2017\/03\/epic-ski-tour-black-friday-85x85.jpg 85w, https:\/\/www.epicskitour.com\/wp-content\/uploads\/2017\/03\/epic-ski-tour-black-friday-500x500.jpg 500w, https:\/\/www.epicskitour.com\/wp-content\/uploads\/2017\/03\/epic-ski-tour-black-friday-600x600.jpg 600w, https:\/\/www.epicskitour.com\/wp-content\/uploads\/2017\/03\/epic-ski-tour-black-friday-100x100.jpg 100w, https:\/\/www.epicskitour.com\/wp-content\/uploads\/2017\/03\/epic-ski-tour-black-friday.jpg 1200w\" sizes=\"(max-width: 300px) 100vw, 300px\" \/>\t\t\t\t\r\n\t\t\t<\/a>\r\n\t\t\t\r\n\t\t\t<div class=\"product-buttons-overlay\">\r\n\t\t\t\t<div class=\"product-buttons-wrapper\"><div class=\"product-buttons\"><a rel=\"nofollow\" href=\"https:\/\/www.epicskitour.com\/de\/produkt\/helm-fur-alpinismus-und-skibergsteigen-la-sportiva-epic-ski-tour\/\" data-quantity=\"1\" data-product_id=\"11902\" data-product_sku=\"COM-HEL\" class=\"button product_type_variable add_to_cart_button\">Ausf\u00fchrung w\u00e4hlen<\/a><a href=\"https:\/\/www.epicskitour.com\/de\/produkt\/helm-fur-alpinismus-und-skibergsteigen-la-sportiva-epic-ski-tour\/\" class=\"woo-show-details\" title=\"Show Details\">Show Details<\/a><\/div><\/div>\t\t\t<\/div>\r\n\t\t\t\r\n\t\t<\/div>\r\n\t\t\r\n\t\t<div class=\"product-details-wrapper\">\r\n\t\t\t<div class=\"product-details\">\t\t\t\r\n\t\t\t\t\r\n\t\t\t    <h5 class=\"product-category-title\"><span class=\"posted_in\">1 <a href=\"https:\/\/www.epicskitour.com\/de\/produkt-kategorie\/merchandising\/\" rel=\"tag\">Merchandising<\/a><\/span><\/h5>\r\n\t\t\t\r\n\t\t\t\r\n\t\t\t\t<h3 class=\"product-title\"><a href=\"https:\/\/www.epicskitour.com\/de\/produkt\/helm-fur-alpinismus-und-skibergsteigen-la-sportiva-epic-ski-tour\/\">Helm fu\u0308r Alpinismus und Skibergsteigen La Sportiva EPIC Ski Tour<\/a><\/h3>\r\n\t\t\t\t\r\n\t\t\t\t<div class=\"product-info\">\r\n\t\t\t\t\t\n\t<span class=\"price\"><del aria-hidden=\"true\"><span class=\"woocommerce-Price-amount amount\"><bdi>139,00<span class=\"woocommerce-Price-currencySymbol\">&euro;<\/span><\/bdi><\/span><\/del> <span class=\"screen-reader-text\">Urspr\u00fcnglicher Preis war: 139,00&euro;<\/span><ins aria-hidden=\"true\"><span class=\"woocommerce-Price-amount amount\"><bdi>100,00<span class=\"woocommerce-Price-currencySymbol\">&euro;<\/span><\/bdi><\/span><\/ins><span class=\"screen-reader-text\">Aktueller Preis ist: 100,00&euro;.<\/span> <small class=\"woocommerce-price-suffix\">inkl. MwSt.<\/small><\/span>\n<div class=\"zozo-woo-rating\">\r\n\t<div class=\"star-rating\" title=\"Rated 0 out of 5\"><span style=\"width:0%\"><strong class=\"rating\">0<\/strong> out of 5<\/span><\/div><\/div>\r\n\t\t\t\t<\/div>\r\n\t\t\t\t\r\n\t\t\t<\/div>\t\t\r\n\t\t<\/div>\r\n\t<\/div>\r\n\r\n<\/li>\r\n<\/ul>\n<\/div>[vc_btn title=&#8220;JETZT KAUFEN!&#8220; align=&#8220;center&#8220; button_block=&#8220;true&#8220; link=&#8220;url:https%3A%2F%2Fdemo.epicskitour.com%2Fde%2Fprodukt%2Fhelm-fu%25cc%2588r-alpinismus-und-skibergsteigen-la-sportiva-epic-ski-tour%2F||target:%20_blank|&#8220;][\/vc_column][\/vc_row][vc_row disable_element=&#8220;yes&#8220; css=&#8220;.vc_custom_1551173109714{margin-top: 0px !important;margin-bottom: 0px !important;padding-top: 0px !important;padding-bottom: 0px !important;}&#8220;][vc_column][vc_separator]<div class=\"zozo-parallax-header\"><div class=\"parallax-header\"><h4 class=\"parallax-title text-left\">Strecke 4ALL<\/h4><\/div><\/div>[vc_row_inner][vc_column_inner width=&#8220;1\/2&#8243;]<div class=\"zozo-parallax-header\"><div class=\"parallax-header\"><div class=\"parallax-desc default-style text-left\"><p><strong>1. ETAPPE La Sportiva EPIC Ski Tour<\/strong><br \/>\nALPE CERMIS | Freitag, 22.02.2019<\/p>\n<\/div><\/div><\/div>[vc_single_image image=&#8220;13835&#8243; img_size=&#8220;full&#8220;]<div class=\"zozo-parallax-header\"><div class=\"parallax-header\"><div class=\"parallax-desc default-style text-left\"><p><strong>H\u00f6henunterschied:<\/strong> 870 m (+870 m \/ -871 m)<br \/>\n<strong>L\u00e4nge:<\/strong> 9,3 km<\/p>\n<\/div><\/div><\/div>[\/vc_column_inner][vc_column_inner width=&#8220;1\/2&#8243;]<div class=\"zozo-parallax-header\"><div class=\"parallax-header\"><div class=\"parallax-desc default-style text-left\"><p><strong>2. ETAPPE La Sportiva EPIC Ski Tour<\/strong><br \/>\nBELLAMONTE | Samstag, 23.02.2019<\/p>\n<\/div><\/div><\/div>[vc_single_image image=&#8220;13407&#8243; img_size=&#8220;full&#8220;]<div class=\"zozo-parallax-header\"><div class=\"parallax-header\"><div class=\"parallax-desc default-style text-left\"><p><strong>H\u00f6henunterschied:<\/strong> 470 m<br \/>\n<strong>L\u00e4nge:<\/strong> 4 km<\/p>\n<\/div><\/div><\/div>[\/vc_column_inner][\/vc_row_inner][vc_separator css=&#8220;.vc_custom_1550052333238{margin-top: 30px !important;}&#8220;][\/vc_column][\/vc_row]<\/p>\n<\/div>","protected":false},"excerpt":{"rendered":"<p>[vc_row css=&#8220;.vc_custom_1551173095643{margin-top: 0px !important;padding-top: 0px !important;}&#8220;][vc_column width=&#8220;2\/3&#8243;][vc_empty_space][vc_masonry_media_grid element_width=&#8220;6&#8243; grid_id=&#8220;vc_gid:1677147124565-07fcfd9f-82c2-9&#8243; include=&#8220;12976,19904,19905,19903&#8243;][\/vc_column][vc_column width=&#8220;1\/3&#8243;][vc_btn title=&#8220;JETZT KAUFEN!&#8220; align=&#8220;center&#8220; button_block=&#8220;true&#8220; link=&#8220;url:https%3A%2F%2Fdemo.epicskitour.com%2Fde%2Fprodukt%2Fhelm-fu%25cc%2588r-alpinismus-und-skibergsteigen-la-sportiva-epic-ski-tour%2F||target:%20_blank|&#8220;][\/vc_column][\/vc_row][vc_row disable_element=&#8220;yes&#8220; css=&#8220;.vc_custom_1551173109714{margin-top: 0px !important;margin-bottom: 0px !important;padding-top: 0px !important;padding-bottom: 0px !important;}&#8220;][vc_column][vc_separator][vc_row_inner][vc_column_inner width=&#8220;1\/2&#8243;][vc_single_image image=&#8220;13835&#8243; img_size=&#8220;full&#8220;][\/vc_column_inner][vc_column_inner width=&#8220;1\/2&#8243;][vc_single_image&#8230;<\/p>\n","protected":false},"author":1,"featured_media":0,"parent":0,"menu_order":0,"comment_status":"closed","ping_status":"closed","template":"","meta":{"footnotes":""},"class_list":["post-12969","page","type-page","status-publish","hentry"],"aioseo_notices":[],"_links":{"self":[{"href":"https:\/\/www.epicskitour.com\/de\/wp-json\/wp\/v2\/pages\/12969"}],"collection":[{"href":"https:\/\/www.epicskitour.com\/de\/wp-json\/wp\/v2\/pages"}],"about":[{"href":"https:\/\/www.epicskitour.com\/de\/wp-json\/wp\/v2\/types\/page"}],"author":[{"embeddable":true,"href":"https:\/\/www.epicskitour.com\/de\/wp-json\/wp\/v2\/users\/1"}],"replies":[{"embeddable":true,"href":"https:\/\/www.epicskitour.com\/de\/wp-json\/wp\/v2\/comments?post=12969"}],"version-history":[{"count":47,"href":"https:\/\/www.epicskitour.com\/de\/wp-json\/wp\/v2\/pages\/12969\/revisions"}],"predecessor-version":[{"id":20786,"href":"https:\/\/www.epicskitour.com\/de\/wp-json\/wp\/v2\/pages\/12969\/revisions\/20786"}],"wp:attachment":[{"href":"https:\/\/www.epicskitour.com\/de\/wp-json\/wp\/v2\/media?parent=12969"}],"curies":[{"name":"wp","href":"https:\/\/api.w.org\/{rel}","templated":true}]}}