{"id":14761,"date":"2019-09-12T11:17:24","date_gmt":"2019-09-12T09:17:24","guid":{"rendered":"https:\/\/www.epicskitour.com\/?page_id=14761"},"modified":"2023-02-23T11:15:35","modified_gmt":"2023-02-23T10:15:35","slug":"expo-area-testival","status":"publish","type":"page","link":"https:\/\/www.epicskitour.com\/de\/expo-area-testival\/","title":{"rendered":"EXPO Area"},"content":{"rendered":"<div class=\"wpb-content-wrapper\"><p>[vc_row content_placement=&#8220;top&#8220; typo_style=&#8220;default&#8220; css=&#8220;.vc_custom_1582877822181{margin-top: 0px !important;margin-bottom: 0px !important;padding-top: 0px !important;padding-bottom: 0px !important;}&#8220;][vc_column width=&#8220;2\/3&#8243;]<div class=\"zozo-parallax-header wpb_animate_when_almost_visible wpb_bottom-to-top\"><div class=\"parallax-header\"><div class=\"parallax-desc default-style text-left\"><p><img loading=\"lazy\" decoding=\"async\" class=\"size-full wp-image-17373 alignnone\" src=\"https:\/\/www.epicskitour.com\/wp-content\/uploads\/2020\/01\/info-expo-area-icon.png\" alt=\"\" width=\"239\" height=\"36\" \/><br \/>\nDie <strong>EXPO Area<\/strong> ist ein <strong>MUSS<\/strong> <strong>f\u00fcr alle Skitouren und Sportbegeisterten<\/strong> in dieser Wintersaison! Eine <strong>gro\u00dfe Auswahl an Ausstellern<\/strong> und super Stimmung\u00a0erwarten dich!<\/p>\n<\/div><\/div><\/div>[vc_single_image image=&#8220;18091&#8243; img_size=&#8220;full&#8220;][\/vc_column][vc_column width=&#8220;1\/3&#8243;]<style type=\"text\/css\" scoped>#feature-box-1 .grid-item .grid-box-inner .grid-icon { color:#0081ab; }\n<\/style><div class=\"zozo-feature-box feature-box-style style-info-box style-box-with-bg style-sep-yes vc_custom_1677147330894 wpb_animate_when_almost_visible wpb_right-to-left\" id=\"feature-box-1\"><div class=\"grid-item\"><div class=\"grid-box-inner grid-text-center grid-box-normal grid-box-icon-circle grid-icon-shape grid-shape-none\"><div class=\"grid-icon-wrapper no-hover shape-icon-circle\"><i class=\"fa fa-clock-o grid-icon zozo-icon icon-shape icon-circle icon-skin-default icon-bg pattern-1 icon-normal\"><\/i><\/div><h5 class=\"grid-title-below grid-title \" style=\"font-size:26px;\">\u00d6FFNUNGSZEITEN<\/h5><div class=\"grid-desc\" ><p><strong>EXPO Area (Trento Piazza Duomo)<\/strong><br \/>\n<em>Coming Soon!<\/em><\/p>\n<\/div><\/div><\/div><\/div>[vc_single_image image=&#8220;18308&#8243; img_size=&#8220;full&#8220; alignment=&#8220;center&#8220; css=&#8220;.vc_custom_1582882538342{margin-top: 0px !important;border-bottom-width: 8px !important;padding-top: 0px !important;border-bottom-color: #0081ab !important;border-bottom-style: solid !important;}&#8220;][\/vc_column][\/vc_row][vc_row][vc_column][vc_separator][\/vc_column][\/vc_row][vc_row content_placement=&#8220;top&#8220; disable_element=&#8220;yes&#8220; typo_style=&#8220;default&#8220; css=&#8220;.vc_custom_1642082812809{margin-top: 0px !important;margin-bottom: 0px !important;padding-top: 0px !important;padding-bottom: 0px !important;}&#8220;][vc_column width=&#8220;2\/3&#8243;]<div class=\"zozo-parallax-header wpb_animate_when_almost_visible wpb_bottom-to-top\"><div class=\"parallax-header\"><div class=\"parallax-desc default-style text-left\"><p><img loading=\"lazy\" decoding=\"async\" class=\"wp-image-18083 size-full alignnone\" src=\"https:\/\/www.epicskitour.com\/wp-content\/uploads\/2020\/02\/Logo-EPIC-Testival.png\" alt=\"\" width=\"286\" height=\"36\" \/><\/p>\n<p>Das <strong>EPIC Testival<\/strong> ist daf\u00fcr da die neuesten Produkte im Skitouren Bereich mit professioneller Beratung Gratis zu testen. Es ist m\u00f6glich sich im Vorhinein daf\u00fcr anzumelden (info@epicskitour.com), so stellt man sicher, dass Ski und Schuhe in der richtigen Gr\u00f6\u00dfe f\u00fcr einen bereit stehen. Ansonsten kann man aber auch spontan vorbei kommen!<\/p>\n<\/div><\/div><\/div>[\/vc_column][vc_column width=&#8220;1\/3&#8243;]<style type=\"text\/css\" scoped>#feature-box-2 .grid-item .grid-box-inner .grid-icon { color:#0081ab; }\n<\/style><div class=\"zozo-feature-box feature-box-style style-info-box style-box-with-bg style-sep-yes vc_custom_1636120359536 wpb_animate_when_almost_visible wpb_right-to-left\" id=\"feature-box-2\"><div class=\"grid-item\"><div class=\"grid-box-inner grid-text-center grid-box-normal grid-box-icon-circle grid-icon-shape grid-shape-none\"><div class=\"grid-icon-wrapper no-hover shape-icon-circle\"><i class=\"fa fa-clock-o grid-icon zozo-icon icon-shape icon-circle icon-skin-default icon-bg pattern-1 icon-normal\"><\/i><\/div><h5 class=\"grid-title-below grid-title \" style=\"font-size:26px;\">\u00d6FFNUNGSZEITEN<\/h5><div class=\"grid-desc\" ><p><strong>EPIC Testival &#8211; Produkt Test<br \/>\n<\/strong><strong>(Monte Bondone)<br \/>\n<\/strong>22. Januar 2022<br \/>\n14.00 \u2013 17.30 Uhr<\/p>\n<\/div><\/div><\/div><\/div>[vc_single_image image=&#8220;18088&#8243; img_size=&#8220;full&#8220; alignment=&#8220;center&#8220; css=&#8220;.vc_custom_1582880001822{margin-top: 0px !important;border-bottom-width: 8px !important;padding-top: 0px !important;border-bottom-color: #0081ab !important;border-bottom-style: solid !important;}&#8220;][\/vc_column][\/vc_row][vc_row content_placement=&#8220;top&#8220; disable_element=&#8220;yes&#8220; typo_style=&#8220;default&#8220; css=&#8220;.vc_custom_1636360342855{margin-top: 0px !important;margin-bottom: 0px !important;padding-top: 0px !important;padding-bottom: 0px !important;}&#8220;][vc_column width=&#8220;2\/3&#8243;]<div class=\"zozo-parallax-header wpb_animate_when_almost_visible wpb_bottom-to-top\"><div class=\"parallax-header\"><div class=\"parallax-desc default-style text-left\"><p><img loading=\"lazy\" decoding=\"async\" class=\"wp-image-18083 size-full alignnone\" src=\"https:\/\/www.epicskitour.com\/wp-content\/uploads\/2020\/02\/Logo-EPIC-Testival.png\" alt=\"\" width=\"286\" height=\"36\" \/><\/p>\n<p>Das <strong>EPIC Testival<\/strong> ist daf\u00fcr da die neuesten Produkte im Skitouren Bereich mit professioneller Beratung Gratis zu testen. Es ist m\u00f6glich sich im Vorhinein daf\u00fcr anzumelden (info@epicskitour.com), so stellt man sicher, dass Ski und Schuhe in der richtigen Gr\u00f6\u00dfe f\u00fcr einen bereit stehen. Ansonsten kann man aber auch spontan vorbei kommen!<\/p>\n<\/div><\/div><\/div><div class=\"zozo-parallax-header wpb_animate_when_almost_visible wpb_bottom-to-top\"><div class=\"parallax-header\"><h4 class=\"parallax-title text-left\">Bei der EPIC Ski Tour Trento Monte Bondone k\u00f6nnen Sie testen:<\/h4><div class=\"parallax-desc default-style text-left\"><p>Die zwei neuen und begehrtesten Skitourenschuhe von<strong> La Sportiva<\/strong>: den <strong><a href=\"https:\/\/www.lasportiva.com\/it\/skorpius-cr-2\" target=\"_blank\" rel=\"noopener noreferrer\">SKORPIUS<\/a><\/strong> und den<strong> <a href=\"https:\/\/www.lasportiva.com\/it\/hardgoods\/scarponi-da-sci\/racetron\" target=\"_blank\" rel=\"noopener noreferrer\">RACETRON<\/a><\/strong><\/p>\n<\/div><\/div><\/div>[vc_single_image image=&#8220;18268&#8243; img_size=&#8220;full&#8220;][vc_separator]<div class=\"zozo-parallax-header wpb_animate_when_almost_visible wpb_bottom-to-top\"><div class=\"parallax-header\"><h4 class=\"parallax-title text-left\">Bei der EPIC Ski Tour Trento Monte Bondone k\u00f6nnen Sie testen:<\/h4><div class=\"parallax-desc default-style text-left\"><p><a href=\"http:\/\/www.skitrab.com\/prodotti\/sci-alpinismo.html\" target=\"_blank\" rel=\"noopener noreferrer\"><strong>Ski Trab<\/strong><\/a> die neuen Skitourenski den <strong>MAESTRO.2<\/strong> und den <strong>MAGICO.2<\/strong><strong>\u00a0\/ ORTLES MAXIMO<\/strong> \/ <strong>GARA AERO<\/strong> und den <strong>POWERCUP<\/strong><\/p>\n<\/div><\/div><\/div>[vc_gallery type=&#8220;flexslider_slide&#8220; interval=&#8220;3&#8243; images=&#8220;20327,20326,20325&#8243; img_size=&#8220;full&#8220;][vc_separator]<div class=\"zozo-parallax-header wpb_animate_when_almost_visible wpb_bottom-to-top\"><div class=\"parallax-header\"><div class=\"parallax-desc default-style text-left\"><p>Komm vorbei und bring deine Freunde und Familie mit \u2013 ob nur zum durch flanieren oder sogar was auszuprobieren \u2013 beim <strong>EPIC Testival<\/strong> ist f\u00fcr Jede\/n was dabei!<\/p>\n<\/div><\/div><\/div>[\/vc_column][vc_column width=&#8220;1\/3&#8243;]<style type=\"text\/css\" scoped>#feature-box-3 .grid-item .grid-box-inner .grid-icon { color:#0081ab; }\n<\/style><div class=\"zozo-feature-box feature-box-style style-info-box style-box-with-bg style-sep-yes vc_custom_1636120359536 wpb_animate_when_almost_visible wpb_right-to-left\" id=\"feature-box-3\"><div class=\"grid-item\"><div class=\"grid-box-inner grid-text-center grid-box-normal grid-box-icon-circle grid-icon-shape grid-shape-none\"><div class=\"grid-icon-wrapper no-hover shape-icon-circle\"><i class=\"fa fa-clock-o grid-icon zozo-icon icon-shape icon-circle icon-skin-default icon-bg pattern-1 icon-normal\"><\/i><\/div><h5 class=\"grid-title-below grid-title \" style=\"font-size:26px;\">\u00d6FFNUNGSZEITEN<\/h5><div class=\"grid-desc\" ><p><strong>EPIC Testival &#8211; Produkt Test<br \/>\n<\/strong><strong>(Monte Bondone)<br \/>\n<\/strong>22. Januar 2022<br \/>\n14.00 \u2013 17.30 Uhr<\/p>\n<\/div><\/div><\/div><\/div>[vc_single_image image=&#8220;18088&#8243; img_size=&#8220;full&#8220; alignment=&#8220;center&#8220; css=&#8220;.vc_custom_1582880001822{margin-top: 0px !important;border-bottom-width: 8px !important;padding-top: 0px !important;border-bottom-color: #0081ab !important;border-bottom-style: solid !important;}&#8220;][\/vc_column][\/vc_row]<\/p>\n<\/div>","protected":false},"excerpt":{"rendered":"<p>[vc_row content_placement=&#8220;top&#8220; typo_style=&#8220;default&#8220; css=&#8220;.vc_custom_1582877822181{margin-top: 0px !important;margin-bottom: 0px !important;padding-top: 0px !important;padding-bottom: 0px !important;}&#8220;][vc_column width=&#8220;2\/3&#8243;][vc_single_image image=&#8220;18091&#8243; img_size=&#8220;full&#8220;][\/vc_column][vc_column width=&#8220;1\/3&#8243;][vc_single_image image=&#8220;18308&#8243; img_size=&#8220;full&#8220; alignment=&#8220;center&#8220; css=&#8220;.vc_custom_1582882538342{margin-top: 0px !important;border-bottom-width: 8px !important;padding-top: 0px !important;border-bottom-color: #0081ab !important;border-bottom-style: solid !important;}&#8220;][\/vc_column][\/vc_row][vc_row][vc_column][vc_separator][\/vc_column][\/vc_row][vc_row&#8230;<\/p>\n","protected":false},"author":1,"featured_media":0,"parent":0,"menu_order":0,"comment_status":"closed","ping_status":"closed","template":"","meta":{"footnotes":""},"class_list":["post-14761","page","type-page","status-publish","hentry"],"aioseo_notices":[],"_links":{"self":[{"href":"https:\/\/www.epicskitour.com\/de\/wp-json\/wp\/v2\/pages\/14761"}],"collection":[{"href":"https:\/\/www.epicskitour.com\/de\/wp-json\/wp\/v2\/pages"}],"about":[{"href":"https:\/\/www.epicskitour.com\/de\/wp-json\/wp\/v2\/types\/page"}],"author":[{"embeddable":true,"href":"https:\/\/www.epicskitour.com\/de\/wp-json\/wp\/v2\/users\/1"}],"replies":[{"embeddable":true,"href":"https:\/\/www.epicskitour.com\/de\/wp-json\/wp\/v2\/comments?post=14761"}],"version-history":[{"count":35,"href":"https:\/\/www.epicskitour.com\/de\/wp-json\/wp\/v2\/pages\/14761\/revisions"}],"predecessor-version":[{"id":20789,"href":"https:\/\/www.epicskitour.com\/de\/wp-json\/wp\/v2\/pages\/14761\/revisions\/20789"}],"wp:attachment":[{"href":"https:\/\/www.epicskitour.com\/de\/wp-json\/wp\/v2\/media?parent=14761"}],"curies":[{"name":"wp","href":"https:\/\/api.w.org\/{rel}","templated":true}]}}