{"id":14870,"date":"2019-09-04T16:24:17","date_gmt":"2019-09-04T14:24:17","guid":{"rendered":"https:\/\/www.epicskitour.com\/davos-ch\/"},"modified":"2020-01-07T10:15:16","modified_gmt":"2020-01-07T09:15:16","slug":"davos","status":"publish","type":"page","link":"https:\/\/www.epicskitour.com\/de\/davos\/","title":{"rendered":"EPIC Ski Tour DAVOS (CH)"},"content":{"rendered":"<div class=\"wpb-content-wrapper\"><p>[vc_row full_width=&#8220;stretch_row&#8220; full_height=&#8220;yes&#8220; content_placement=&#8220;middle&#8220; typo_style=&#8220;light&#8220; bg_type=&#8220;bg_color&#8220; bg_override=&#8220;1&#8243; css=&#8220;.vc_custom_1567606265246{margin-top: 0px !important;margin-bottom: 0px !important;padding-top: 0px !important;padding-bottom: 0px !important;background-image: url(https:\/\/www.epicskitour.com\/wp-content\/uploads\/2019\/09\/raduno-sci-alpinismo-la-sportiva-epcskitour-davos-header.jpg?id=14607) !important;background-position: center !important;background-repeat: no-repeat !important;background-size: cover !important;}&#8220; bg_color_value=&#8220;rgba(0,0,0,0.35)&#8220;][vc_column][vc_single_image image=&#8220;14634&#8243; img_size=&#8220;full&#8220; alignment=&#8220;center&#8220;][\/vc_column][\/vc_row][vc_row match_height=&#8220;yes&#8220; typo_style=&#8220;light&#8220; css=&#8220;.vc_custom_1567693038555{margin-top: 0px !important;margin-bottom: 0px !important;padding-top: 0px !important;padding-bottom: 0px !important;}&#8220;][vc_column width=&#8220;1\/5&#8243; css=&#8220;.vc_custom_1567693048716{margin-right: 0px !important;margin-left: 0px !important;padding-right: 0px !important;padding-left: 0px !important;background-color: #0080a9 !important;}&#8220;]<div class=\"zozo-feature-box feature-box-style style-default-box style-sep-yes vc_custom_1576848187394\" id=\"feature-box-1\"><div class=\"grid-item\"><div class=\"grid-box-inner grid-text-center grid-box-image grid-shape-none\"><div class=\"grid-image-wrapper zozo-image-wrapper img-none img-size-small\"><a href=\"https:\/\/www.epicskitour.com\/de\/davos\/info\/\" title=\"Location map EPIC Ski Tour Davos\" target=\"_self\"><img loading=\"lazy\" decoding=\"async\" width=\"85\" height=\"86\" src=\"https:\/\/www.epicskitour.com\/wp-content\/uploads\/2019\/09\/info-icon-1.png\" class=\"img-none attachment-theme-mid\" alt=\"\" title=\"info-icon\" \/><\/a><\/div><a href=\"https:\/\/www.epicskitour.com\/de\/davos\/info\/\" title=\"Location map EPIC Ski Tour Davos\" target=\"_self\"><h2 class=\"grid-title-below grid-title \" style=\"font-size:28px;\">INFO<\/h2><\/a><\/div><\/div><\/div>[\/vc_column][vc_column width=&#8220;1\/5&#8243; css=&#8220;.vc_custom_1567604357986{background-color: #006d8d !important;}&#8220;]<div class=\"zozo-feature-box feature-box-style style-default-box style-sep-yes vc_custom_1575643032260\" id=\"feature-box-2\"><div class=\"grid-item\"><div class=\"grid-box-inner grid-text-center grid-box-image grid-shape-none\"><div class=\"grid-image-wrapper zozo-image-wrapper img-none img-size-small\"><a href=\"https:\/\/www.epicskitour.com\/de\/davos\/programm\/\" title=\"Programm EPIC Ski Tour Davos\" target=\"_self\"><img loading=\"lazy\" decoding=\"async\" width=\"77\" height=\"88\" src=\"https:\/\/www.epicskitour.com\/wp-content\/uploads\/2019\/09\/program-icon.png\" class=\"img-none attachment-theme-mid\" alt=\"\" title=\"program-icon\" \/><\/a><\/div><a href=\"https:\/\/www.epicskitour.com\/de\/davos\/programm\/\" title=\"Programma EPIC Ski Tour Davos\" target=\"_self\"><h2 class=\"grid-title-below grid-title \" style=\"font-size:28px;\">PROGRAMM<\/h2><\/a><\/div><\/div><\/div>[\/vc_column][vc_column width=&#8220;1\/5&#8243; css=&#8220;.vc_custom_1567604413337{background-color: #254d6b !important;}&#8220;]<div class=\"zozo-feature-box feature-box-style style-default-box style-sep-yes vc_custom_1578388512193\" id=\"feature-box-3\"><div class=\"grid-item\"><div class=\"grid-box-inner grid-text-center grid-box-image grid-shape-none\"><div class=\"grid-image-wrapper zozo-image-wrapper img-none img-size-small\"><a href=\"https:\/\/www.epicskitour.com\/de\/davos\/strecke\/\" title=\"Strecke EPIC Ski Tour Davos\" target=\"_self\"><img loading=\"lazy\" decoding=\"async\" width=\"90\" height=\"90\" src=\"https:\/\/www.epicskitour.com\/wp-content\/uploads\/2019\/09\/percorsi-icon.png\" class=\"img-none attachment-theme-mid\" alt=\"\" title=\"percorsi-icon\" \/><\/a><\/div><a href=\"https:\/\/www.epicskitour.com\/de\/davos\/strecke\/\" title=\"Strecke EPIC Ski Tour Davos\" target=\"_self\"><h2 class=\"grid-title-below grid-title \" style=\"font-size:28px;\">STRECKEN<\/h2><\/a><\/div><\/div><\/div>[\/vc_column][vc_column width=&#8220;1\/5&#8243; css=&#8220;.vc_custom_1567604406924{background-color: #f6bc00 !important;}&#8220;]<div class=\"zozo-feature-box feature-box-style style-default-box style-sep-yes vc_custom_1577049574426\" id=\"feature-box-4\"><div class=\"grid-item\"><div class=\"grid-box-inner grid-text-center grid-box-image grid-shape-none\"><div class=\"grid-image-wrapper zozo-image-wrapper img-none img-size-small\"><a href=\"https:\/\/www.endu.net\/en\/events\/epic-ski-tour-davos-vertical-race\/results\" title=\"Rangliste\" target=\"_blank\"><img loading=\"lazy\" decoding=\"async\" width=\"111\" height=\"84\" src=\"https:\/\/www.epicskitour.com\/wp-content\/uploads\/2019\/12\/classifica-icon.png\" class=\"img-none attachment-theme-mid\" alt=\"\" title=\"classifica-icon\" \/><\/a><\/div><a href=\"https:\/\/www.endu.net\/en\/events\/epic-ski-tour-davos-vertical-race\/results\" title=\"Ranking Vertical\" target=\"_blank\"><h2 class=\"grid-title-below grid-title \" style=\"font-size:28px;\">RANKING VERTICAL<\/h2><\/a><\/div><\/div><\/div>[\/vc_column][vc_column width=&#8220;1\/5&#8243; css=&#8220;.vc_custom_1577028831805{background-color: #0080a9 !important;}&#8220;]<div class=\"zozo-feature-box feature-box-style style-default-box style-sep-yes vc_custom_1577049600514\" id=\"feature-box-5\"><div class=\"grid-item\"><div class=\"grid-box-inner grid-text-center grid-box-image grid-shape-none\"><div class=\"grid-image-wrapper zozo-image-wrapper img-none img-size-small\"><a href=\"https:\/\/www.endu.net\/en\/events\/epic-ski-tour-davos-individual-race\/results\" title=\"Rangliste\" target=\"_blank\"><img loading=\"lazy\" decoding=\"async\" width=\"111\" height=\"84\" src=\"https:\/\/www.epicskitour.com\/wp-content\/uploads\/2019\/12\/classifica-icon.png\" class=\"img-none attachment-theme-mid\" alt=\"\" title=\"classifica-icon\" \/><\/a><\/div><a href=\"https:\/\/www.endu.net\/en\/events\/epic-ski-tour-davos-individual-race\/results\" title=\"Rangliste Individual\" target=\"_blank\"><h2 class=\"grid-title-below grid-title \" style=\"font-size:28px;\">RANKING INDIVIDUAL<\/h2><\/a><\/div><\/div><\/div>[\/vc_column][\/vc_row][vc_row center_row=&#8220;yes&#8220; typo_style=&#8220;default&#8220;][vc_column]<div class=\"zozo-parallax-header\"><div class=\"parallax-header\"><h3 class=\"parallax-title text-center\">NEWS AUS DAVOS<\/h3><\/div><\/div><div class=\"zozo-blog-posts-wrapper\"><div id=\"archive-posts-container\" class=\"zozo-posts-container grid-layout grid-col-3 clearfix\"><article id=\"post-17025\" class=\"grid-posts post-17025 post type-post status-publish format-standard has-post-thumbnail hentry category-davos-ch category-news-de\"><div class=\"post-inner-wrapper\">\r\n\r\n\t\t<div class=\"post-featured-image only-image\">\r\n\t\t\t<div class=\"entry-thumbnail-wrapper\">\r\n\t\t\t\t<div class=\"entry-thumbnail\">\r\n\t\t\t\t\t\t\t\t\t\t\t<a href=\"https:\/\/www.epicskitour.com\/de\/danke-an-alle-freiwilligen-helfer\/\" title=\"Danke an ALLE freiwilligen Helfer!\" class=\"post-img\">\r\n\t\t\t\t\t\t\t\t\t\t\r\n\t\t\t\t\t<img loading=\"lazy\" decoding=\"async\" width=\"570\" height=\"370\" src=\"https:\/\/www.epicskitour.com\/wp-content\/uploads\/2020\/01\/staff-epicskitour-davos-2019.jpg\" class=\"attachment-blog-medium size-blog-medium wp-post-image\" alt=\"\" \/>\t\t\t\t\t\r\n\t\t\t\t\t\t\t\t\t\t\t<\/a>\r\n\t\t\t\t\t\t\t\t\t<\/div>\r\n\t\t\t<\/div>\r\n\t\t<\/div>\r\n\t\t\r\n\t\t\t\t\r\n\t\t\r\n<div class=\"posts-content-container\"><div class=\"entry-header\">\r\n\t\t\t\t\t\t\t\t\t<h2 class=\"entry-title\"><a href=\"https:\/\/www.epicskitour.com\/de\/danke-an-alle-freiwilligen-helfer\/\" rel=\"bookmark\" title=\"Danke an ALLE freiwilligen Helfer!\">Danke an ALLE freiwilligen Helfer!<\/a><\/h2>\r\n\t\t\t\t\t\t\t\t<\/div><div class=\"entry-summary clearfix\"><p>Ohne eure tolle Arbeit und gro\u00dfe Hilfe w\u00e4re die EPIC Ski Tour in DAVOS niemals m\u00f6glich gewesen! DANKE<\/p><\/div><div class=\"entry-meta-wrapper\"><ul class=\"entry-meta\"><li class=\"posted-date\"><i class=\"fa fa-calendar\"><\/i>07.01.2020<\/li><\/ul><\/div><div class=\"entry-footer clearfix\"><div class=\"read-more\"><a href=\"https:\/\/www.epicskitour.com\/de\/danke-an-alle-freiwilligen-helfer\/\" class=\"btn-more read-more-link\">+ MORE<\/a><\/div><\/div><\/div><\/div><\/article><article id=\"post-16645\" class=\"grid-posts post-16645 post type-post status-publish format-standard has-post-thumbnail hentry category-davos-ch category-news-de\"><div class=\"post-inner-wrapper\">\r\n\r\n\t\t<div class=\"post-featured-image only-image\">\r\n\t\t\t<div class=\"entry-thumbnail-wrapper\">\r\n\t\t\t\t<div class=\"entry-thumbnail\">\r\n\t\t\t\t\t\t\t\t\t\t\t<a href=\"https:\/\/www.epicskitour.com\/de\/absage-4all-sonntag-in-davos\/\" title=\"Absage &#8222;4ALL&#8220; Sonntag in Davos\" class=\"post-img\">\r\n\t\t\t\t\t\t\t\t\t\t\r\n\t\t\t\t\t<img loading=\"lazy\" decoding=\"async\" width=\"570\" height=\"370\" src=\"https:\/\/www.epicskitour.com\/wp-content\/uploads\/2019\/11\/epicskitour-davos-4all.jpg\" class=\"attachment-blog-medium size-blog-medium wp-post-image\" alt=\"\" \/>\t\t\t\t\t\r\n\t\t\t\t\t\t\t\t\t\t\t<\/a>\r\n\t\t\t\t\t\t\t\t\t<\/div>\r\n\t\t\t<\/div>\r\n\t\t<\/div>\r\n\t\t\r\n\t\t\t\t\r\n\t\t\r\n<div class=\"posts-content-container\"><div class=\"entry-header\">\r\n\t\t\t\t\t\t\t\t\t<h2 class=\"entry-title\"><a href=\"https:\/\/www.epicskitour.com\/de\/absage-4all-sonntag-in-davos\/\" rel=\"bookmark\" title=\"Absage &#8222;4ALL&#8220; Sonntag in Davos\">Absage &#8222;4ALL&#8220; Sonntag in Davos<\/a><\/h2>\r\n\t\t\t\t\t\t\t\t<\/div><div class=\"entry-summary clearfix\"><p>Aufgrund der Wette- und Schneelage hat sich das OK entschieden die Testival &amp; Expo Area an diesem Sonntag in Davos abzusagen.<\/p><\/div><div class=\"entry-meta-wrapper\"><ul class=\"entry-meta\"><li class=\"posted-date\"><i class=\"fa fa-calendar\"><\/i>22.12.2019<\/li><\/ul><\/div><div class=\"entry-footer clearfix\"><div class=\"read-more\"><a href=\"https:\/\/www.epicskitour.com\/de\/absage-4all-sonntag-in-davos\/\" class=\"btn-more read-more-link\">+ MORE<\/a><\/div><\/div><\/div><\/div><\/article><article id=\"post-16640\" class=\"grid-posts post-16640 post type-post status-publish format-link has-post-thumbnail hentry category-davos-ch category-news-de post_format-post-format-link\"><div class=\"post-inner-wrapper\">\r\n\r\n\t\t<div class=\"post-featured-image only-image\">\r\n\t\t\t<div class=\"entry-thumbnail-wrapper\">\r\n\t\t\t\t<div class=\"entry-thumbnail\">\r\n\t\t\t\t\t\t\t\t\t\t\t<a href=\"https:\/\/www.endu.net\/it\/events\/epic-ski-tour-davos-individual-race\/results\" title=\"EPIC Ski Tour Davos &#8211; Rangliste Individual Race\" target=\"_blank\" class=\"post-img\">\r\n\t\t\t\t\t\t\t\t\t\t\r\n\t\t\t\t\t<img loading=\"lazy\" decoding=\"async\" width=\"570\" height=\"370\" src=\"https:\/\/www.epicskitour.com\/wp-content\/uploads\/2019\/12\/Risorsa-5-80-1.jpg\" class=\"attachment-blog-medium size-blog-medium wp-post-image\" alt=\"\" \/>\t\t\t\t\t\r\n\t\t\t\t\t\t\t\t\t\t\t<\/a>\r\n\t\t\t\t\t\t\t\t\t<\/div>\r\n\t\t\t<\/div>\r\n\t\t<\/div>\r\n\t\t\r\n\t\t\t\t\r\n\t\t\r\n<div class=\"posts-content-container\"><div class=\"entry-header\">\r\n\t\t\t\t\t\t\t\t\t<h2 class=\"entry-title\"><a href=\"https:\/\/www.endu.net\/it\/events\/epic-ski-tour-davos-individual-race\/results\" rel=\"bookmark\" title=\"EPIC Ski Tour Davos &#8211; Rangliste Individual Race\" target=\"_blank\">EPIC Ski Tour Davos &#8211; Rangliste Individual Race<\/a><\/h2>\r\n\t\t\t\t\t\t\t\t<\/div><div class=\"entry-summary clearfix\"><p><\/p><\/div><div class=\"entry-meta-wrapper\"><ul class=\"entry-meta\"><li class=\"posted-date\"><i class=\"fa fa-calendar\"><\/i>21.12.2019<\/li><\/ul><\/div><div class=\"entry-footer clearfix\"><div class=\"read-more\"><a href=\"https:\/\/www.endu.net\/it\/events\/epic-ski-tour-davos-individual-race\/results\" class=\"btn-more read-more-link\" target=\"_blank\">+ MORE<\/a><\/div><\/div><\/div><\/div><\/article><\/div><\/div>[\/vc_column][\/vc_row][vc_row typo_style=&#8220;light&#8220; bg_type=&#8220;image&#8220; parallax_style=&#8220;vcpb-vz-jquery&#8220; bg_image_new=&#8220;id^9985|url^https:\/\/www.epicskitour.com\/wp-content\/uploads\/2015\/10\/bg-gallery.jpg|caption^null|alt^null|title^bg-gallery|description^null&#8220; bg_image_repeat=&#8220;no-repeat&#8220; enable_overlay=&#8220;enable_overlay_value&#8220; overlay_color=&#8220;rgba(0,0,0,0.5)&#8220;][vc_column]<style type=\"text\/css\" scoped>#feature-box-6 .grid-item .grid-box-inner .grid-icon { background-color:#f6bc00; color:#0080a9; }\n<\/style><div class=\"zozo-feature-box feature-box-style style-default-box style-sep-yes \" id=\"feature-box-6\"><div class=\"grid-item\"><div class=\"grid-box-inner grid-text-center grid-box-exlarge grid-box-icon-circle grid-icon-shape grid-shape-none\"><div class=\"grid-icon-wrapper no-hover shape-icon-circle\"><i class=\"fa fa-camera grid-icon zozo-icon icon-shape icon-circle icon-skin-default icon-bg pattern-1 icon-exlarge\"><\/i><\/div><h3 class=\"grid-title-below grid-title text-center \" >Media<\/h3><\/div><\/div><\/div>[vc_row_inner][vc_column_inner width=&#8220;1\/3&#8243;][vc_single_image image=&#8220;16757&#8243; img_size=&#8220;full&#8220; alignment=&#8220;center&#8220; onclick=&#8220;custom_link&#8220; link=&#8220;https:\/\/www.epicskitour.com\/de\/photogallery-davos-vertical-race\/&#8220;][vc_btn title=&#8220;DAVOS VERTICAL RACE&#8220; style=&#8220;custom&#8220; custom_background=&#8220;#fcc300&#8243; custom_text=&#8220;#006c91&#8243; align=&#8220;center&#8220; i_icon_fontawesome=&#8220;fa fa-picture-o&#8220; add_icon=&#8220;true&#8220; link=&#8220;url:https%3A%2F%2Fwww.epicskitour.com%2Fde%2Fphotogallery-davos-vertical-race%2F|title:Photogallery%20Davos%202019%20%E2%80%93%20Vertical%20Race||&#8220;][\/vc_column_inner][vc_column_inner width=&#8220;1\/3&#8243;][vc_single_image image=&#8220;16851&#8243; img_size=&#8220;full&#8220; alignment=&#8220;center&#8220; onclick=&#8220;custom_link&#8220; link=&#8220;https:\/\/www.epicskitour.com\/de\/photogallery-davos-individual-race\/&#8220;][vc_btn title=&#8220;DAVOS INDIVIDUAL RACE&#8220; style=&#8220;custom&#8220; custom_background=&#8220;#fcc300&#8243; custom_text=&#8220;#006c91&#8243; align=&#8220;center&#8220; i_icon_fontawesome=&#8220;fa fa-picture-o&#8220; add_icon=&#8220;true&#8220; link=&#8220;url:https%3A%2F%2Fwww.epicskitour.com%2Fde%2Fphotogallery-davos-individual-race%2F|title:Photogallery%20Davos%202019%20%E2%80%93%20Vertical%20Race||&#8220;][\/vc_column_inner][vc_column_inner width=&#8220;1\/3&#8243;][vc_single_image image=&#8220;16905&#8243; img_size=&#8220;full&#8220; alignment=&#8220;center&#8220; onclick=&#8220;custom_link&#8220; link=&#8220;https:\/\/www.epicskitour.com\/de\/gallery\/video-2019\/&#8220;][vc_btn title=&#8220;VIDEO&#8220; style=&#8220;custom&#8220; custom_background=&#8220;#fcc300&#8243; custom_text=&#8220;#006c91&#8243; align=&#8220;center&#8220; i_icon_fontawesome=&#8220;fa fa-video-camera&#8220; add_icon=&#8220;true&#8220; link=&#8220;url:https%3A%2F%2Fwww.epicskitour.com%2Fde%2Fgallery%2Fvideo-2019%2F|title:Photogallery%20Davos%202019%20%E2%80%93%20Vertical%20Race||&#8220;][\/vc_column_inner][\/vc_row_inner][\/vc_column][\/vc_row][vc_row full_width=&#8220;stretch_row&#8220; center_row=&#8220;yes&#8220; typo_style=&#8220;light&#8220; css=&#8220;.vc_custom_1568106053604{margin-bottom: 0px !important;padding-bottom: 5px !important;background-color: #0080a9 !important;}&#8220; el_id=&#8220;incoming&#8220;][vc_column]<div class=\"zozo-parallax-header\"><div class=\"parallax-header\"><h3 class=\"parallax-title text-center\" style=\"color:#ffffff;\">\u00dcbernachten in der wundersch\u00f6nen Stadt DAVOS inmitten der Alpen<\/h3><\/div><\/div>[\/vc_column][\/vc_row][vc_row match_height=&#8220;yes&#8220; center_row=&#8220;yes&#8220; typo_style=&#8220;light&#8220; css=&#8220;.vc_custom_1568035357682{margin-top: 0px !important;margin-bottom: 0px !important;padding-top: 0px !important;padding-bottom: 60px !important;background-color: #0080a9 !important;}&#8220;][vc_column width=&#8220;1\/3&#8243; typo_style=&#8220;light&#8220; css=&#8220;.vc_custom_1568024338250{background-color: #0080a9 !important;}&#8220;][vc_raw_html]JTVCYXN0ZXJvJTIwaWQlM0QlMjcxNDczNiUyNyU1RA==[\/vc_raw_html][\/vc_column][vc_column width=&#8220;1\/3&#8243; css=&#8220;.vc_custom_1568035017580{border-radius: 5px !important;}&#8220;][vc_raw_html]JTNDaWZyYW1lJTIwc3JjJTNEJTIyaHR0cHMlM0ElMkYlMkZ3d3cuZ29vZ2xlLmNvbSUyRm1hcHMlMkZlbWJlZCUzRnBiJTNEJTIxMW0xOCUyMTFtMTIlMjExbTMlMjExZDE3NDkxMi4yMzM2ODE5ODY4NCUyMTJkOS43MDM4MzY5MDA3MzMxOCUyMTNkNDYuNzY0ODI0NDg5NTkzMjQ1JTIxMm0zJTIxMWYwJTIxMmYwJTIxM2YwJTIxM20yJTIxMWkxMDI0JTIxMmk3NjglMjE0ZjEzLjElMjEzbTMlMjExbTIlMjExczB4NDc4NGExMTBkZjY0YTU5ZCUyNTNBMHhkMDMzMDY4OWRmMmQ5NmQ4JTIxMnNEYXZvcyUyNTJDJTI1MjBTdml6emVyYSUyMTVlMCUyMTNtMiUyMTFzaXQlMjEyc2l0JTIxNHYxNTY3NzU5ODAyNTIwJTIxNW0yJTIxMXNpdCUyMTJzaXQlMjIlMjB3aWR0aCUzRCUyMjEwMCUyNSUyMiUyMGhlaWdodCUzRCUyMjQ0NXB4JTIyJTIwZnJhbWVib3JkZXIlM0QlMjIwJTIyJTIwc3R5bGUlM0QlMjJib3JkZXIlM0EwJTNCJTIyJTIwYWxsb3dmdWxsc2NyZWVuJTNEJTIyJTIyJTNFJTNDJTJGaWZyYW1lJTNF[\/vc_raw_html][\/vc_column][vc_column width=&#8220;1\/3&#8243; css=&#8220;.vc_custom_1568035778187{border-radius: 5px !important;}&#8220;]<div class=\"zozo-feature-box feature-box-style style-default-box style-sep-yes vc_custom_1568276568188\" id=\"feature-box-7\"><div class=\"grid-item\"><div class=\"grid-box-inner grid-text-center grid-box-image grid-shape-none\"><div class=\"grid-image-wrapper zozo-image-wrapper img-none img-size-small\"><a href=\"https:\/\/www.mountainhotels.ch\/angebot\/davos-race\/\" title=\"\" target=\"_blank\"><img loading=\"lazy\" decoding=\"async\" width=\"150\" height=\"135\" src=\"https:\/\/www.epicskitour.com\/wp-content\/uploads\/2019\/09\/MountainHotels_white_2019_booking_2.png\" class=\"img-none attachment-theme-mid\" alt=\"\" title=\"MountainHotels_white_2019_booking_2\" \/><\/a><\/div><div class=\"grid-desc text-center\" ><p><strong>BUCHE JETZT DEINE \u00dcBERNACHTUNG<\/strong><br \/>\num bei der EPIC Ski Tour dabei zu sein!<\/p>\n<\/div><div class=\"grid-button text-center\"><a href=\"https:\/\/www.mountainhotels.ch\/angebot\/davos-race\/\" class=\"btn btn-fbox-more\" title=\"\" target=\"_blank\">BOOKING<\/a><\/div><\/div><\/div><\/div>[\/vc_column][\/vc_row][vc_row center_row=&#8220;yes&#8220; typo_style=&#8220;default&#8220;][vc_column]<div class=\"zozo-parallax-header\"><div class=\"parallax-header\"><h3 class=\"parallax-title text-center\">Wir danken unseren Sponsoren!<\/h3><\/div><\/div><div class=\"zozo-client-slider-wrapper\"><div id=\"zozo-client-slider-1\" class=\"zozo-owl-carousel zozo-client-slider owl-carousel\" data-items=\"5\"  data-slideby=\"1\"  data-items-tablet=\"2\"  data-items-mobile-landscape=\"2\"  data-items-mobile-portrait=\"1\"  data-autoplay=\"true\"  data-autoplay-timeout=\"2000\"  data-loop=\"true\"  data-margin=\"10\"  data-pagination=\"false\"  data-navigation=\"true\" ><div class=\"client-item\"><a href=\"https:\/\/www.lasportiva.com\/sci-alpinismo\/\" target=\"_blank\"><img loading=\"lazy\" decoding=\"async\" width=\"250\" height=\"250\" src=\"https:\/\/www.epicskitour.com\/wp-content\/uploads\/2018\/10\/sponsor-epicskitour-lasportiva.jpg\" class=\"attachment-full\" alt=\"\" title=\"sponsor-epicskitour-lasportiva\" srcset=\"https:\/\/www.epicskitour.com\/wp-content\/uploads\/2018\/10\/sponsor-epicskitour-lasportiva.jpg 250w, https:\/\/www.epicskitour.com\/wp-content\/uploads\/2018\/10\/sponsor-epicskitour-lasportiva-100x100.jpg 100w, https:\/\/www.epicskitour.com\/wp-content\/uploads\/2018\/10\/sponsor-epicskitour-lasportiva-85x85.jpg 85w\" sizes=\"(max-width: 250px) 100vw, 250px\" \/><\/a><\/div><div class=\"client-item\"><a href=\"https:\/\/www.fiemme3000.it\/\" target=\"_blank\"><img loading=\"lazy\" decoding=\"async\" width=\"250\" height=\"250\" src=\"https:\/\/www.epicskitour.com\/wp-content\/uploads\/2018\/09\/fiemme-3000-sponsor-epicskitour-0987.png\" class=\"attachment-full\" alt=\"\" title=\"fiemme-3000-sponsor-epicskitour-0987\" srcset=\"https:\/\/www.epicskitour.com\/wp-content\/uploads\/2018\/09\/fiemme-3000-sponsor-epicskitour-0987.png 250w, https:\/\/www.epicskitour.com\/wp-content\/uploads\/2018\/09\/fiemme-3000-sponsor-epicskitour-0987-85x85.png 85w, https:\/\/www.epicskitour.com\/wp-content\/uploads\/2018\/09\/fiemme-3000-sponsor-epicskitour-0987-100x100.png 100w\" sizes=\"(max-width: 250px) 100vw, 250px\" \/><\/a><\/div><div class=\"client-item\"><a href=\"https:\/\/www.engelvoelkers.com\/it-it\/trento\/\" target=\"_blank\"><img loading=\"lazy\" decoding=\"async\" width=\"250\" height=\"250\" src=\"https:\/\/www.epicskitour.com\/wp-content\/uploads\/2018\/02\/engel-e-volkers-sponsor-epicskitour2.jpg\" class=\"attachment-full\" alt=\"\" title=\"engel-e-volkers-sponsor-epicskitour2\" srcset=\"https:\/\/www.epicskitour.com\/wp-content\/uploads\/2018\/02\/engel-e-volkers-sponsor-epicskitour2.jpg 250w, https:\/\/www.epicskitour.com\/wp-content\/uploads\/2018\/02\/engel-e-volkers-sponsor-epicskitour2-100x100.jpg 100w, https:\/\/www.epicskitour.com\/wp-content\/uploads\/2018\/02\/engel-e-volkers-sponsor-epicskitour2-85x85.jpg 85w\" sizes=\"(max-width: 250px) 100vw, 250px\" \/><\/a><\/div><div class=\"client-item\"><a href=\"https:\/\/www.uynsports.com\/it_it\/\" target=\"_blank\"><img loading=\"lazy\" decoding=\"async\" width=\"250\" height=\"250\" src=\"https:\/\/www.epicskitour.com\/wp-content\/uploads\/2018\/08\/Uyn-sponsor-epicskitour.png\" class=\"attachment-full\" alt=\"\" title=\"Uyn-sponsor-epicskitour\" srcset=\"https:\/\/www.epicskitour.com\/wp-content\/uploads\/2018\/08\/Uyn-sponsor-epicskitour.png 250w, https:\/\/www.epicskitour.com\/wp-content\/uploads\/2018\/08\/Uyn-sponsor-epicskitour-100x100.png 100w, https:\/\/www.epicskitour.com\/wp-content\/uploads\/2018\/08\/Uyn-sponsor-epicskitour-85x85.png 85w\" sizes=\"(max-width: 250px) 100vw, 250px\" \/><\/a><\/div><div class=\"client-item\"><a href=\"https:\/\/www.fierabolzano.it\/prowinter\/\" target=\"_blank\"><img loading=\"lazy\" decoding=\"async\" width=\"250\" height=\"250\" src=\"https:\/\/www.epicskitour.com\/wp-content\/uploads\/2019\/10\/prowinter-sponsor-epicskitour.png\" class=\"attachment-full\" alt=\"\" title=\"prowinter-sponsor-epicskitour\" \/><\/a><\/div><\/div><\/div>[\/vc_column][\/vc_row]<\/p>\n<\/div>","protected":false},"excerpt":{"rendered":"<p>[vc_row full_width=&#8220;stretch_row&#8220; full_height=&#8220;yes&#8220; content_placement=&#8220;middle&#8220; typo_style=&#8220;light&#8220; bg_type=&#8220;bg_color&#8220; bg_override=&#8220;1&#8243; css=&#8220;.vc_custom_1567606265246{margin-top: 0px !important;margin-bottom: 0px !important;padding-top: 0px !important;padding-bottom: 0px !important;background-image: url(https:\/\/www.epicskitour.com\/wp-content\/uploads\/2019\/09\/raduno-sci-alpinismo-la-sportiva-epcskitour-davos-header.jpg?id=14607) !important;background-position: center !important;background-repeat: no-repeat !important;background-size: cover !important;}&#8220; bg_color_value=&#8220;rgba(0,0,0,0.35)&#8220;][vc_column][vc_single_image image=&#8220;14634&#8243; img_size=&#8220;full&#8220; alignment=&#8220;center&#8220;][\/vc_column][\/vc_row][vc_row match_height=&#8220;yes&#8220; typo_style=&#8220;light&#8220;&#8230;<\/p>\n","protected":false},"author":1,"featured_media":0,"parent":0,"menu_order":0,"comment_status":"closed","ping_status":"closed","template":"template-fullwidth.php","meta":{"footnotes":""},"class_list":["post-14870","page","type-page","status-publish","hentry"],"aioseo_notices":[],"_links":{"self":[{"href":"https:\/\/www.epicskitour.com\/de\/wp-json\/wp\/v2\/pages\/14870"}],"collection":[{"href":"https:\/\/www.epicskitour.com\/de\/wp-json\/wp\/v2\/pages"}],"about":[{"href":"https:\/\/www.epicskitour.com\/de\/wp-json\/wp\/v2\/types\/page"}],"author":[{"embeddable":true,"href":"https:\/\/www.epicskitour.com\/de\/wp-json\/wp\/v2\/users\/1"}],"replies":[{"embeddable":true,"href":"https:\/\/www.epicskitour.com\/de\/wp-json\/wp\/v2\/comments?post=14870"}],"version-history":[{"count":25,"href":"https:\/\/www.epicskitour.com\/de\/wp-json\/wp\/v2\/pages\/14870\/revisions"}],"predecessor-version":[{"id":16998,"href":"https:\/\/www.epicskitour.com\/de\/wp-json\/wp\/v2\/pages\/14870\/revisions\/16998"}],"wp:attachment":[{"href":"https:\/\/www.epicskitour.com\/de\/wp-json\/wp\/v2\/media?parent=14870"}],"curies":[{"name":"wp","href":"https:\/\/api.w.org\/{rel}","templated":true}]}}