{"id":16502,"date":"2019-12-20T16:23:02","date_gmt":"2019-12-20T15:23:02","guid":{"rendered":"https:\/\/www.epicskitour.com\/?page_id=16502"},"modified":"2023-02-23T11:08:26","modified_gmt":"2023-02-23T10:08:26","slug":"reglement","status":"publish","type":"page","link":"https:\/\/www.epicskitour.com\/de\/trentino\/reglement\/","title":{"rendered":"Reglement EPIC Ski Tour TRENTO 2022"},"content":{"rendered":"<div class=\"wpb-content-wrapper\"><p>[vc_row el_id=&#8220;info&#8220;][vc_column]<div class=\"zozo-parallax-header wpb_animate_when_almost_visible wpb_bottom-to-top\"><div class=\"parallax-header\"><div class=\"parallax-desc default-style text-left\"><p><em>Coming Soon!<br \/>\n<\/em><\/p>\n<\/div><\/div><\/div>[\/vc_column][\/vc_row][vc_row disable_element=&#8220;yes&#8220;][vc_column width=&#8220;2\/3&#8243;]<div class=\"zozo-parallax-header wpb_animate_when_almost_visible wpb_bottom-to-top\"><div class=\"parallax-header\"><h4 class=\"parallax-title text-left\">ALLGEMEINES zur EPIC SKI TOUR TRENTO<\/h4><div class=\"parallax-desc default-style text-left\"><p><strong>1 \u2013 Veranstalter<\/strong><br \/>\nCurtes Sportevents Marketing Sas<\/p>\n<p><img loading=\"lazy\" decoding=\"async\" class=\"alignnone size-medium wp-image-9984\" src=\"http:\/\/www.epicskitour.com\/wp-content\/uploads\/2015\/10\/sponsor-curtes-1.png\" alt=\"sponsor-curtes\" width=\"166\" height=\"69\" srcset=\"https:\/\/www.epicskitour.com\/wp-content\/uploads\/2015\/10\/sponsor-curtes-1.png 166w, https:\/\/www.epicskitour.com\/wp-content\/uploads\/2015\/10\/sponsor-curtes-1-128x53.png 128w, https:\/\/www.epicskitour.com\/wp-content\/uploads\/2015\/10\/sponsor-curtes-1-32x13.png 32w\" sizes=\"(max-width: 166px) 100vw, 166px\" \/><\/p>\n<p><strong>2 \u2013 Teilnahmebedingungen<\/strong><br \/>\nTeilnahmeberechtigt sind alle Athleten\/Innen, die am Tag des ersten Rennens das 18. Lebensjahr vollendet haben. Die Teilnehmer\/Innen m\u00fcssen die physischen Voraussetzungen zur Teilnahme an Wettk\u00e4mpfen mit Hochleistungsanforderung erf\u00fcllen, die von den jeweiligen Herkunftsl\u00e4ndern festgelegt sind. Alle nicht verbandsm\u00e4\u00dfig erfassten Teilnehmer\/Innen sind verpflichtet, das <u>sport\u00e4rztliche Zeugnis bei Entgegennahme der Startnummer vorzuweisen ebenso wie den Super Green Pass<\/u> (das bedeutet man MUSS genesen oder geimpft sein! Nur getestet ist NICHT G\u00dcLTIG) . Bei Nichterf\u00fcllung der obigen Anforderungen erhalten die Teilnehmer\/Innen keine Starterlaubnis. Es gibt keinen Anspruch auf R\u00fcckerstattung des Startgeldes. Jede\/r Teilnehmer\/in akzeptiert den Haftungsausschluss des Organisationskomitees bedingungslos. Die Teilnahme am Rennen erfolgt auf eigenes Risiko.<\/p>\n<p><strong>3 \u2013 Austragungsort, Datum, Uhrzeit, Start-Ziel<br \/>\n<\/strong>Das Event findet in Trento und auf dem Monte Bondone statt.<br \/>\nDer Start findet in verschiedenen Startgruppen statt:<\/p>\n<ul>\n<li>Samstag, 22. Januar 2022: 17:30 Uhr, Monte Bondone (Loc. Vason)<\/li>\n<\/ul>\n<p><strong>4 \u2013 Zeitlimit<\/strong><br \/>\nF\u00fcr jede Etappe ist eine Sollzeit festgelegt.<br \/>\nTeilnehmer die die einzelnen Teilzeiten nicht in der Sollzeit erreichen werden in jedem Fall ausgeschlossen und scheinen nicht in der Endwertung auf.<\/p>\n<p><strong>5 \u2013 Klasseneinteilung<\/strong><br \/>\nDamen: Overall, Master (&gt; 40)<br \/>\nHerren: Overall, Master (&gt; 40), Grand Master (&gt;50)<\/p>\n<p><strong>6 &#8211; Minderj\u00e4hrige Teilnehmer<\/strong><br \/>\nAm Rennen k\u00f6nnen auch Minderj\u00e4hrige TeilnehmerInnen teilnehmen, welche am Tag des Rennens das 16 Lebensjahr erreicht haben. Sie ben\u00f6tigen daf\u00fcr eine schriftliche Erlaubnis der Erziehungsberechtigten Person. Der\/die Erziehungsberechtigte muss bei der Abholung der Startnummer den\/die TeilnehmerIn begleiten und eine Haftungsfreistellung im Namen des minderj\u00e4hrigen Kindes unterschrieben, welche die Organisatoren von Schadensanspr\u00fcchen bei Verletzungen, Unf\u00e4llen oder anderen Ereignissen freistellt, welche im Rahmen der Veranstaltung sich ereignen k\u00f6nnten freistellt. Bei der Abholung der Startnummer muss ein g\u00fcltiges Sport\u00e4rztliches Attest vorgelegt werden. Der Start findet gemeinsam mit dem Start aller anderen Kategorien statt. Minderj\u00e4hrige TeilnehmerInnen m\u00fcssen das gesamte Reglement der Veranstaltung akzeptieren und einhalten.<\/p>\n<p><strong>7 \u2013 Preisgelder \u2013 Pr\u00e4mierung<\/strong><br \/>\nEs werden insgesamt \u20ac 7.900,00 an Preisgelder ausgesch\u00fcttet.<\/p>\n<p><strong>8 \u2013 Startnummernausgabe\u2028Die Startnummernausgabe erfolgt am<\/strong><br \/>\nSamstag, 22. Januar 2022: 14.00 \u2013 17.00 Uhr, Monte Bondone (Loc. Vason)<br \/>\nBitte bei der Startnummernausgabe das g\u00fcltige sport\u00e4rztliche Attest vorlegen. Startnummern d\u00fcrfen nicht an andere Personen weitergegeben werden.<\/p>\n<p><strong>9 \u2013 Siegerehrung und Preisverteilung<\/strong><br \/>\nDie Siegerehrung findet an folgenden Zeitpunkten statt:<br \/>\nSamstag, 22. Januar 2022: 22.00 Uhr (Trento Piazza Duomo)<\/p>\n<p><strong>10 \u2013 Ver\u00f6ffentlichung der Ergebnisliste<\/strong><br \/>\nDie Ergebnislisten werden nach dem Wettkampf im Internet ver\u00f6ffentlicht www.epicskitour.com<\/p>\n<p><strong>11 \u2013 Zeitnehmung<\/strong><br \/>\nDie Zeitnehmung erfolgt durch das Unternehmen SDAM. Es wird ein Chip System verwendet.<\/p>\n<p><strong>12 \u2013 Privacy<\/strong><br \/>\nDie bei der Anmeldung angegebenen personenbezogenen Daten von Teilnehmern werden gespeichert und nur zum Zweck der Durchf\u00fchrung und Abwicklung der Veranstaltung bearbeitet. Mit der Anmeldung willigt der Teilnehmer in eine Speicherung der Daten ein.<br \/>\nDer Teilnehmer erkl\u00e4rt sich damit einverstanden, dass die erhobenen personenbezogenen Daten an Dritte zum Zweck der Zeitmessung, Erstellung und Aushang der Ergebnislisten sowie die Einstellungen dieser Listen auf die Homepage weitergeben werden. Mit Anmeldung wird der Ver\u00f6ffentlichung dieser Daten durch den Veranstalter in allen relevanten Medien (Homepage, Printmedien und Internet) zugestimmt. Der Veranstalter erkl\u00e4rt sich mit der Anmeldung einverstanden, dass die in der Meldung angegebenen personenbezogenen Daten gespeichert und die im Zusammenhang mit EPIC Ski Tour gemachten Fotos und Filmaufnahmen ohne Verg\u00fctungsanspruch genutzt und ver\u00f6ffentlicht werden d\u00fcrfen.<br \/>\nFolgend finden Sie den Link f\u00fcr die von uns vorgesehene Handhabung des Datenschutzes:\u00a0https:\/\/www.endu.net\/it\/privacy<\/p>\n<\/div><\/div><\/div>[vc_separator][\/vc_column][vc_column width=&#8220;1\/3&#8243;]<div class=\"zozo-feature-box feature-box-style style-info-box style-box-with-bg style-sep-yes vc_custom_1642688607967\" id=\"feature-box-1\"><div class=\"grid-item\"><div class=\"grid-box-inner grid-text-center grid-box-image grid-shape-none\"><h2 class=\"grid-title-top grid-title \" style=\"font-size:20px;\">AUSR\u00dcSTUNG<\/h2><div class=\"grid-image-wrapper zozo-image-wrapper img-none\"><img loading=\"lazy\" decoding=\"async\" width=\"439\" height=\"94\" src=\"https:\/\/www.epicskitour.com\/wp-content\/uploads\/2020\/11\/regolamento-race-22.png\" class=\"img-none attachment-theme-mid\" alt=\"\" title=\"regolamento-race-22\" srcset=\"https:\/\/www.epicskitour.com\/wp-content\/uploads\/2020\/11\/regolamento-race-22.png 439w, https:\/\/www.epicskitour.com\/wp-content\/uploads\/2020\/11\/regolamento-race-22-300x64.png 300w\" sizes=\"(max-width: 439px) 100vw, 439px\" \/><\/div><div class=\"grid-desc\" ><p>Die Rennen finden auf der Strecke statt, es werden KEINE Spezialwerkzeuge wie Schaufel, Piepser und Sonde ben\u00f6tigt, aber ein zugelassener <strong>Skitouren Helm, Stirnlampe, Handy und Super Green Pass sind ZWINGEND<\/strong>.<\/p>\n<\/div><\/div><\/div><\/div>[\/vc_column][\/vc_row][vc_row disable_element=&#8220;yes&#8220; el_id=&#8220;subscription&#8220;][vc_column]<div class=\"zozo-parallax-header wpb_animate_when_almost_visible wpb_bottom-to-top\"><div class=\"parallax-header\"><h4 class=\"parallax-title text-left\">ANMELDUNG<\/h4><div class=\"parallax-desc default-style text-left\"><p><strong>1 \u2013 Anmeldung<\/strong><br \/>\nDie Anmeldung f\u00fcr die EPIC Ski Tour Trofeo FIOU muss ONLINE (www.epicskitour.com) vorgenommen werden. Die Bezahlung erfolgt per Kreditkarte, Bank\u00fcberweisung oder Paypal.<br \/>\nINFO:<br \/>\ninfo@epicskitour.com<br \/>\nDie Einschreibung ist erst nach erhalt der Teilnahmegeb\u00fchr g\u00fcltig. Die Anmeldung zu La Sportiva EPIC Ski Tour ist pers\u00f6nlich. Bei Namens\u00e4nderung eines Athleten wird eine Bearbeitungsgeb\u00fchr von 15,00 \u20ac eingehoben.<\/p>\n<p><strong>2 \u2013 Teilnahmegeb\u00fchr<\/strong><\/p>\n<p>Die Teilnahmegeb\u00fchr ist:<br \/>\n<strong>EPIC Race<\/strong><br \/>\n35,00 \u20ac + 10,00 \u20ac Kaution f\u00fcr den Chip<\/p>\n<p><strong>VERTICAL Race<\/strong><br \/>\n35,00 \u20ac + 10,00 \u20ac Kaution f\u00fcr den Chip<\/p>\n<p><strong>4ALL Tour<\/strong><br \/>\n35,00 \u20ac<\/p>\n<p>Die Kaution f\u00fcr den Chip wird bei Abgabe am Ende der Veranstaltung r\u00fcckerstattet.<br \/>\nSollte der Chip nicht zur\u00fcckgegeben werden muss der\/die Teilnehmer eine Strafen von 80\u20ac zahlen.<\/p>\n<p><strong>3 \u2013 Zahlung<\/strong><br \/>\nDie Zahlung der Teilnahmegeb\u00fchr muss auf unserem Konto vor Start der ersten Etappe eingehen.<\/p>\n<p><strong>4 \u2013 Stornierung<br \/>\n<\/strong>Die einbezahlte Anmeldegeb\u00fchr wird grunds\u00e4tzlich NICHT r\u00fcckerstattet. Bei einer Verk\u00fcrzung der Strecken oder Absage des Rennens durch h\u00f6here Gewalt wird die Anmeldegeb\u00fchr NICHT r\u00fcckerstattet und auch nicht f\u00fcr das folgende Jahr gutgeschrieben.<br \/>\nACHTUNG ! Im Falle einer neuen Verordnung bzgl. Coronavirus COVID19 wird die Teilnahmegeb\u00fchr gutgeschrieben.<\/p>\n<p><strong>5 \u2013 Anmeldeschluss<\/strong><br \/>\nAnmeldeschluss f\u00fcr die EPIC Ski Tour ist am <strong>21\/01\/2022<\/strong> um 24.00 Uhr.<br \/>\nAnmeldeschluss f\u00fcr die 4ALL Tour ist am <strong>21\/01\/2022<\/strong> um 24.00 Uhr.<br \/>\nDas Organisationskomitee beh\u00e4lt sich das Recht vor in Ausnahmef\u00e4llen Anmeldungen nach dem oben genannten Datum zu akzeptieren.<br \/>\nF\u00fcr weitere Informationen: info@epicskitour.com<\/p>\n<\/div><\/div><\/div>[vc_separator][\/vc_column][\/vc_row][vc_row disable_element=&#8220;yes&#8220; el_id=&#8220;materials&#8220;][vc_column]<div class=\"zozo-parallax-header wpb_animate_when_almost_visible wpb_bottom-to-top\"><div class=\"parallax-header\"><h4 class=\"parallax-title text-left\">AUSR\u00dcSTUNG<\/h4><div class=\"parallax-desc default-style text-left\"><p><strong>1 \u2013 Ski<\/strong><br \/>\nEin paar Skitouren Ski. Die Mindestl\u00e4nge der Ski ist f\u00fcr Herren 160 cm und f\u00fcr Damen 150 cm.\u2028Die Ski werden mit der \u201eRolling\u201c Methode vermessen.<br \/>\n<strong>2 \u2013 Skitouren Schuhe<\/strong><br \/>\nSkitouren Schuhe &#8211; es sind keine Langlauf oder anderen Schuhe erlaubt<\/p>\n<p><strong>3 \u2013 Bindung<\/strong><br \/>\nDie Bindung muss \u00fcber Fersenfreiheit f\u00fcr den Aufstieg und eine Schlussmechanismus f\u00fcr Abfahrten verf\u00fcgen.<\/p>\n<p><strong>4 \u2013 St\u00f6cke<\/strong><br \/>\nEin paar St\u00f6cke mit einem maximal Durchmesser von 25 mm (Metallteller sind verboten)<\/p>\n<p><strong>5 \u2013 Rettungsdecke<\/strong><br \/>\nEine Rettungsdecke.<\/p>\n<p><strong>6 \u2013 Rucksack<\/strong><br \/>\nJeder Teilnehmer muss einen Rucksack mit sich tragen. Der Rucksack muss so gro\u00df sein, dass die gesamte Ausr\u00fcstung die vom Reglement vorgesehen ist, darin verstaut werden kann.<\/p>\n<p><strong>7 \u2013 Felle<\/strong><br \/>\nAus Gr\u00fcnden des Umweltschutzes ist es strengstens Verboten Klebeband oder \u00e4hnliche Materialien an den Fellen zu bel\u00e4stigen um die Gleitf\u00e4higkeit zu Verbessern. Die Teilnehmer m\u00fcssen zudem ein zweites Paar Felle mit sich tragen (Ersatz).<\/p>\n<p><strong>8 \u2013 Bekleidung<\/strong><\/p>\n<ul>\n<li>Bekleidung Unterk\u00f6rper: Zwei lange Schichten, eine davon als Windstopper (am K\u00f6rper oder im Rucksack)<\/li>\n<li>Bekleidung Oberk\u00f6rper: drei Schichten, eine davon lang\u00e4rmlig (am K\u00f6rper) und eine davon als Windstopper (am K\u00f6rper oder im Rucksack \u2013 Primaloft, Softshell oder Daune)<\/li>\n<\/ul>\n<p><strong>9 \u2013 Helm<\/strong><br \/>\nW\u00e4hrend des gesamten Rennens ist es verpflichtend einen Helm f\u00fcr Alpinismus oder Ski Touren zu tragen. Zugelassen sind Helme der Klasse UIAA 106 e EN 1077 Klasse B Standard oder EN 12492 und EN 1077 Klasse B Standard.<\/p>\n<p><strong>10 \u2013 Mobiltelefon<\/strong><br \/>\nJeder Teilnehmer muss sein Mobiltelefon mit sich Tragen (eingeschaltet). Die Telefonnummer muss auf dem Anmeldeformular angegeben werden.<\/p>\n<p><strong>11 &#8211; Stirnlampe<\/strong><br \/>\nDie Stirnlampe muss auf dem Helm fixiert sein und funktionst\u00fcchtig.<\/p>\n<p><strong>12 \u2013 Verschiedenes<\/strong><\/p>\n<ul>\n<li>Handschuhe, die die gesamte Hand bedecken (m\u00fcssen die gesamte Renndauer getragen werden)<\/li>\n<li>Sonnenbrille\/ Skibrille<\/li>\n<li>Stirnband, M\u00fctze oder Rennanzugkapuze<\/li>\n<\/ul>\n<p>Die gesamte Ausr\u00fcstung wird direkt nach dem Zieleinlauf (zumindest stichprobenartig) oder entlang der Strecke (Teilnehmer werden nicht aufgehalten, Jury beobachtet Teilnehmer im vorbeigehen). Die Teilnehmer sind alleine f\u00fcr ihre Ausr\u00fcstung verantwortlich. Wenn ein Teilnehmer Zweifel \u00fcber seine Ausr\u00fcstung hat, kann er sie in der Jury am Ende des Briefings, am Tag vor dem Wettbewerb, \u00fcberpr\u00fcfen lassen.<\/p>\n<\/div><\/div><\/div>[vc_separator][\/vc_column][\/vc_row][vc_row disable_element=&#8220;yes&#8220; el_id=&#8220;race&#8220;][vc_column]<div class=\"zozo-parallax-header wpb_animate_when_almost_visible wpb_bottom-to-top\"><div class=\"parallax-header\"><h4 class=\"parallax-title text-left\">RENNEN<\/h4><div class=\"parallax-desc default-style text-left\"><p><strong>1 \u2013 Startnummern<\/strong><br \/>\nDie Startnummern m\u00fcssen so getragen werden, dass sie deutlich sicht- &amp; lesbar sind (1 Startnummern am Rechten Oberschenkel, 1 Startnummer auf dem Rucksack).<\/p>\n<p><strong>2 \u2013 Fellwechsel<\/strong><br \/>\nDieser darf nur in den daf\u00fcr vorgesehenen Wechselzonen und ohne externe Hilfe erfolgen. Hierf\u00fcr gibt es fixe sowie mobile Kontrollstellen.<\/p>\n<p><strong>3 \u2013 Wegwerfen von Abfall\/Material<\/strong><br \/>\nDas wegwerfen von Abfall oder anderen Materialien ist ausserhalb der Wechselzonen strengstens untersagt! Teilnehmer die dagegen versto\u00dfen werden sofort disqualifiziert!<\/p>\n<p><strong>4 \u2013 Markierung der Strecke<\/strong><br \/>\nSie erfolgt durch F\u00e4hnchen, B\u00e4nder, R\u00fcckstrahlenden Richtungspfeilen und Fackeln.<\/p>\n<p><strong>5 \u2013 Gegenseitige Hilfeleistung<\/strong><br \/>\nDie Teilnehmer sind im Falle von Verletzung oder \u00e4hnlichem verpflichtet Hilfe zu leisten<\/p>\n<p><strong>6 \u2013 Aufgabe\/Stop<\/strong><br \/>\nDie Aufgabe eines Athleten, aus welchem Grund auch immer, muss bei der n\u00e4chstgelegenen Wechselzone bzw. Verantwortlichen gemeldet werden. Teilnehmer welche aufgeben, werden von Seiten der Organisation in das Start\/Zielgel\u00e4nde transportiert.<\/p>\n<\/div><\/div><\/div>[\/vc_column][\/vc_row]<\/p>\n<\/div>","protected":false},"excerpt":{"rendered":"<p>[vc_row el_id=&#8220;info&#8220;][vc_column][\/vc_column][\/vc_row][vc_row disable_element=&#8220;yes&#8220;][vc_column width=&#8220;2\/3&#8243;][vc_separator][\/vc_column][vc_column width=&#8220;1\/3&#8243;][\/vc_column][\/vc_row][vc_row disable_element=&#8220;yes&#8220; el_id=&#8220;subscription&#8220;][vc_column][vc_separator][\/vc_column][\/vc_row][vc_row disable_element=&#8220;yes&#8220; el_id=&#8220;materials&#8220;][vc_column][vc_separator][\/vc_column][\/vc_row][vc_row disable_element=&#8220;yes&#8220; el_id=&#8220;race&#8220;][vc_column][\/vc_column][\/vc_row]<\/p>\n","protected":false},"author":1,"featured_media":0,"parent":14974,"menu_order":0,"comment_status":"closed","ping_status":"closed","template":"","meta":{"footnotes":""},"class_list":["post-16502","page","type-page","status-publish","hentry"],"aioseo_notices":[],"_links":{"self":[{"href":"https:\/\/www.epicskitour.com\/de\/wp-json\/wp\/v2\/pages\/16502"}],"collection":[{"href":"https:\/\/www.epicskitour.com\/de\/wp-json\/wp\/v2\/pages"}],"about":[{"href":"https:\/\/www.epicskitour.com\/de\/wp-json\/wp\/v2\/types\/page"}],"author":[{"embeddable":true,"href":"https:\/\/www.epicskitour.com\/de\/wp-json\/wp\/v2\/users\/1"}],"replies":[{"embeddable":true,"href":"https:\/\/www.epicskitour.com\/de\/wp-json\/wp\/v2\/comments?post=16502"}],"version-history":[{"count":21,"href":"https:\/\/www.epicskitour.com\/de\/wp-json\/wp\/v2\/pages\/16502\/revisions"}],"predecessor-version":[{"id":20784,"href":"https:\/\/www.epicskitour.com\/de\/wp-json\/wp\/v2\/pages\/16502\/revisions\/20784"}],"up":[{"embeddable":true,"href":"https:\/\/www.epicskitour.com\/de\/wp-json\/wp\/v2\/pages\/14974"}],"wp:attachment":[{"href":"https:\/\/www.epicskitour.com\/de\/wp-json\/wp\/v2\/media?parent=16502"}],"curies":[{"name":"wp","href":"https:\/\/api.w.org\/{rel}","templated":true}]}}