{"id":16535,"date":"2019-12-20T17:27:22","date_gmt":"2019-12-20T16:27:22","guid":{"rendered":"https:\/\/www.epicskitour.com\/?page_id=16535"},"modified":"2023-02-23T11:01:48","modified_gmt":"2023-02-23T10:01:48","slug":"anmeldung","status":"publish","type":"page","link":"https:\/\/www.epicskitour.com\/de\/trentino\/anmeldung\/","title":{"rendered":"Anmeldung EPIC Ski Tour TRENTO MONTE BONDONE"},"content":{"rendered":"<div class=\"wpb-content-wrapper\"><p>[vc_row full_width=&#8220;stretch_row&#8220; match_height=&#8220;yes&#8220; center_row=&#8220;yes&#8220; typo_style=&#8220;light&#8220; bg_type=&#8220;bg_color&#8220; bg_override=&#8220;full&#8220; bg_color_value=&#8220;#0081ab&#8220;][vc_column width=&#8220;1\/2&#8243;][vc_single_image image=&#8220;15841&#8243; img_size=&#8220;full&#8220; alignment=&#8220;center&#8220;][\/vc_column][vc_column width=&#8220;1\/2&#8243;]<style type=\"text\/css\" scoped>#feature-box-1 .grid-item .grid-box-inner .grid-icon { color:#ffffff; }\n<\/style><div class=\"zozo-feature-box feature-box-style style-title-top-icon style-sep-no  wpb_animate_when_almost_visible wpb_bottom-to-top\" id=\"feature-box-1\"><div class=\"grid-item\"><div class=\"grid-icon-box\"><div class=\"grid-box-inner grid-icon-box-wrapper grid-box-image  grid-icon-box-center\"><div class=\"grid-icon-box-title\"><div class=\"grid-image-wrapper zozo-image-wrapper img-none img-size-small\"><img loading=\"lazy\" decoding=\"async\" width=\"95\" height=\"84\" src=\"https:\/\/www.epicskitour.com\/wp-content\/uploads\/2019\/09\/iscrizione-icon.png\" class=\"img-none attachment-thumbnail\" alt=\"\" title=\"iscrizione-icon\" \/><\/div><h2 class=\"grid-title text-center \" style=\"color:#ffffff;font-size:40px;\">Anmeldung<\/h2><\/div><div class=\"clearfix\"><\/div><div class=\"grid-icon-box-content\"><div class=\"grid-desc\" style=\"color:#ffffff;\"><p style=\"text-align: center;\">EPIC Ski Tour TRENTO MONTE BONDONE<br \/>\n<em><strong>Coming Soon!<\/strong><\/em><\/p>\n<p>\u00a0<\/p>\n<\/div><\/div><\/div><\/div><\/div><\/div>[\/vc_column][\/vc_row][vc_row full_width=&#8220;stretch_row&#8220; disable_element=&#8220;yes&#8220; typo_style=&#8220;default&#8220;][vc_column][vc_column_text]Die Anmeldungen f\u00fcr die EPIC Ski Tour \u00f6ffnen am <strong>15. Dezember 2021<\/strong>! Jeder kann am Rennen teilnehmen.<\/p>\n<p>Alle Details zu den Rennen finden Sie im <a href=\"https:\/\/www.epicskitour.com\/de\/trentino\/reglement\/\" target=\"_blank\" rel=\"noopener noreferrer\">Reglement<\/a>.[\/vc_column_text][vc_separator]<style type=\"text\/css\" scoped>#feature-box-2 .grid-item .grid-box-inner .grid-icon { color:#0081ab; }\n<\/style><div class=\"zozo-feature-box feature-box-style style-title-top-icon style-sep-yes  wpb_animate_when_almost_visible wpb_bottom-to-top\" id=\"feature-box-2\"><div class=\"grid-item\"><div class=\"grid-icon-box\"><div class=\"grid-box-inner grid-icon-box-wrapper grid-box-large grid-box-icon-circle grid-icon-shape  grid-icon-box-center\"><div class=\"grid-icon-box-title\"><div class=\"grid-icon-wrapper no-hover shape-icon-circle\"><i class=\"fa fa-eur grid-icon zozo-icon icon-shape icon-circle icon-skin-default icon-bg pattern-1 icon-large\"><\/i><\/div><h4 class=\"grid-title \" >Teilnahmegeb\u00fchr<\/h4><\/div><div class=\"clearfix\"><\/div><div class=\"grid-icon-box-content\"><\/div><\/div><\/div><\/div><\/div>[vc_row_inner match_height=&#8220;yes&#8220;][vc_column_inner width=&#8220;1\/3&#8243;]<div class=\"ult_pricing_table_wrap ult_design_4  ult-cs-black  \">\n\t\t\t\t\t<div class=\"ult_pricing_table \" style=\"\"><div id=\"price-table-wrap-1055\" class=\"ult_pricing_heading\">\n\t\t\t\t\t\t\t<h2 class=\"price-heading ult-responsive cust-headformat\"  data-ultimate-target='#price-table-wrap-1055 .cust-headformat'  data-responsive-json-new='{\"font-size\":\"desktop:30px;\",\"line-height\":\"\"}'  style=\"font-weight:normal;color:#0081ab;\">EPIC RACE<\/h2><h3 class=\"price-subheading ult-responsive cust-subhead\"  data-ultimate-target='#price-table-wrap-1055 .cust-subhead'  data-responsive-json-new='{\"font-size\":\"desktop:15px;\",\"line-height\":\"\"}'  style=\"font-weight:normal;color:#0081ab;\">RACE&lt;sup&gt;3&lt;\/sup&gt;<\/h3><\/div><!--ult_pricing_heading--><div class=\"ult_price_body_block\">\n\t\t\t\t\t\t\t<div class=\"ult_price_body\">\n\t\t\t\t\t\t\t\t<div id=\"price-table-wrap-9129\"  class=\"ult_price\">\n\t\t\t\t\t\t\t\t\t<span  data-ultimate-target='#price-table-wrap-9129 .ult_price_figure'  data-responsive-json-new='{\"font-size\":\"desktop:35px;\",\"line-height\":\"\"}'  class=\"ult_price_figure ult-responsive\" style=\"font-weight:normal;color:#0081ab;\">35,00\u20ac<\/span>\n\t\t\t\t\t\t\t\t\t<span  data-ultimate-target='#price-table-wrap-9129 .ult_price_term'  data-responsive-json-new='{\"font-size\":\"desktop:13px;\",\"line-height\":\"\"}'  class=\"ult_price_term ult-responsive\" style=\"font-weight:normal;\">+ 10,00 \u20ac Kaution f\u00fcr den Chip**<\/span>\n\t\t\t\t\t\t\t\t<\/div>\n\t\t\t\t\t\t\t<\/div>\n\t\t\t\t\t\t<\/div><!--ult_price_body_block--><div id=\"price-table-features-wrap-8104\" class=\"ult_price_features ult-responsive\"  data-ultimate-target='#price-table-features-wrap-8104'  data-responsive-json-new='{\"font-size\":\"\",\"line-height\":\"\"}'  style=\"font-weight:normal;\">\n\t\t\t\t\t\t\t\n\t\t\t\t\t\t<\/div><!--ult_price_features--><div id=\"price-table-button-wrap-7252\" class=\"ult_price_link\">\n\t\t\t\t\t\t\t<a  data-ultimate-target='#price-table-button-wrap-7252 .ult_price_action_button'  data-responsive-json-new='{\"font-size\":\"desktop:20px;\",\"line-height\":\"\"}'  href=\"https:\/\/join.endu.net\/entry?edition=67716&#038;request_locale=de\" target=\"_blank\" rel=\"noopener\"  class=\"ult_price_action_button ult-responsive\" style=\" font-weight:normal;color:#0081ab;\">ANMELDUNG<\/a>\n\t\t\t\t\t\t<\/div><!--ult_price_link--><div class=\"ult_clr\"><\/div>\n\t\t\t<\/div><!--pricing_table-->\n\t\t<\/div><!--pricing_table_wrap-->[\/vc_column_inner][vc_column_inner width=&#8220;1\/3&#8243;]<div class=\"ult_pricing_table_wrap ult_design_4  ult-cs-black  \">\n\t\t\t\t\t<div class=\"ult_pricing_table \" style=\"\"><div id=\"price-table-wrap-8257\" class=\"ult_pricing_heading\">\n\t\t\t\t\t\t\t<h2 class=\"price-heading ult-responsive cust-headformat\"  data-ultimate-target='#price-table-wrap-8257 .cust-headformat'  data-responsive-json-new='{\"font-size\":\"desktop:30px;\",\"line-height\":\"\"}'  style=\"font-weight:normal;color:#0081ab;\">VERTICAL RACE<\/h2><\/div><!--ult_pricing_heading--><div class=\"ult_price_body_block\">\n\t\t\t\t\t\t\t<div class=\"ult_price_body\">\n\t\t\t\t\t\t\t\t<div id=\"price-table-wrap-8470\"  class=\"ult_price\">\n\t\t\t\t\t\t\t\t\t<span  data-ultimate-target='#price-table-wrap-8470 .ult_price_figure'  data-responsive-json-new='{\"font-size\":\"desktop:35px;\",\"line-height\":\"\"}'  class=\"ult_price_figure ult-responsive\" style=\"font-weight:normal;color:#0081ab;\">35,00\u20ac<\/span>\n\t\t\t\t\t\t\t\t\t<span  data-ultimate-target='#price-table-wrap-8470 .ult_price_term'  data-responsive-json-new='{\"font-size\":\"desktop:13px;\",\"line-height\":\"\"}'  class=\"ult_price_term ult-responsive\" style=\"font-weight:normal;\">+ 10,00 \u20ac Kaution f\u00fcr den Chip**<\/span>\n\t\t\t\t\t\t\t\t<\/div>\n\t\t\t\t\t\t\t<\/div>\n\t\t\t\t\t\t<\/div><!--ult_price_body_block--><div id=\"price-table-features-wrap-3964\" class=\"ult_price_features ult-responsive\"  data-ultimate-target='#price-table-features-wrap-3964'  data-responsive-json-new='{\"font-size\":\"\",\"line-height\":\"\"}'  style=\"font-weight:normal;\">\n\t\t\t\t\t\t\t\n\t\t\t\t\t\t<\/div><!--ult_price_features--><div id=\"price-table-button-wrap-5318\" class=\"ult_price_link\">\n\t\t\t\t\t\t\t<a  data-ultimate-target='#price-table-button-wrap-5318 .ult_price_action_button'  data-responsive-json-new='{\"font-size\":\"desktop:20px;\",\"line-height\":\"\"}'  href=\"https:\/\/join.endu.net\/entry?edition=67716&#038;request_locale=de\" target=\"_blank\" rel=\"noopener\"  class=\"ult_price_action_button ult-responsive\" style=\" font-weight:normal;color:#0081ab;\">ANMELDUNG<\/a>\n\t\t\t\t\t\t<\/div><!--ult_price_link--><div class=\"ult_clr\"><\/div>\n\t\t\t<\/div><!--pricing_table-->\n\t\t<\/div><!--pricing_table_wrap-->[\/vc_column_inner][vc_column_inner width=&#8220;1\/3&#8243;]<div class=\"ult_pricing_table_wrap ult_design_4  ult-cs-black  \">\n\t\t\t\t\t<div class=\"ult_pricing_table \" style=\"\"><div id=\"price-table-wrap-4080\" class=\"ult_pricing_heading\">\n\t\t\t\t\t\t\t<h2 class=\"price-heading ult-responsive cust-headformat\"  data-ultimate-target='#price-table-wrap-4080 .cust-headformat'  data-responsive-json-new='{\"font-size\":\"desktop:30px;\",\"line-height\":\"\"}'  style=\"font-weight:normal;color:#0081ab;\">4ALL Guided Tours<\/h2><\/div><!--ult_pricing_heading--><div class=\"ult_price_body_block\">\n\t\t\t\t\t\t\t<div class=\"ult_price_body\">\n\t\t\t\t\t\t\t\t<div id=\"price-table-wrap-5390\"  class=\"ult_price\">\n\t\t\t\t\t\t\t\t\t<span  data-ultimate-target='#price-table-wrap-5390 .ult_price_figure'  data-responsive-json-new='{\"font-size\":\"desktop:35px;\",\"line-height\":\"\"}'  class=\"ult_price_figure ult-responsive\" style=\"font-weight:normal;color:#0081ab;\">35,00\u20ac<\/span>\n\t\t\t\t\t\t\t\t\t<span  data-ultimate-target='#price-table-wrap-5390 .ult_price_term'  data-responsive-json-new='{\"font-size\":\"desktop:13px;\",\"line-height\":\"\"}'  class=\"ult_price_term ult-responsive\" style=\"font-weight:normal;\"><\/span>\n\t\t\t\t\t\t\t\t<\/div>\n\t\t\t\t\t\t\t<\/div>\n\t\t\t\t\t\t<\/div><!--ult_price_body_block--><div id=\"price-table-features-wrap-6006\" class=\"ult_price_features ult-responsive\"  data-ultimate-target='#price-table-features-wrap-6006'  data-responsive-json-new='{\"font-size\":\"\",\"line-height\":\"\"}'  style=\"font-weight:normal;\">\n\t\t\t\t\t\t\t\n\t\t\t\t\t\t<\/div><!--ult_price_features--><div id=\"price-table-button-wrap-8885\" class=\"ult_price_link\">\n\t\t\t\t\t\t\t<a  data-ultimate-target='#price-table-button-wrap-8885 .ult_price_action_button'  data-responsive-json-new='{\"font-size\":\"desktop:20px;\",\"line-height\":\"\"}'  href=\"https:\/\/www.epicskitour.com\/wp-content\/uploads\/2021\/12\/Enrollment-Sheet_EST22_4ALL.pdf\" target=\"_blank\" rel=\"noopener\"  class=\"ult_price_action_button ult-responsive\" style=\" font-weight:normal;color:#0081ab;\">ANMELDUNG<\/a>\n\t\t\t\t\t\t<\/div><!--ult_price_link--><div class=\"ult_clr\"><\/div>\n\t\t\t<\/div><!--pricing_table-->\n\t\t<\/div><!--pricing_table_wrap-->[\/vc_column_inner][\/vc_row_inner][vc_empty_space height=&#8220;50px&#8220;][vc_column_text]<em>**Die Kaution f\u00fcr den Chip wird bei Abgabe am Ende der Veranstaltung r\u00fcckerstattet<\/em><\/p>\n<p>&nbsp;<\/p>\n<p><strong>Folgende Leistungen sind inbegriffen:<\/strong><img loading=\"lazy\" decoding=\"async\" class=\"wp-image-17235 size-full alignright\" src=\"https:\/\/www.epicskitour.com\/wp-content\/uploads\/2020\/01\/Bildschirmfoto-2020-01-24-um-11.34.01.png\" alt=\"\" width=\"482\" height=\"322\" srcset=\"https:\/\/www.epicskitour.com\/wp-content\/uploads\/2020\/01\/Bildschirmfoto-2020-01-24-um-11.34.01.png 482w, https:\/\/www.epicskitour.com\/wp-content\/uploads\/2020\/01\/Bildschirmfoto-2020-01-24-um-11.34.01-300x200.png 300w\" sizes=\"(max-width: 482px) 100vw, 482px\" \/><\/p>\n<ul>\n<li>Teilnahme an EPIC Ski Tour<\/li>\n<li>EPIC Ski Tour Geschenk: <strong><br \/>\n<\/strong>Teilnahme Geschenk bei beiden Rennen (EPIC RACE und Vertical Race): Skitourensocken UYN &amp; Baselayer UYN EPIC Ski Tour<\/li>\n<li>Sicherheit und Streckensicherung entlang der gesamten Strecke<\/li>\n<li>Professionelles Timing mit Transponder Technologie<\/li>\n<li>Technischer Service im Ausstellungsbereich (gegen Bezahlung)<\/li>\n<li>Personalisierte Startnummer<\/li>\n<li>Routenplan und Informationsmaterial<\/li>\n<li>Briefing<\/li>\n<li>Medizinische Versorgung vor, w\u00e4hrend und nach dem Rennen<\/li>\n<li>Technische Hilfe entlang der Strecke<\/li>\n<li>Verpflegung im Zielbereich<\/li>\n<li>Pasta-Party<\/li>\n<li>R\u00fcckbringdienst an verschiedenen Punkten entlang der Strecke<\/li>\n<li>Rabatt-Coupons f\u00fcr verschiedene Aktivit\u00e4ten, Gesch\u00e4fte, Restaurants und vieles mehr im<\/li>\n<li>Finisher Diplom (nur f\u00fcr offizielle Finisher)<\/li>\n<\/ul>\n<p>[\/vc_column_text][vc_separator]<style type=\"text\/css\" scoped>#feature-box-3 .grid-item .grid-box-inner .grid-icon { color:#0081ab; }\n<\/style><div class=\"zozo-feature-box feature-box-style style-title-top-icon style-sep-yes  wpb_animate_when_almost_visible wpb_bottom-to-top\" id=\"feature-box-3\"><div class=\"grid-item\"><div class=\"grid-icon-box\"><div class=\"grid-box-inner grid-icon-box-wrapper grid-box-normal grid-box-icon-circle grid-icon-shape  grid-icon-box-left\"><div class=\"grid-icon-box-title\"><div class=\"grid-icon-wrapper no-hover shape-icon-circle\"><i class=\"fa fa-pencil-square-o grid-icon zozo-icon icon-shape icon-circle icon-skin-default icon-bg pattern-1 icon-normal\"><\/i><\/div><h4 class=\"grid-title \" >Wie kann ich mich anmelden?<\/h4><\/div><div class=\"clearfix\"><\/div><div class=\"grid-icon-box-content\"><div class=\"grid-desc\" ><p>Die Anmeldung f\u00fcr die EPIC Ski Tour muss <strong>ONLINE<\/strong> vorgenommen werden. Die Bezahlung erfolgt per <strong>Kreditkarte<\/strong>, <strong>Bank\u00fcberweisung<\/strong> oder <strong>Pay Pal<\/strong>.<br \/>\nDie Einschreibung ist erst nach erhalt der Teilnahmegeb\u00fchr g\u00fcltig. Die Anmeldung zur EPIC Ski Tour ist auf die jeweilige Person bezogen.<br \/>\nBei Namens\u00e4nderung eines Athleten wird eine Bearbeitungsgeb\u00fchr von 25,00 \u20ac eingehoben.<\/p>\n<\/div><\/div><\/div><\/div><\/div><\/div>[vc_separator]<style type=\"text\/css\" scoped>#feature-box-4 .grid-item .grid-box-inner .grid-icon { color:#0081ab; }\n<\/style><div class=\"zozo-feature-box feature-box-style style-title-top-icon style-sep-yes  wpb_animate_when_almost_visible wpb_bottom-to-top\" id=\"feature-box-4\"><div class=\"grid-item\"><div class=\"grid-icon-box\"><div class=\"grid-box-inner grid-icon-box-wrapper grid-box-normal grid-box-icon-circle grid-icon-shape  grid-icon-box-left\"><div class=\"grid-icon-box-title\"><div class=\"grid-icon-wrapper no-hover shape-icon-circle\"><i class=\"fa fa-calendar grid-icon zozo-icon icon-shape icon-circle icon-skin-default icon-bg pattern-1 icon-normal\"><\/i><\/div><h4 class=\"grid-title \" >Anmeldeschluss<\/h4><\/div><div class=\"clearfix\"><\/div><div class=\"grid-icon-box-content\"><div class=\"grid-desc\" ><p><strong>Die Anmeldungen f\u00fcr die EPIC Ski Tour \u00f6ffnen am 15. December und schlie\u00dfen am 21. Januar 2022.<\/strong><br \/>\nDas Organisationskomitee beh\u00e4lt sich das Recht vor in Ausnahmef\u00e4llen Anmeldungen nach dem oben genannten Datum zu akzeptieren.<\/p>\n<\/div><\/div><\/div><\/div><\/div><\/div>[vc_separator]<style type=\"text\/css\" scoped>#feature-box-5 .grid-item .grid-box-inner .grid-icon { color:#0081ab; }\n<\/style><div class=\"zozo-feature-box feature-box-style style-title-top-icon style-sep-yes  wpb_animate_when_almost_visible wpb_bottom-to-top\" id=\"feature-box-5\"><div class=\"grid-item\"><div class=\"grid-icon-box\"><div class=\"grid-box-inner grid-icon-box-wrapper grid-box-normal grid-box-icon-circle grid-icon-shape  grid-icon-box-left\"><div class=\"grid-icon-box-title\"><div class=\"grid-icon-wrapper no-hover shape-icon-circle\"><i class=\"fa fa-shield grid-icon zozo-icon icon-shape icon-circle icon-skin-default icon-bg pattern-1 icon-normal\"><\/i><\/div><h4 class=\"grid-title \" >R\u00fcckerstattung<\/h4><\/div><div class=\"clearfix\"><\/div><div class=\"grid-icon-box-content\"><div class=\"grid-desc\" ><p>Wenn ein\/e Teilnehmer\/in nicht beim Start erscheint, hat er\/sie kein Recht auf die Erstattung der Einschreibegeb\u00fchr.<br \/>\nSollte die Veranstaltung aus Gr\u00fcnden h\u00f6herer Gewalt, extremer Wetterbedingungen oder jeder anderen Art und Weise die nicht auf die Organisatoren zur\u00fcckzuf\u00fchren ist nicht stattfinden, wird die Geb\u00fchr nicht zur\u00fcckerstattet oder f\u00fcr das folgende Jahr anerkannt.<\/p>\n<p><u>Sollte das Event auf Grund von COVID-19 nicht stattfinden k\u00f6nnen wird es verschoben und das bereits eingezahlte Startgeld wird dem Athleten gut geschrieben.<\/u><\/p>\n<\/div><\/div><\/div><\/div><\/div><\/div>[vc_empty_space][\/vc_column][\/vc_row]<\/p>\n<\/div>","protected":false},"excerpt":{"rendered":"<p>[vc_row full_width=&#8220;stretch_row&#8220; match_height=&#8220;yes&#8220; center_row=&#8220;yes&#8220; typo_style=&#8220;light&#8220; bg_type=&#8220;bg_color&#8220; bg_override=&#8220;full&#8220; bg_color_value=&#8220;#0081ab&#8220;][vc_column width=&#8220;1\/2&#8243;][vc_single_image image=&#8220;15841&#8243; img_size=&#8220;full&#8220; alignment=&#8220;center&#8220;][\/vc_column][vc_column width=&#8220;1\/2&#8243;][\/vc_column][\/vc_row][vc_row full_width=&#8220;stretch_row&#8220; disable_element=&#8220;yes&#8220; typo_style=&#8220;default&#8220;][vc_column][vc_column_text]Die Anmeldungen f\u00fcr die EPIC Ski Tour \u00f6ffnen am 15. Dezember 2021! Jeder kann am&#8230;<\/p>\n","protected":false},"author":1,"featured_media":0,"parent":14974,"menu_order":0,"comment_status":"closed","ping_status":"closed","template":"","meta":{"footnotes":""},"class_list":["post-16535","page","type-page","status-publish","hentry"],"aioseo_notices":[],"_links":{"self":[{"href":"https:\/\/www.epicskitour.com\/de\/wp-json\/wp\/v2\/pages\/16535"}],"collection":[{"href":"https:\/\/www.epicskitour.com\/de\/wp-json\/wp\/v2\/pages"}],"about":[{"href":"https:\/\/www.epicskitour.com\/de\/wp-json\/wp\/v2\/types\/page"}],"author":[{"embeddable":true,"href":"https:\/\/www.epicskitour.com\/de\/wp-json\/wp\/v2\/users\/1"}],"replies":[{"embeddable":true,"href":"https:\/\/www.epicskitour.com\/de\/wp-json\/wp\/v2\/comments?post=16535"}],"version-history":[{"count":33,"href":"https:\/\/www.epicskitour.com\/de\/wp-json\/wp\/v2\/pages\/16535\/revisions"}],"predecessor-version":[{"id":20781,"href":"https:\/\/www.epicskitour.com\/de\/wp-json\/wp\/v2\/pages\/16535\/revisions\/20781"}],"up":[{"embeddable":true,"href":"https:\/\/www.epicskitour.com\/de\/wp-json\/wp\/v2\/pages\/14974"}],"wp:attachment":[{"href":"https:\/\/www.epicskitour.com\/de\/wp-json\/wp\/v2\/media?parent=16535"}],"curies":[{"name":"wp","href":"https:\/\/api.w.org\/{rel}","templated":true}]}}