{"id":16550,"date":"2020-01-09T11:14:09","date_gmt":"2020-01-09T10:14:09","guid":{"rendered":"https:\/\/www.epicskitour.com\/?page_id=16550"},"modified":"2022-01-20T15:22:01","modified_gmt":"2022-01-20T14:22:01","slug":"info","status":"publish","type":"page","link":"https:\/\/www.epicskitour.com\/de\/trentino\/info\/","title":{"rendered":"Info EPIC Ski Tour Trento Monte Bondone 2022"},"content":{"rendered":"<div class=\"wpb-content-wrapper\"><p>[vc_row full_width=&#8220;stretch_row&#8220; center_row=&#8220;yes&#8220; typo_style=&#8220;light&#8220; css=&#8220;.vc_custom_1568793489215{background-color: #0081ab !important;}&#8220;][vc_column]<div class=\"zozo-feature-box feature-box-style style-default-box style-sep-yes \" id=\"feature-box-1\"><div class=\"grid-item\"><div class=\"grid-box-inner grid-text-center grid-box-image grid-shape-none\"><div class=\"grid-image-wrapper zozo-image-wrapper img-none img-size-small\"><img loading=\"lazy\" decoding=\"async\" width=\"200\" height=\"200\" src=\"https:\/\/www.epicskitour.com\/wp-content\/uploads\/2020\/12\/epic-icon-info.png\" class=\"img-none attachment-theme-mid\" alt=\"\" title=\"epic-icon-info\" srcset=\"https:\/\/www.epicskitour.com\/wp-content\/uploads\/2020\/12\/epic-icon-info.png 200w, https:\/\/www.epicskitour.com\/wp-content\/uploads\/2020\/12\/epic-icon-info-85x85.png 85w, https:\/\/www.epicskitour.com\/wp-content\/uploads\/2020\/12\/epic-icon-info-100x100.png 100w\" sizes=\"(max-width: 200px) 100vw, 200px\" \/><\/div><h2 class=\"grid-title-below grid-title \" style=\"font-size:28px;\">INFO<\/h2><div class=\"grid-desc\" ><p>Die EPIC Ski Tour hebt sich von allen anderen Ski Touren Veranstaltungen ab indem sie die breite Masse der Skitouren Liebhaber anspricht, egal ob Anf\u00e4nger oder Profi: Heuer gibt es neben einem EPIC Race, einer etwas l\u00e4ngeren Strecke und ein Vertical Race. Zudem gibt es 4ALL, das sind verschiedene Touren mit einem qualifizierten Bergf\u00fchrer, welche ohne Zeitmessung absolvieret werden.<\/p>\n<\/div><\/div><\/div><\/div>[\/vc_column][\/vc_row][vc_row full_width=&#8220;stretch_row_content&#8220; content_placement=&#8220;middle&#8220; typo_style=&#8220;light&#8220; css=&#8220;.vc_custom_1568793190420{padding-top: 0px !important;padding-bottom: 0px !important;background-color: #006c91 !important;}&#8220;][vc_column width=&#8220;1\/2&#8243;][vc_single_image image=&#8220;18919&#8243; img_size=&#8220;full&#8220; alignment=&#8220;right&#8220;][\/vc_column][vc_column width=&#8220;1\/2&#8243;]<div class=\"zozo-feature-box feature-box-style style-default-box style-sep-no vc_custom_1635412588148\" id=\"feature-box-2\"><div class=\"grid-item\"><div class=\"grid-box-inner grid-text-center grid-box-image grid-shape-none\"><div class=\"grid-image-wrapper zozo-image-wrapper img-none img-size-small\"><img loading=\"lazy\" decoding=\"async\" width=\"123\" height=\"123\" src=\"https:\/\/www.epicskitour.com\/wp-content\/uploads\/2019\/09\/info-percorsi-icon.png\" class=\"img-none attachment-theme-mid\" alt=\"\" title=\"info-percorsi-icon\" \/><\/div><div class=\"grid-desc\" ><p style=\"text-align: center;\"><img loading=\"lazy\" decoding=\"async\" class=\"aligncenter size-full wp-image-19928\" src=\"https:\/\/www.epicskitour.com\/wp-content\/uploads\/2020\/12\/races-icon.png\" alt=\"\" width=\"107\" height=\"36\" \/><br \/>\nEin professionelles Rennen mit einem hochkar\u00e4tig besetztem Starterfeld ist ein wichtiger Bestandteil der EPIC Ski Tour.<br \/>\nHeuer gibt es sogar verschiedene Rennformate: ein EPIC Race, eine etwas l\u00e4ngere Strecke und ein Vertical Race.<\/p>\n<p style=\"text-align: center;\"><img loading=\"lazy\" decoding=\"async\" class=\"aligncenter size-full wp-image-19784\" src=\"https:\/\/www.epicskitour.com\/wp-content\/uploads\/2020\/11\/regolamento-race-22.png\" alt=\"\" width=\"236\" height=\"94\" \/><em>Ausr\u00fcstung nicht obligatorisch, da das Rennen auf der Skipiste stattfinden wird<\/em><\/p>\n<\/div><div class=\"grid-button\"><a href=\"https:\/\/www.epicskitour.com\/de\/trentino\/strecke\/\" class=\"btn btn-fbox-more\" title=\"Strecken EPIC Ski Tour Trento Monte Bondone 2021\" target=\"_self\">MEHR INFORMATIONEN DAZU GIBT\u2019S HIER<\/a><\/div><\/div><\/div><\/div>[\/vc_column][\/vc_row][vc_row full_width=&#8220;stretch_row_content&#8220; content_placement=&#8220;middle&#8220; typo_style=&#8220;light&#8220; css=&#8220;.vc_custom_1568793054471{padding-top: 0px !important;padding-bottom: 0px !important;background-color: #0081ab !important;}&#8220;][vc_column width=&#8220;1\/2&#8243;]<div class=\"zozo-feature-box feature-box-style style-default-box style-sep-no vc_custom_1606485461369\" id=\"feature-box-3\"><div class=\"grid-item\"><div class=\"grid-box-inner grid-text-center grid-box-image grid-shape-none\"><div class=\"grid-image-wrapper zozo-image-wrapper img-none img-size-small\"><img loading=\"lazy\" decoding=\"async\" width=\"162\" height=\"117\" src=\"https:\/\/www.epicskitour.com\/wp-content\/uploads\/2019\/10\/info-4all-icon-2.png\" class=\"img-none attachment-theme-mid\" alt=\"\" title=\"info-4all-icon-2\" \/><\/div><div class=\"grid-desc\" ><p>Nach dem Motto <strong>\u201e4ALL\u201c<\/strong> gibt es neben dem klassischen Rennformat der EPIC Ski Tour die M\u00f6glichkeit <strong>verschiedene Touren ohne Zeitmessung und mit einem qualifizierten Bergf\u00fchrer zu absolvieren<\/strong>. Selbstverst\u00e4ndlich gibt es dabei verschiedene Leistungsgruppen \u2013 Rookie, Beginner, Advanced \u2013 nat\u00fcrlich wird der Rhythmus an die Kondition der Gruppe angepasst!<\/p>\n<\/div><div class=\"grid-button\"><a href=\"https:\/\/www.epicskitour.com\/de\/4all-jeder-kann-teilnehmen\/\" class=\"btn btn-fbox-more\" title=\"\" target=\"_self\">MEHR INFORMATIONEN DAZU GIBT\u2019S HIER<\/a><\/div><\/div><\/div><\/div>[\/vc_column][vc_column width=&#8220;1\/2&#8243;][vc_single_image image=&#8220;12976&#8243; img_size=&#8220;full&#8220;][\/vc_column][\/vc_row][vc_row full_width=&#8220;stretch_row_content&#8220; content_placement=&#8220;middle&#8220; typo_style=&#8220;light&#8220; css=&#8220;.vc_custom_1568793190420{padding-top: 0px !important;padding-bottom: 0px !important;background-color: #006c91 !important;}&#8220;][vc_column width=&#8220;1\/2&#8243;][vc_single_image image=&#8220;18092&#8243; img_size=&#8220;full&#8220; alignment=&#8220;right&#8220;][\/vc_column][vc_column width=&#8220;1\/2&#8243;]<div class=\"zozo-feature-box feature-box-style style-default-box style-sep-no vc_custom_1642083604308\" id=\"feature-box-4\"><div class=\"grid-item\"><div class=\"grid-box-inner grid-text-center grid-box-image grid-shape-none\"><div class=\"grid-image-wrapper zozo-image-wrapper img-none img-size-small\"><img loading=\"lazy\" decoding=\"async\" width=\"239\" height=\"36\" src=\"https:\/\/www.epicskitour.com\/wp-content\/uploads\/2020\/01\/info-expo-area-icon.png\" class=\"img-none attachment-theme-mid\" alt=\"\" title=\"info-expo-area-icon\" \/><\/div><div class=\"grid-desc\" ><p>Die <strong>EXPO Area<\/strong> wird sich heuer im Zentrum von Trient und ein Teil davon auch auf dem Monte Bondone befinden. Die EXPO Area ist zug\u00e4nglich f\u00fcr ALLE die sich f\u00fcr den Skitouren Sport interessieren und an diesem Wochenende in der Stadt unterwegs sind.<\/p>\n<p>Eine gro\u00dfe Auswahl an Ausstellern wird am:<\/p>\n<p><strong>21. &#8211; 22. Januar 2022<\/strong> Piazza Duomo in Trient, von 11.00 bis 19.00 Uhr<\/p>\n<\/div><div class=\"grid-button\"><a href=\"https:\/\/www.epicskitour.com\/de\/aussteller-expo-area-testival\/\" class=\"btn btn-fbox-more\" title=\"\" target=\"_self\">DU BIST AUSTELLER? DANN WERDE JETZT TEIL DER EPIC SKI TOUR!<\/a><\/div><\/div><\/div><\/div>[\/vc_column][\/vc_row][vc_row full_width=&#8220;stretch_row_content&#8220; content_placement=&#8220;middle&#8220; disable_element=&#8220;yes&#8220; typo_style=&#8220;light&#8220; css=&#8220;.vc_custom_1642082673289{padding-top: 0px !important;padding-bottom: 0px !important;background-color: #0081ab !important;}&#8220;][vc_column width=&#8220;1\/2&#8243;]<div class=\"zozo-feature-box feature-box-style style-default-box style-sep-no vc_custom_1636118768775\" id=\"feature-box-5\"><div class=\"grid-item\"><div class=\"grid-box-inner grid-text-center grid-box-image grid-shape-none\"><div class=\"grid-image-wrapper zozo-image-wrapper img-none\"><img loading=\"lazy\" decoding=\"async\" width=\"286\" height=\"36\" src=\"https:\/\/www.epicskitour.com\/wp-content\/uploads\/2020\/02\/Logo-EPIC-Testival.png\" class=\"img-none attachment-theme-mid\" alt=\"\" title=\"Logo-EPIC-Testival\" \/><\/div><div class=\"grid-desc\" ><p>Sie befindet sich in der N\u00e4he des Start und Zielbereiches auf dem Monte Bondone und bietet Ihnen die M\u00f6glichkeit, die neusten <strong>Skitouren Ausr\u00fcstungen zu testen<\/strong>.<\/p>\n<p><strong>Samstag 22. Januar 2022<\/strong><br \/>\nTRENTO Monte Bondone<br \/>\nore 14.00 &#8211; 17.30<\/p>\n<p>Das EPIC Testival ist daf\u00fcr da die neuesten Produkte im Skitouren Bereich mit professioneller Beratung Gratis zu testen. Es ist m\u00f6glich sich im Vorhinein daf\u00fcr anzumelden (info@epicskitour.com), so stellt man sicher, dass Ski und Schuhe in der richtigen Gr\u00f6\u00dfe f\u00fcr einen bereit stehen. Ansonsten kann man aber auch spontan vorbei kommen\u2026wir freuen uns auf euch!<\/p>\n<\/div><\/div><\/div><\/div>[\/vc_column][vc_column width=&#8220;1\/2&#8243;][vc_single_image image=&#8220;18086&#8243; img_size=&#8220;full&#8220;][\/vc_column][\/vc_row][vc_row full_width=&#8220;stretch_row&#8220; center_row=&#8220;yes&#8220; typo_style=&#8220;default&#8220;][vc_column]<div class=\"zozo-feature-box feature-box-style style-default-box style-sep-no \" id=\"feature-box-6\"><div class=\"grid-item\"><div class=\"grid-box-inner grid-text-center grid-box-image grid-shape-none\"><div class=\"grid-image-wrapper zozo-image-wrapper img-none img-size-small\"><img loading=\"lazy\" decoding=\"async\" width=\"124\" height=\"123\" src=\"https:\/\/www.epicskitour.com\/wp-content\/uploads\/2019\/09\/icon-iscrizione.png\" class=\"img-none attachment-theme-mid\" alt=\"\" title=\"icon-iscrizione\" \/><\/div><h2 class=\"grid-title-below grid-title \" style=\"font-size:28px;\">ANMELDUNG<\/h2><div class=\"grid-desc\" ><p>Die Anmeldung zur EPIC Ski Tour Trento Monte Bondone \u00f6ffnet am<strong> 15. Dezember 2021<\/strong><\/p>\n<\/div><div class=\"grid-button\"><a href=\"https:\/\/www.epicskitour.com\/de\/?page_id=16535\" class=\"btn btn-fbox-more\" title=\"\" target=\"_blank\">ANMELDUNG!<\/a><\/div><\/div><\/div><\/div>[\/vc_column][\/vc_row][vc_row full_width=&#8220;stretch_row&#8220; center_row=&#8220;yes&#8220; typo_style=&#8220;light&#8220; css=&#8220;.vc_custom_1568793489215{background-color: #0081ab !important;}&#8220;][vc_column]<div class=\"zozo-feature-box feature-box-style style-default-box style-sep-yes \" id=\"feature-box-7\"><div class=\"grid-item\"><div class=\"grid-box-inner grid-text-center grid-box-image grid-shape-none\"><div class=\"grid-image-wrapper zozo-image-wrapper img-none img-size-small\"><img loading=\"lazy\" decoding=\"async\" width=\"123\" height=\"123\" src=\"https:\/\/www.epicskitour.com\/wp-content\/uploads\/2019\/09\/info-location-icon.png\" class=\"img-none attachment-theme-mid\" alt=\"\" title=\"info-location-icon\" \/><\/div><h2 class=\"grid-title-below grid-title \" style=\"font-size:28px;\">LOCATION<\/h2><div class=\"grid-desc\" ><p><img loading=\"lazy\" decoding=\"async\" class=\"aligncenter wp-image-19654 size-full\" src=\"https:\/\/www.epicskitour.com\/wp-content\/uploads\/2020\/11\/location-map-trento-monte-bondone-2021-5.png\" alt=\"\" width=\"1024\" height=\"593\" srcset=\"https:\/\/www.epicskitour.com\/wp-content\/uploads\/2020\/11\/location-map-trento-monte-bondone-2021-5.png 1024w, https:\/\/www.epicskitour.com\/wp-content\/uploads\/2020\/11\/location-map-trento-monte-bondone-2021-5-300x174.png 300w, https:\/\/www.epicskitour.com\/wp-content\/uploads\/2020\/11\/location-map-trento-monte-bondone-2021-5-768x445.png 768w, https:\/\/www.epicskitour.com\/wp-content\/uploads\/2020\/11\/location-map-trento-monte-bondone-2021-5-600x347.png 600w\" sizes=\"(max-width: 1024px) 100vw, 1024px\" \/><\/p>\n<\/div><\/div><\/div><\/div>[\/vc_column][\/vc_row][vc_row full_width=&#8220;stretch_row&#8220; center_row=&#8220;yes&#8220; typo_style=&#8220;default&#8220;][vc_column]<div class=\"zozo-parallax-header\"><div class=\"parallax-header\"><h3 class=\"parallax-title text-center\">ANFAHRT<\/h3><div class=\"parallax-desc default-style text-center\"><p>Trento und der Monte Bondone sind nicht weit voneinander entfernt und durch eine bequeme, panoramareiche Stra\u00dfe verbunden (knapp 20 Kilometer, um von der Stadt bis hinauf auf 1.650 m, nach Vason, zu gelangen) und durch Linienbusse erreichbar, die im Winter durch einen Skibusservice erg\u00e4nzt werden.<\/p>\n<\/div><\/div><\/div>[vc_tta_tabs style=&#8220;modern&#8220; spacing=&#8220;&#8220; alignment=&#8220;center&#8220; active_section=&#8220;1&#8243; no_fill_content_area=&#8220;true&#8220;][vc_tta_section i_icon_fontawesome=&#8220;fas fa-car&#8220; add_icon=&#8220;true&#8220; title=&#8220;AUTO&#8220; tab_id=&#8220;car&#8220;][vc_column_text]Brenner\u00adAutobahn (A22 Ausfahrt Trento S\u00fcd oder Nord). Staatsstra\u00dfe 12 dell`Abetone \u00ad alte Brennerstra\u00dfe von Bozen oder Verona. Staatsstra\u00dfe 47 (Schnellstra\u00dfe Valsugana) aus Venedig kommend und Staatsstra\u00dfe 45 bis della Gardesana Occidentale aus Brescia und vom Gardasee kommend.[\/vc_column_text][\/vc_tta_section][vc_tta_section i_icon_fontawesome=&#8220;fas fa-train&#8220; add_icon=&#8220;true&#8220; title=&#8220;BAHN&#8220; tab_id=&#8220;train&#8220;][vc_column_text]T\u00e4glich bieten Deutsche Bahn und \u00d6BB f\u00fcnf moderne EuroCity-Z\u00fcge von M\u00fcnchen nach Trento mit gratis Bahnhofabholung von unseren Partnerhotels. F\u00fcr Reisende aus Nord- und Ostdeutschland bietet sich ein bequemer Umstieg in M\u00fcnchen an.<\/p>\n<p>Brennerbahnlinie und Bahnlinie Valsugana ab Venedig. Der Bahnhof befindet sich in n\u00e4chster N\u00e4he der Altstadt von Trento (den Domplatz erreicht man in wenigen Minuten zu Fu\u00df). Zweihundert Meter vom Bahnhof entfernt befindet sich die Kleinbahn Trento Mal\u00e8, die Trento mit dem Val di Non und dem Val di Sole verbindet (um zu ihr zu gelangen, braucht man nur dem Bahnsteig 1 vom Bahnhof in Richtung Norden zu folgen).<br \/>\nF\u00fcr Infos \u00fcber die Fahrpl\u00e4ne nachfolgende Internet\u00adAdressen anklicken:<\/p>\n<p><a href=\"http:\/\/www.ffs.ch\" target=\"_blank\" rel=\"noopener noreferrer\">Italien \u2013 <\/a><a href=\"http:\/\/www.trenitalia.it\" target=\"_blank\" rel=\"noopener noreferrer\">www.trenitalia.it<\/a><a href=\"http:\/\/www.ffs.ch\" target=\"_blank\" rel=\"noopener noreferrer\"> | <\/a><a href=\"http:\/\/www.italotreno.it\" target=\"_blank\" rel=\"noopener noreferrer\">www.italotreno.it<\/a><a href=\"http:\/\/www.ffs.ch\" target=\"_blank\" rel=\"noopener noreferrer\"><br \/>\n\u00d6sterreich \u2013 <\/a><a href=\"http:\/\/www.oebb.at\" target=\"_blank\" rel=\"noopener noreferrer\">www.oebb.at<\/a><a href=\"http:\/\/www.ffs.ch\" target=\"_blank\" rel=\"noopener noreferrer\"><br \/>\nDeutschland \u2013 <\/a><a href=\"http:\/\/www.bahn.com\" target=\"_blank\" rel=\"noopener noreferrer\">www.bahn.com<\/a><a href=\"http:\/\/www.ffs.ch\" target=\"_blank\" rel=\"noopener noreferrer\"><br \/>\nFrankreich \u2013 <\/a><a href=\"http:\/\/www.sncf.com\" target=\"_blank\" rel=\"noopener noreferrer\">www.sncf.com<\/a><a href=\"http:\/\/www.ffs.ch\" target=\"_blank\" rel=\"noopener noreferrer\"><br \/>\nSchweiz \u2013 <\/a><a href=\"http:\/\/www.ffs.ch\" target=\"_blank\" rel=\"noopener noreferrer\">www.ffs.ch\u2028<\/a>[\/vc_column_text][\/vc_tta_section][vc_tta_section i_icon_fontawesome=&#8220;fas fa-plane&#8220; add_icon=&#8220;true&#8220; title=&#8220;FLUGZEUG&#8220; tab_id=&#8220;airbus&#8220;][vc_column_text]Die n\u00e4chstgelegenen Flugh\u00e4fen sind:<br \/>\nVerona (90 km)<br \/>\nTreviso (130 km)<br \/>\nVenezia (155 km)<br \/>\nBrescia (165 km)<br \/>\nBergamo (200 km)<br \/>\nBologna (225 km)<br \/>\nMilano (250 km)[\/vc_column_text][\/vc_tta_section][vc_tta_section i_icon_fontawesome=&#8220;fas fa-bus&#8220; add_icon=&#8220;true&#8220; title=&#8220;BUS&#8220; tab_id=&#8220;bus&#8220;][vc_column_text]<\/p>\n<div class=\"wpb_column vc_main_column vc_column_container vc_col-sm-12 typo-default\">\n<div class=\"vc_column-inner \">\n<div class=\"wpb_wrapper\">\n<div class=\"vc_tta-container\" data-vc-action=\"collapse\">\n<div class=\"vc_general vc_tta vc_tta-tabs vc_tta-color-grey vc_tta-style-modern vc_tta-shape-rounded vc_tta-o-shape-group vc_tta-o-no-fill vc_tta-tabs-position-top vc_tta-controls-align-center\">\n<div class=\"vc_tta-panels-container\">\n<div class=\"vc_tta-panels\">\n<div id=\"1578562933187-c7d920be-50e5\" class=\"vc_tta-panel vc_active\" data-vc-content=\".vc_tta-panel-body\">\n<div class=\"vc_tta-panel-body\">\n<div class=\"wpb_text_column wpb_content_element \">\n<div class=\"wpb_wrapper\">\n<p>Trento ist mit allen Orten der Provinz durch einen effizienten Linienbus\u00adService verbunden, mit dem alle, die selbst kein Fahrzeug haben, bequem jeden x\u00adbeliebigen Ort im Trentino erreichen k\u00f6nnen. Ferner bestehen mehrmals pro Woche Direktverbindungen zwischen Trento und einigen europ\u00e4ischen St\u00e4dten (Prag, Wien, Innsbruck, Salzburg, Ceske Budejovice). Dieser Service wird zu bestimmten Jahreszeiten auch auf einige italienische St\u00e4dte ausgedehnt.<\/p>\n<\/div>\n<\/div>\n<\/div>\n<\/div>\n<\/div>\n<\/div>\n<\/div>\n<\/div>\n<\/div>\n<\/div>\n<\/div>\n<p>[\/vc_column_text][\/vc_tta_section][\/vc_tta_tabs][\/vc_column][\/vc_row]<\/p>\n<\/div>","protected":false},"excerpt":{"rendered":"<p>[vc_row full_width=&#8220;stretch_row&#8220; center_row=&#8220;yes&#8220; typo_style=&#8220;light&#8220; css=&#8220;.vc_custom_1568793489215{background-color: #0081ab !important;}&#8220;][vc_column][\/vc_column][\/vc_row][vc_row full_width=&#8220;stretch_row_content&#8220; content_placement=&#8220;middle&#8220; typo_style=&#8220;light&#8220; css=&#8220;.vc_custom_1568793190420{padding-top: 0px !important;padding-bottom: 0px !important;background-color: #006c91 !important;}&#8220;][vc_column width=&#8220;1\/2&#8243;][vc_single_image image=&#8220;18919&#8243; img_size=&#8220;full&#8220; alignment=&#8220;right&#8220;][\/vc_column][vc_column width=&#8220;1\/2&#8243;][\/vc_column][\/vc_row][vc_row full_width=&#8220;stretch_row_content&#8220; content_placement=&#8220;middle&#8220; typo_style=&#8220;light&#8220; css=&#8220;.vc_custom_1568793054471{padding-top: 0px !important;padding-bottom: 0px !important;background-color:&#8230;<\/p>\n","protected":false},"author":1,"featured_media":0,"parent":14974,"menu_order":0,"comment_status":"closed","ping_status":"closed","template":"template-fullwidth.php","meta":{"footnotes":""},"class_list":["post-16550","page","type-page","status-publish","hentry"],"aioseo_notices":[],"_links":{"self":[{"href":"https:\/\/www.epicskitour.com\/de\/wp-json\/wp\/v2\/pages\/16550"}],"collection":[{"href":"https:\/\/www.epicskitour.com\/de\/wp-json\/wp\/v2\/pages"}],"about":[{"href":"https:\/\/www.epicskitour.com\/de\/wp-json\/wp\/v2\/types\/page"}],"author":[{"embeddable":true,"href":"https:\/\/www.epicskitour.com\/de\/wp-json\/wp\/v2\/users\/1"}],"replies":[{"embeddable":true,"href":"https:\/\/www.epicskitour.com\/de\/wp-json\/wp\/v2\/comments?post=16550"}],"version-history":[{"count":36,"href":"https:\/\/www.epicskitour.com\/de\/wp-json\/wp\/v2\/pages\/16550\/revisions"}],"predecessor-version":[{"id":20520,"href":"https:\/\/www.epicskitour.com\/de\/wp-json\/wp\/v2\/pages\/16550\/revisions\/20520"}],"up":[{"embeddable":true,"href":"https:\/\/www.epicskitour.com\/de\/wp-json\/wp\/v2\/pages\/14974"}],"wp:attachment":[{"href":"https:\/\/www.epicskitour.com\/de\/wp-json\/wp\/v2\/media?parent=16550"}],"curies":[{"name":"wp","href":"https:\/\/api.w.org\/{rel}","templated":true}]}}