{"id":18103,"date":"2020-02-24T10:23:58","date_gmt":"2020-02-24T09:23:58","guid":{"rendered":"https:\/\/www.epicskitour.com\/?page_id=18103"},"modified":"2020-02-24T10:23:59","modified_gmt":"2020-02-24T09:23:59","slug":"accomodation","status":"publish","type":"page","link":"https:\/\/www.epicskitour.com\/de\/trentino\/accomodation\/","title":{"rendered":"Aufenthalt Trento Monte Bondone"},"content":{"rendered":"<div class=\"wpb-content-wrapper\"><p>[vc_row css=&#8220;.vc_custom_1458148926415{margin-top: 0px !important;margin-bottom: 0px !important;padding-top: 0px !important;padding-bottom: 0px !important;}&#8220;][vc_column]<style type=\"text\/css\" scoped>#feature-box-1 .grid-item .grid-box-inner .grid-icon { background-color:#fcc300; color:#0081ab; }\n<\/style><div class=\"zozo-feature-box feature-box-style style-default-box style-sep-yes \" id=\"feature-box-1\"><div class=\"grid-item\"><div class=\"grid-box-inner grid-text-center grid-box-large grid-box-icon-circle grid-icon-shape grid-shape-none\"><div class=\"grid-icon-wrapper no-hover shape-icon-circle\"><i class=\"fa fa-bed grid-icon zozo-icon icon-shape icon-circle icon-skin-default icon-bg pattern-1 icon-large\"><\/i><\/div><h2 class=\"grid-title-below grid-title text-center \" style=\"color:#0081ab;\">Haben Sie immer noch keinen Schlafplatz gefunden?<\/h2><div class=\"grid-desc text-center\" ><h6>Wir haben f\u00fcr Sie einige Unterk\u00fcnfte in der N\u00e4he des EPIC Ski Tour Events ausgew\u00e4hlt.<br \/>\nW\u00e4hlen Sie die gew\u00fcnschte Unterkunft nach Ihren Bed\u00fcrfnissen!<\/h6>\n<\/div><\/div><\/div><\/div>[\/vc_column][\/vc_row][vc_row typo_style=&#8220;default&#8220;][vc_column width=&#8220;1\/4&#8243;]<div class=\"zozo-feature-box feature-box-style style-default-box style-sep-yes \" id=\"feature-box-2\"><div class=\"grid-item\"><div class=\"grid-box-inner grid-text-center grid-box-image grid-shape-none\"><div class=\"grid-image-wrapper zozo-image-wrapper img-none\"><a href=\"https:\/\/www.grandhoteltrento.com\/\" title=\"\" target=\"_blank\"><img loading=\"lazy\" decoding=\"async\" width=\"400\" height=\"300\" src=\"https:\/\/www.epicskitour.com\/wp-content\/uploads\/2020\/02\/grand-hotel-trento-accomodation-epicskitour-trentino-2020.jpg\" class=\"img-none attachment-theme-mid\" alt=\"\" title=\"grand-hotel-trento-accomodation-epicskitour-trentino-2020\" srcset=\"https:\/\/www.epicskitour.com\/wp-content\/uploads\/2020\/02\/grand-hotel-trento-accomodation-epicskitour-trentino-2020.jpg 400w, https:\/\/www.epicskitour.com\/wp-content\/uploads\/2020\/02\/grand-hotel-trento-accomodation-epicskitour-trentino-2020-300x225.jpg 300w\" sizes=\"(max-width: 400px) 100vw, 400px\" \/><\/a><\/div><a href=\"https:\/\/www.grandhoteltrento.com\/\" title=\"\" target=\"_blank\"><h3 class=\"grid-title-below grid-title \" style=\"font-size:30px;\">Grand Hotel Trento<\/h3><\/a><div class=\"grid-desc\" ><p>****<br \/>\nPiazza Dante, 20<br \/>\n38122 Trento (TN)<br \/>\nT +39 0461 271000<br \/>\nreservation@grandhoteltrento.com<br \/>\n<a href=\"https:\/\/www.grandhoteltrento.com\/\" target=\"_blank\" rel=\"noopener noreferrer\">www.grandhoteltrento.com<\/a><\/p>\n<\/div><\/div><\/div><\/div>[\/vc_column][vc_column width=&#8220;1\/4&#8243;]<div class=\"zozo-feature-box feature-box-style style-default-box style-sep-yes \" id=\"feature-box-3\"><div class=\"grid-item\"><div class=\"grid-box-inner grid-text-center grid-box-image grid-shape-none\"><div class=\"grid-image-wrapper zozo-image-wrapper img-none\"><a href=\"https:\/\/hotelmontana.it\/\" title=\"\" target=\"_blank\"><img loading=\"lazy\" decoding=\"async\" width=\"400\" height=\"300\" src=\"https:\/\/www.epicskitour.com\/wp-content\/uploads\/2020\/02\/hotel-montana-accomodation-epicskitour-trentino-2020.jpg\" class=\"img-none attachment-theme-mid\" alt=\"\" title=\"hotel-montana-accomodation-epicskitour-trentino-2020\" srcset=\"https:\/\/www.epicskitour.com\/wp-content\/uploads\/2020\/02\/hotel-montana-accomodation-epicskitour-trentino-2020.jpg 400w, https:\/\/www.epicskitour.com\/wp-content\/uploads\/2020\/02\/hotel-montana-accomodation-epicskitour-trentino-2020-300x225.jpg 300w\" sizes=\"(max-width: 400px) 100vw, 400px\" \/><\/a><\/div><a href=\"https:\/\/hotelmontana.it\/\" title=\"\" target=\"_blank\"><h3 class=\"grid-title-below grid-title \" style=\"font-size:30px;\">Hotel Montana Family Mountain Resort<\/h3><\/a><div class=\"grid-desc\" ><p>****<br \/>\nStrada di Vason, 70<br \/>\n38123 Vason<br \/>\nMonte Bondone (TN)<br \/>\nT +39 0461 948200<br \/>\nF +39 0461 948177<br \/>\ninfo@hotelmontana.it<br \/>\n<a href=\"https:\/\/hotelmontana.it\/\" target=\"_blank\" rel=\"noopener noreferrer\">www.hotelmontana.it<\/a><\/p>\n<\/div><\/div><\/div><\/div>[\/vc_column][vc_column width=&#8220;1\/4&#8243;]<div class=\"zozo-feature-box feature-box-style style-default-box style-sep-yes \" id=\"feature-box-4\"><div class=\"grid-item\"><div class=\"grid-box-inner grid-text-center grid-box-image grid-shape-none\"><div class=\"grid-image-wrapper zozo-image-wrapper img-none\"><a href=\"https:\/\/montanawellness.it\/\" title=\"\" target=\"_blank\"><img loading=\"lazy\" decoding=\"async\" width=\"400\" height=\"300\" src=\"https:\/\/www.epicskitour.com\/wp-content\/uploads\/2020\/02\/montana-wellness-panoramic-spa-accomodation-epicskitour-trentino-2020.jpg\" class=\"img-none attachment-theme-mid\" alt=\"\" title=\"montana-wellness-panoramic-spa-accomodation-epicskitour-trentino-2020\" srcset=\"https:\/\/www.epicskitour.com\/wp-content\/uploads\/2020\/02\/montana-wellness-panoramic-spa-accomodation-epicskitour-trentino-2020.jpg 400w, https:\/\/www.epicskitour.com\/wp-content\/uploads\/2020\/02\/montana-wellness-panoramic-spa-accomodation-epicskitour-trentino-2020-300x225.jpg 300w\" sizes=\"(max-width: 400px) 100vw, 400px\" \/><\/a><\/div><a href=\"https:\/\/montanawellness.it\/\" title=\"\" target=\"_blank\"><h3 class=\"grid-title-below grid-title \" style=\"font-size:30px;\">Montana Wellness Panoramic Spa<\/h3><\/a><div class=\"grid-desc\" ><p>Strada di Vason, 70<br \/>\n38123 Vason, Monte Bondone (TN)<br \/>\nT +39 0461 939303<br \/>\nF +39 0461 948177<br \/>\ninfo@montanawellness.it<br \/>\n<a href=\"http:\/\/www.montanawellness.it\" target=\"_blank\" rel=\"noopener noreferrer\">www.montanawellness.it<\/a><\/p>\n<\/div><\/div><\/div><\/div>[\/vc_column][vc_column width=&#8220;1\/4&#8243;]<div class=\"zozo-feature-box feature-box-style style-default-box style-sep-yes \" id=\"feature-box-5\"><div class=\"grid-item\"><div class=\"grid-box-inner grid-text-center grid-box-image grid-shape-none\"><div class=\"grid-image-wrapper zozo-image-wrapper img-none\"><a href=\"https:\/\/chaletcaminetto.it\/\" title=\"\" target=\"_blank\"><img loading=\"lazy\" decoding=\"async\" width=\"400\" height=\"300\" src=\"https:\/\/www.epicskitour.com\/wp-content\/uploads\/2020\/02\/chalet-caminetto-accomodation-epicskitour-trentino-2020.jpg\" class=\"img-none attachment-theme-mid\" alt=\"\" title=\"chalet-caminetto-accomodation-epicskitour-trentino-2020\" srcset=\"https:\/\/www.epicskitour.com\/wp-content\/uploads\/2020\/02\/chalet-caminetto-accomodation-epicskitour-trentino-2020.jpg 400w, https:\/\/www.epicskitour.com\/wp-content\/uploads\/2020\/02\/chalet-caminetto-accomodation-epicskitour-trentino-2020-300x225.jpg 300w\" sizes=\"(max-width: 400px) 100vw, 400px\" \/><\/a><\/div><a href=\"https:\/\/chaletcaminetto.it\/\" title=\"\" target=\"_blank\"><h3 class=\"grid-title-below grid-title \" style=\"font-size:30px;\">Chalet Caminetto Romantic Hotel<\/h3><\/a><div class=\"grid-desc\" ><p>***<br \/>\nStrada di Vason, 139<br \/>\n38123 Vason,<br \/>\nMonte Bondone (TN)<br \/>\nT +39 0461 948090<br \/>\nF +39 0461 948177<br \/>\ninfo@chaletcaminetto.it<br \/>\n<a href=\"https:\/\/www.chaletcaminetto.it\/\" target=\"_blank\" rel=\"noopener noreferrer\">www.chaletcaminetto.it  <\/a><\/p>\n<\/div><\/div><\/div><\/div>[\/vc_column][\/vc_row]<\/p>\n<\/div>","protected":false},"excerpt":{"rendered":"<p>[vc_row css=&#8220;.vc_custom_1458148926415{margin-top: 0px !important;margin-bottom: 0px !important;padding-top: 0px !important;padding-bottom: 0px !important;}&#8220;][vc_column][\/vc_column][\/vc_row][vc_row typo_style=&#8220;default&#8220;][vc_column width=&#8220;1\/4&#8243;][\/vc_column][vc_column width=&#8220;1\/4&#8243;][\/vc_column][vc_column width=&#8220;1\/4&#8243;][\/vc_column][vc_column width=&#8220;1\/4&#8243;][\/vc_column][\/vc_row]<\/p>\n","protected":false},"author":1,"featured_media":0,"parent":14974,"menu_order":0,"comment_status":"closed","ping_status":"closed","template":"","meta":{"footnotes":""},"class_list":["post-18103","page","type-page","status-publish","hentry"],"aioseo_notices":[],"_links":{"self":[{"href":"https:\/\/www.epicskitour.com\/de\/wp-json\/wp\/v2\/pages\/18103"}],"collection":[{"href":"https:\/\/www.epicskitour.com\/de\/wp-json\/wp\/v2\/pages"}],"about":[{"href":"https:\/\/www.epicskitour.com\/de\/wp-json\/wp\/v2\/types\/page"}],"author":[{"embeddable":true,"href":"https:\/\/www.epicskitour.com\/de\/wp-json\/wp\/v2\/users\/1"}],"replies":[{"embeddable":true,"href":"https:\/\/www.epicskitour.com\/de\/wp-json\/wp\/v2\/comments?post=18103"}],"version-history":[{"count":2,"href":"https:\/\/www.epicskitour.com\/de\/wp-json\/wp\/v2\/pages\/18103\/revisions"}],"predecessor-version":[{"id":18127,"href":"https:\/\/www.epicskitour.com\/de\/wp-json\/wp\/v2\/pages\/18103\/revisions\/18127"}],"up":[{"embeddable":true,"href":"https:\/\/www.epicskitour.com\/de\/wp-json\/wp\/v2\/pages\/14974"}],"wp:attachment":[{"href":"https:\/\/www.epicskitour.com\/de\/wp-json\/wp\/v2\/media?parent=18103"}],"curies":[{"name":"wp","href":"https:\/\/api.w.org\/{rel}","templated":true}]}}