{"id":15811,"date":"2019-03-08T10:17:21","date_gmt":"2019-03-08T09:17:21","guid":{"rendered":"https:\/\/www.epicskitour.com\/prodotto\/skistocke-fu%cc%88r-tourenski-von-fizan-mit-epic-ski-tour-personalisierung-aus-alu-7075-16mm\/"},"modified":"2021-02-01T09:28:24","modified_gmt":"2021-02-01T08:28:24","slug":"skistocke-fu%cc%88r-tourenski-von-fizan-mit-epic-ski-tour-personalisierung-aus-alu-7075-16mm","status":"publish","type":"product","link":"https:\/\/www.epicskitour.com\/de\/produkt\/skistocke-fu%cc%88r-tourenski-von-fizan-mit-epic-ski-tour-personalisierung-aus-alu-7075-16mm\/","title":{"rendered":"Skist\u00f6cke fu\u0308r Tourenski von FIZAN mit EPIC Ski Tour Personalisierung aus Alu 7075 &#8211; 16mm"},"content":{"rendered":"<p>Bei diesen Skist\u00f6cke ist das Aluminiumrohr der Kern des Produkts. Aus diesem Grund verwendet <strong>FIZAN<\/strong> nur hochwertige und langlebige Rohstoffe. Die beiden verwendeten Aluminiumlegierungen (7075-5083) werden nur von zertifizierten Partnern geliefert. Die hohe Qualit\u00e4t des von FIZAN verwendeten Carbons garantiert eine perfekte Kombination aus Leichtigkeit und Festigkeit. Die Form der Spitze erm\u00f6glicht einen perfekten Einsatz auf Schnee und Eis und besteht aus Hartmetall mit einer H\u00e4rte von 73-75 Hrc (wenn die Norm ISO 6508 mindestens 50 Hrc erfordert). Die Griffe der Handl\u00e4ufe haben dank der Materialien einen hervorragenden ergonomischen Halt, leicht und weich im Griff. Alles in Italien hergestellt.<\/p>\n","protected":false},"excerpt":{"rendered":"<ul>\n<li>Aluminium Skist\u00f6cke<\/li>\n<li>Hohe Aluminium Qualit\u00e4t<\/li>\n<li>Sehr harte Metallspitze (73-75 Hrc)<\/li>\n<li>Ergonomischer Griff<\/li>\n<\/ul>\n","protected":false},"featured_media":14453,"comment_status":"closed","ping_status":"closed","template":"","meta":[],"product_cat":[102],"product_tag":[],"class_list":{"0":"post-15811","1":"product","2":"type-product","3":"status-publish","4":"has-post-thumbnail","6":"product_cat-merchandising","7":"product_shipping_class-skistocke","9":"first","10":"outofstock","11":"taxable","12":"shipping-taxable","13":"purchasable","14":"product-type-variable"},"aioseo_notices":[],"_links":{"self":[{"href":"https:\/\/www.epicskitour.com\/de\/wp-json\/wp\/v2\/product\/15811"}],"collection":[{"href":"https:\/\/www.epicskitour.com\/de\/wp-json\/wp\/v2\/product"}],"about":[{"href":"https:\/\/www.epicskitour.com\/de\/wp-json\/wp\/v2\/types\/product"}],"replies":[{"embeddable":true,"href":"https:\/\/www.epicskitour.com\/de\/wp-json\/wp\/v2\/comments?post=15811"}],"wp:featuredmedia":[{"embeddable":true,"href":"https:\/\/www.epicskitour.com\/de\/wp-json\/wp\/v2\/media\/14453"}],"wp:attachment":[{"href":"https:\/\/www.epicskitour.com\/de\/wp-json\/wp\/v2\/media?parent=15811"}],"wp:term":[{"taxonomy":"product_cat","embeddable":true,"href":"https:\/\/www.epicskitour.com\/de\/wp-json\/wp\/v2\/product_cat?post=15811"},{"taxonomy":"product_tag","embeddable":true,"href":"https:\/\/www.epicskitour.com\/de\/wp-json\/wp\/v2\/product_tag?post=15811"}],"curies":[{"name":"wp","href":"https:\/\/api.w.org\/{rel}","templated":true}]}}