{"id":16186,"date":"2019-12-09T14:29:27","date_gmt":"2019-12-09T13:29:28","guid":{"rendered":"https:\/\/www.epicskitour.com\/?post_type=product&#038;p=16186"},"modified":"2021-02-01T09:27:26","modified_gmt":"2021-02-01T08:27:26","slug":"mu%cc%88tze-epic-colors-von-nordicsky-mit-epic-ski-tour-personalisierung","status":"publish","type":"product","link":"https:\/\/www.epicskitour.com\/de\/produkt\/mu%cc%88tze-epic-colors-von-nordicsky-mit-epic-ski-tour-personalisierung\/","title":{"rendered":"Mu\u0308tze &#8222;EPIC Colors&#8220; von NORDICSKY mit EPIC Ski Tour Personalisierung"},"content":{"rendered":"<p>Die EPIC Ski Tour Mu\u0308tze &#8222;EPIC Color&#8220; von Nordicsky ist aus technischem und elastischem Gewebe, komfortabel und warm. Gleichzeitig aber auch hoch atmungsaktiv durch das Innennetz, das eine maximale Atmungsaktivit\u00e4t und gleichzeitig eine ausgezeichnete Best\u00e4ndigkeit auch bei niedrigen Temperaturen gew\u00e4hrleistet. Hergestellt wird es in Italien.<br \/>\nZusammensetzung: 80% PL &amp; 7% EA 13% PU<\/p>\n","protected":false},"excerpt":{"rendered":"<ul>\n<li>Hoch atmungsaktives technisches Material<\/li>\n<li>Zusammensetzung 80% PL &amp; 7% EA 13% PU<\/li>\n<li>Hergestellt in Italien<\/li>\n<\/ul>\n","protected":false},"featured_media":16192,"comment_status":"closed","ping_status":"closed","template":"","meta":[],"product_cat":[102],"product_tag":[],"class_list":{"0":"post-16186","1":"product","2":"type-product","3":"status-publish","4":"has-post-thumbnail","6":"product_cat-merchandising","7":"product_shipping_class-mutze","9":"first","10":"instock","11":"taxable","12":"shipping-taxable","13":"purchasable","14":"product-type-simple"},"aioseo_notices":[],"_links":{"self":[{"href":"https:\/\/www.epicskitour.com\/de\/wp-json\/wp\/v2\/product\/16186"}],"collection":[{"href":"https:\/\/www.epicskitour.com\/de\/wp-json\/wp\/v2\/product"}],"about":[{"href":"https:\/\/www.epicskitour.com\/de\/wp-json\/wp\/v2\/types\/product"}],"replies":[{"embeddable":true,"href":"https:\/\/www.epicskitour.com\/de\/wp-json\/wp\/v2\/comments?post=16186"}],"wp:featuredmedia":[{"embeddable":true,"href":"https:\/\/www.epicskitour.com\/de\/wp-json\/wp\/v2\/media\/16192"}],"wp:attachment":[{"href":"https:\/\/www.epicskitour.com\/de\/wp-json\/wp\/v2\/media?parent=16186"}],"wp:term":[{"taxonomy":"product_cat","embeddable":true,"href":"https:\/\/www.epicskitour.com\/de\/wp-json\/wp\/v2\/product_cat?post=16186"},{"taxonomy":"product_tag","embeddable":true,"href":"https:\/\/www.epicskitour.com\/de\/wp-json\/wp\/v2\/product_tag?post=16186"}],"curies":[{"name":"wp","href":"https:\/\/api.w.org\/{rel}","templated":true}]}}