{"id":11915,"date":"2017-03-24T18:44:22","date_gmt":"2017-03-24T17:44:22","guid":{"rendered":"http:\/\/www.epicskitour.com\/condizioni-generali-di-vendita\/"},"modified":"2017-03-24T18:44:22","modified_gmt":"2017-03-24T17:44:22","slug":"condizioni-generali-di-vendita","status":"publish","type":"page","link":"https:\/\/www.epicskitour.com\/en\/condizioni-generali-di-vendita\/","title":{"rendered":"Condizioni generali di vendita"},"content":{"rendered":"<h3>Identificazione del Fornitore<\/h3>\n<p>I beni oggetto delle presenti condizioni generali sono posti in vendita dalla Curtes Sas, Via Lambrecht 30<br \/>\n39057 Appiano sulla Strada del Vino (BZ) iscritta presso la Camera di Commercio di di BOLZANO al n. BZ &#8211; 180807 del Registro delle Imprese, codice fiscale e P.IVA 02469780213 di seguito indicata come \u201cFornitore\u201d.<\/p>\n<h3>Definizioni<\/h3>\n<p>1.1. Con l\u2019espressione \u201ccontratto di vendita on line\u201d, si intende il contratto di compravendita relativo ai beni mobili materiali del Fornitore, stipulato tra questi e l\u2019Acquirente nell\u2019ambito di un sistema di vendita a distanza tramite strumenti telematici, organizzato dal Fornitore.<br \/>\n1.2. Con l\u2019espressione \u201cAcquirente\u201d si intende il consumatore persona fisica che compie l\u2019acquisto, di cui al presente contratto, per scopi non riferibili all\u2019attivit\u00e0 commerciale o professionale eventualmente svolta.<br \/>\n1.3. Con l\u2019espressione \u201cFornitore\u201d si intende il soggetto indicato in epigrafe ovvero il soggetto prestatore dei servizi di informazione.<\/p>\n<h3>Oggetto del contratto<\/h3>\n<p>2.1. Con il presente contratto, rispettivamente, il Fornitore vende e l\u2019Acquirente acquista a distanza tramite strumenti telematici i beni mobili materiali indicati e offerti in vendita sul sito www.epickskitour.com.<\/p>\n<h3><strong>Modalit\u00e0 di stipulazione del contratto<\/strong><\/h3>\n<p>3.1. Il contratto tra il Fornitore e l\u2019Acquirente si conclude esclusivamente attraverso la rete Internet mediante l\u2019accesso dell\u2019Acquirente all\u2019indirizzo demo.epicskitour.com, ove, seguendo le procedure indicate, l\u2019Acquirente arriver\u00e0 a formalizzare la proposta per l\u2019acquisto dei beni il contratto per l\u2019acquisto dei beni di cui al punto 2.1 del precedente articolo.<\/p>\n<h3>Conclusione ed efficacia del contratto<\/h3>\n<p>4.1. Il contratto di acquisto si conclude mediante l\u2019esatta compilazione del modulo di richiesta e il consenso all\u2019acquisto manifestato tramite l\u2019adesione inviata on line ovvero con la compilazione del form\/modulo allegato al catalogo elettronico on line e il successivo invio del form\/modulo stesso, sempre previa visualizzazione di una pagina web di riepilogo dell\u2019ordine, stampabile, nella quale sono riportati gli estremi dell\u2019ordinante e dell\u2019ordinazione, il prezzo del bene acquistato, le spese di spedizione e gli eventuali ulteriori oneri accessori, le modalit\u00e0 e i termini di pagamento, l\u2019indirizzo ove il bene verr\u00e0 consegnato, i tempi della consegna e l\u2019esistenza del diritto di recesso.<br \/>\n4.2. Nel momento in cui il Fornitore riceve dall\u2019Acquirente l\u2019ordinazione provvede all\u2019invio di una e-mail di conferma oppure alla visualizzazione di una pagina web di conferma e riepilogo dell\u2019ordine, stampabile, nella quale siano anche riportati i dati richiamati nel punto precedente.<br \/>\n4.3. Il contratto non si considera perfezionato ed efficace fra le parti in difetto di quanto indicato al punto precedente.<\/p>\n<h3>Modalit\u00e0 di pagamento e rimborso<\/h3>\n<p>5.1. Ogni pagamento da parte dell\u2019Acquirente potr\u00e0 avvenire unicamente per mezzo di uno dei metodi indicati nell\u2019apposita pagina web dal Fornitore.<br \/>\n5.2. Ogni eventuale rimborso all\u2019Acquirente verr\u00e0 accreditato mediante una delle modalit\u00e0 proposte dal Fornitore e scelta dall\u2019Acquirente, in modo tempestivo e, in caso di esercizio del diritto di recesso, cos\u00ec come disciplinato dall\u2019art. 13, punto 2 e ss. del presente contratto, al massimo entro 30 giorni dalla data in cui il Fornitore \u00e8 venuto a conoscenza del recesso stesso.<br \/>\n5.3. Tutte le comunicazioni relative ai pagamenti avvengono su un\u2019apposita linea del Fornitore protetta da sistema di cifratura. Il Fornitore garantisce la memorizzazione di queste informazioni con un ulteriore livello di cifratura di sicurezza e in ossequio di quanto previsto dalla vigente disciplina in materia di tutela dei dati personali.<\/p>\n<h3>Tempi e modalit\u00e0 della consegna<\/h3>\n<p>6.1. Il Fornitore provveder\u00e0 a recapitare i prodotti selezionati e ordinati, con le modalit\u00e0 scelte dall\u2019Acquirente o indicate sul sito web al momento dell\u2019offerta del bene, cos\u00ec come confermate nella e-mail di cui al punto<br \/>\n6.2. I tempi della spedizione possono variare dal giorno stesso dell\u2019ordine a un massimo di 20 giorni lavorativi dalla conferma dello stesso. Nel caso in cui il Fornitore non sia in grado di effettuare la spedizione entro detto termine ma, comunque, entro quello indicato al punto seguente, ne verr\u00e0 dato tempestivo avviso tramite e-mail all\u2019Acquirente.<br \/>\n6.3. Le modalit\u00e0, i tempi e i costi di spedizione sono chiaramente indicati e ben evidenziati nel sito web demo.epicskitour.com<\/p>\n<h3>Prezzi<\/h3>\n<p>7.1. Tutti i prezzi di vendita dei prodotti esposti e indicati all\u2019interno del sito Internet sono espressi in euro e costituiscono offerta al pubblico ai sensi dell\u2019art. 1336 c.c.<br \/>\n7.2. I prezzi di vendita, di cui al punto precedente, sono comprensivi di IVA e di ogni eventuale altra imposta. I costi di spedizione e gli eventuali oneri accessori (ad es. sdoganamento), se presenti, pur non ricompresi nel prezzo di acquisto, devono essere indicati e calcolati nella procedura di acquisto prima dell\u2019inoltro dell\u2019ordine da parte dell\u2019Acquirente e altres\u00ec contenuti nella pagina web di riepilogo dell\u2019ordine effettuato.<br \/>\n7.3. I prezzi indicati in corrispondenza di ciascuno dei beni offerti al pubblico hanno validit\u00e0 fino alla data indicata nel catalogo.<\/p>\n<h3>Disponibilit\u00e0 dei prodotti<\/h3>\n<p>8.1. Il Fornitore assicura tramite il sistema telematico utilizzato l\u2019elaborazione ed evasione degli ordini senza ritardo. A tale scopo indica in tempo reale, nel proprio catalogo elettronico, il numero dei prodotti disponibili e quelli non disponibili, nonch\u00e9 i tempi di spedizione.<br \/>\n8.2. Qualora un ordine dovesse superare la quantit\u00e0 esistente nel magazzino, il Fornitore, tramite e-mail, render\u00e0 noto all\u2019Acquirente se il bene non sia pi\u00f9 prenotabile ovvero quali siano i tempi di attesa per ottenere il bene scelto, chiedendo se intende confermare l\u2019ordine o meno.<br \/>\n8.3. Il sistema informatico del Fornitore conferma nel pi\u00f9 breve tempo possibile l\u2019avvenuta registrazione dell\u2019ordine inoltrando all\u2019Utente una conferma per posta elettronica, ai sensi del punto 4.2.<\/p>\n<h3>Limitazioni di responsabilit\u00e0<\/h3>\n<p>9.1. Il Fornitore non assume alcuna responsabilit\u00e0 per disservizi imputabili a causa di forza maggiore nel caso non riesca a dare esecuzione all\u2019ordine nei tempi previsti dal contratto.<br \/>\n9.2. Il Fornitore non potr\u00e0 ritenersi responsabile verso l\u2019Acquirente, salvo il caso di dolo o colpa grave, per disservizi o malfunzionamenti connessi all\u2019utilizzo della rete Internet al di fuori del controllo proprio o di suoi subfornitori.<br \/>\n9.3. Il Fornitore non sar\u00e0 inoltre responsabile in merito a danni, perdite e costi subiti dall\u2019Acquirente a seguito della mancata esecuzione del contratto per cause a lui non imputabili, avendo l\u2019Acquirente diritto soltanto alla restituzione integrale del prezzo corrisposto e degli eventuali oneri accessori sostenuti.<br \/>\n9.4. Il Fornitore non assume alcuna responsabilit\u00e0 per l\u2019eventuale uso fraudolento e illecito che possa essere fatto da parte di terzi, delle carte di credito, assegni e altri mezzi di pagamento, per il pagamento dei prodotti acquistati, qualora dimostri di aver adottato tutte le cautele possibili in base alla miglior scienza ed esperienza del momento e in base all\u2019ordinaria diligenza.<br \/>\n9.5. In nessun caso l\u2019Acquirente potr\u00e0 essere ritenuto responsabile per ritardi o disguidi nel pagamento qualora dimostri di aver eseguito il pagamento stesso nei tempi e modi indicati dal Fornitore.<\/p>\n<h3>Obblighi dell\u2019Acquirente<\/h3>\n<p>12.1. L\u2019Acquirente si impegna a pagare il prezzo del bene acquistato nei tempi e modi indicati dal contratto.<br \/>\n12.2. L\u2019Acquirente si impegna, una volta conclusa la procedura d\u2019acquisto on line, a provvedere alla stampa e alla conservazione del presente contratto.<br \/>\n12.3. Le informazioni contenute in questo contratto sono state, peraltro, gi\u00e0 visionate e accettate dall\u2019Acquirente, che ne d\u00e0 atto, in quanto questo passaggio viene reso obbligatorio prima della conferma di acquisto.<\/p>\n<h3>Diritto di recesso<\/h3>\n<p>13.1. L\u2019Acquirente ha in ogni caso il diritto di recedere dal contratto stipulato, senza alcuna penalit\u00e0 e senza specificarne il motivo, entro il termine di 14 (quattordici) giorni lavorativi, decorrente dal giorno del ricevimento del bene acquistato.<br \/>\n13.2. Nel caso in cui il professionista non abbia soddisfatto gli obblighi di informazione su esistenza, modalit\u00e0 e tempi di restituzione o di ritiro del bene in caso di esercizio del diritto di recesso di cui all\u2019art. 52 del Codice del consumo, il termine per l\u2019esercizio del diritto di recesso \u00e8 di 12 (dodici) mesi decorrenti dalla fine del periodo di recesso iniziale e decorre dal giorno del ricevimento dei beni da parte del Consumatore.<br \/>\n13.3. Nel caso l\u2019Acquirente decida di avvalersi del diritto di recesso, deve darne comunicazione al Venditore a mezzo di raccomandata A.R. all\u2019indirizzo Via Lambrecht 30<br \/>\n39057 Appiano sulla Strada del Vino (BZ) o tramite posta elettronica all\u2019e-mail info@curtes.eu.<br \/>\nAi fini dell\u2019esercizio del diritto di recesso l\u2019invio della comunicazione potr\u00e0 validamente essere sostituito dalla restituzione del bene acquistato, purch\u00e9 nei medesimi termini. Far\u00e0 fede tra le Parti la data di consegna all\u2019ufficio postale o allo spedizioniere.<br \/>\n13.4. La riconsegna del bene dovr\u00e0 comunque avvenire al pi\u00f9 tardi entro 30 (trenta) giorni dalla data di ricevimento del bene stesso. In ogni caso, per aversi diritto al rimborso pieno del prezzo pagato, il bene dovr\u00e0 essere restituito integro e, comunque, in normale stato di conservazione.<br \/>\n13.5. L\u2019Acquirente non pu\u00f2 esercitare tale diritto di recesso per i contratti di acquisto di prodotti audiovisivi o di software informatici sigillati, che sono stati dal medesimo aperti, nonch\u00e9 beni confezionati su misura o chiaramente personalizzati o che, per loro natura, non possono essere rispediti o rischiano di deteriorarsi o alterarsi rapidamente, di fornitura di giornali, periodici e riviste, nonch\u00e9 beni il cui prezzo \u00e8 legato a fluttuazioni dei tassi del mercato finanziario che il professionista non \u00e8 in grado di controllare e in ogni altro caso previsto dall\u2019art. 55 del Codice del consumo.<br \/>\n13.6. Le sole spese dovute dal Consumatore per l\u2019esercizio del diritto di recesso a norma del presente articolo sono le spese dirette di restituzione del bene al Fornitore, salvo che il Fornitore non accetti di accollarsele.<br \/>\n13.7. Il Fornitore provveder\u00e0 gratuitamente al rimborso dell\u2019intero importo versato dall\u2019Acquirente entro il termine di 30 (trenta) giorni dal ricevimento della comunicazione di recesso.<br \/>\n13.8. Con la ricezione della comunicazione con la quale l\u2019Acquirente comunica l\u2019esercizio del diritto di recesso, le Parti del presente contratto sono sciolte dai reciproci obblighi, fatto salvo quanto previsto ai precedenti punti del presente articolo.<\/p>\n<h3>Cause di risoluzione<\/h3>\n<p>14.1. Le obbligazioni di cui al punto 12.1, assunte dall\u2019Acquirente, nonch\u00e9 la garanzia del buon fine del pagamento che l\u2019Acquirente effettua con i mezzi di cui al punto 5.1, e altres\u00ec l\u2019esatto adempimento degli obblighi assunti dal Fornitore al punto 6, hanno carattere essenziale, cosicch\u00e9, per patto espresso, l\u2019inadempimento di una soltanto di dette obbligazioni, ove non determinata da caso fortuito o forza maggiore, comporter\u00e0 la risoluzione di diritto del contratto ex art. 1456 c.c., senza necessit\u00e0 di pronuncia giudiziale.<\/p>\n<h3>Tutela della riservatezza e trattamento dei dati dell\u2019Acquirente<\/h3>\n<p>15.1. Il Fornitore tutela la privacy dei propri clienti e garantisce che il trattamento dei dati \u00e8 conforme a quanto previsto dalla normativa sulla privacy di cui al d.lgs. 30 giugno 2003, n. 1961.<br \/>\n15.2. I dati personali anagrafici e fiscali acquisiti direttamente e\/o tramite terzi dal Fornitore Curtes Sas, titolare del trattamento, vengono raccolti e trattati in forma cartacea, informatica, telematica, in relazione alle modalit\u00e0 di trattamento con la finalit\u00e0 di registrare l\u2019ordine e attivare nei suoi confronti le procedure per l\u2019esecuzione del presente contratto e le relative necessarie comunicazioni, oltre all\u2019adempimento degli eventuali obblighi di legge, nonch\u00e9 per consentire un\u2019efficace gestione dei rapporti commerciali nella misura necessaria per espletare al meglio il servizio richiesto (art. 24, comma 1, lett. b, d.lgs. 196\/2003)2.<br \/>\n15.3. Il Fornitore si obbliga a trattare con riservatezza i dati e le informazioni trasmessi dall\u2019Acquirente e di non rivelarli a persone non autorizzate, n\u00e9 a usarli per scopi diversi da quelli per i quali sono stati raccolti o a trasmetterli a terze parti. Tali dati potranno essere esibiti soltanto su richiesta dell\u2019Autorit\u00e0 giudiziaria ovvero di altre autorit\u00e0 per legge autorizzate.<br \/>\n15.4. I dati personali saranno comunicati, previa sottoscrizione di un impegno di riservatezza dei dati stessi, solo a soggetti delegati all\u2019espletamento delle attivit\u00e0 necessarie per l\u2019esecuzione del contratto stipulato e comunicati esclusivamente nell\u2019ambito di tale finalit\u00e0.<br \/>\n15.5. L\u2019Acquirente gode dei diritti di cui all\u2019art. 7 del d.lgs. 196\/2003, e cio\u00e8 del diritto di ottenere:<br \/>\na) l\u2019aggiornamento, la rettificazione ovvero, quando vi ha interesse, l\u2019integrazione dei dati;<br \/>\nb) la cancellazione, la trasformazione in forma anonima o il blocco dei dati trattati in violazione di legge, compresi quelli di cui non \u00e8 necessaria la conservazione in relazione agli scopi per i quali i dati sono stati raccolti o successivamente trattati;<br \/>\nc) l\u2019attestazione che le operazioni di cui alle lettere a) e b) sono state portate a conoscenza, anche per quanto riguarda il loro contenuto, di coloro ai quali i dati sono stati comunicati o diffusi, eccettuato il caso in cui tale adempimento si rivela impossibile o comporta un impiego di mezzi manifestamente sproporzionato rispetto al diritto tutelato. L\u2019interessato ha inoltre il diritto di opporsi, in tutto o in parte: i) per motivi legittimi al trattamento dei dati personali che lo riguardano, ancorch\u00e9 pertinenti allo scopo della raccolta; ii) al trattamento di dati personali che lo riguardano a fini di invio di materiale pubblicitario o di vendita diretta o per il compimento di ricerche di mercato o di comunicazione commerciale.<br \/>\n15.6. La comunicazione dei propri dati personali da parte dell\u2019Acquirente \u00e8 condizione necessaria per la corretta e tempestiva esecuzione del presente contratto. In difetto, non potr\u00e0 essere dato corso alla domanda dell\u2019Acquirente stesso.<br \/>\n15.7. In ogni caso, i dati acquisiti saranno conservati per un periodo di tempo non superiore a quello necessario agli scopi per i quali sono stati raccolti o successivamente trattati. La loro rimozione avverr\u00e0 comunque in maniera sicura.<br \/>\n15.8. Titolare della raccolta e del trattamento dei dati personali \u00e8 il Fornitore, al quale l\u2019Acquirente potr\u00e0 indirizzare, presso la sede aziendale, ogni richiesta.<br \/>\n15.9. Tutto quanto dovesse pervenire all\u2019indirizzo di posta (anche elettronica) del Centro (richieste, suggerimenti, idee, informazioni, materiali ecc.) non sar\u00e0 considerato informazione o dato di natura confidenziale, non dovr\u00e0 violare diritti altrui e dovr\u00e0 contenere informazioni valide, non lesive di diritti altrui e veritiere, in ogni caso non potr\u00e0 essere attribuita al Centro responsabilit\u00e0 alcuna sul contenuto dei messaggi stessi.<\/p>\n<h3>Modalit\u00e0 di archiviazione del contratto<\/h3>\n<p>16.1. Ai sensi dell\u2019art. 12 del d.lgs. 70\/2003, il Fornitore informa l\u2019Acquirente che ogni ordine inviato viene conservato in forma digitale\/cartacea sul server\/presso la sede del Fornitore stesso secondo criteri di riservatezza e sicurezza.<\/p>\n<h3>Comunicazioni e reclami<\/h3>\n<p>17.1. Le comunicazioni scritte dirette al Fornitore e gli eventuali reclami saranno ritenuti validi unicamente ove inviati al seguente indirizzo: Via Lambrecht 30<br \/>\n39057 Appiano sulla Strada del Vino (BZ), oppure inviati tramite e-mail al seguente indirizzo info@curtes.eu. L\u2019Acquirente indica nel modulo di registrazione la propria residenza o domicilio, il numero telefonico o l\u2019indirizzo di posta elettronica al quale desidera siano inviate le comunicazioni del Fornitore.<\/p>\n<h3>Composizione delle controversie<\/h3>\n<p>18.1. Tutte le controversie nascenti dal presente contratto verranno deferite alla Camera di Commercio di Bolzano e risolte secondo il Regolamento di conciliazione dalla stessa adottato.<br \/>\n18.2. Qualora le Parti intendano adire l\u2019Autorit\u00e0 giudiziaria ordinaria, il Foro competente \u00e8 quello di Bolzano, inderogabile ai sensi dell\u2019art. 33, comma 2, lett. u) del d.lgs. 206\/2005.<\/p>\n<h3>Legge applicabile e rinvio<\/h3>\n<p>19.1. Il presente contratto \u00e8 regolato dalla legge italiana.<br \/>\n19.2. Per quanto qui non espressamente disposto, valgono le norme di legge applicabili ai rapporti e alle fattispecie previste nel presente contratto, e in particolar modo l\u2019art. 5 della Convenzione di Roma del 1980.<br \/>\n19.3. Ai sensi dell\u2019art. 60 del d.lgs. 206\/2005, viene qui espressamente richiamata la disciplina contenuta nella Parte III, Titolo III, Capo I del d.lgs. 206\/2005.<\/p>\n<h3>Clausola finale<\/h3>\n<p>Il presente contratto abroga e sostituisce ogni accordo, intesa, negoziazione, scritto od orale, intervenuto in precedenza tra le Parti e concernente l\u2019oggetto di questo contratto.<\/p>\n","protected":false},"excerpt":{"rendered":"<p>Identificazione del Fornitore I beni oggetto delle presenti condizioni generali sono posti in vendita dalla Curtes Sas, Via Lambrecht 30 39057 Appiano sulla Strada del Vino (BZ) iscritta presso la&#8230;<\/p>\n","protected":false},"author":1,"featured_media":0,"parent":0,"menu_order":0,"comment_status":"closed","ping_status":"closed","template":"","meta":{"footnotes":""},"class_list":["post-11915","page","type-page","status-publish","hentry"],"aioseo_notices":[],"_links":{"self":[{"href":"https:\/\/www.epicskitour.com\/en\/wp-json\/wp\/v2\/pages\/11915"}],"collection":[{"href":"https:\/\/www.epicskitour.com\/en\/wp-json\/wp\/v2\/pages"}],"about":[{"href":"https:\/\/www.epicskitour.com\/en\/wp-json\/wp\/v2\/types\/page"}],"author":[{"embeddable":true,"href":"https:\/\/www.epicskitour.com\/en\/wp-json\/wp\/v2\/users\/1"}],"replies":[{"embeddable":true,"href":"https:\/\/www.epicskitour.com\/en\/wp-json\/wp\/v2\/comments?post=11915"}],"version-history":[{"count":0,"href":"https:\/\/www.epicskitour.com\/en\/wp-json\/wp\/v2\/pages\/11915\/revisions"}],"wp:attachment":[{"href":"https:\/\/www.epicskitour.com\/en\/wp-json\/wp\/v2\/media?parent=11915"}],"curies":[{"name":"wp","href":"https:\/\/api.w.org\/{rel}","templated":true}]}}